{"id":80,"date":"2018-07-16T21:51:00","date_gmt":"2018-07-16T20:51:00","guid":{"rendered":"http:\/\/195.199.208.92\/?page_id=80"},"modified":"2026-04-06T07:37:15","modified_gmt":"2026-04-06T05:37:15","slug":"turak","status":"publish","type":"page","link":"https:\/\/ferencesgimnazium.hu\/index.php\/turak\/","title":{"rendered":"Kir\u00e1ndul\u00e1sok, t\u00far\u00e1k"},"content":{"rendered":"<p><a href=\"https:\/\/ferencesgimnazium.hu\/wp-content\/uploads\/2021\/02\/Ferences_Term\u00e9szetj\u00e1r\u00f3_Klub.png\"><img loading=\"lazy\" decoding=\"async\" class=\"aligncenter wp-image-2880\" src=\"https:\/\/ferencesgimnazium.hu\/wp-content\/uploads\/2021\/02\/Ferences_Term\u00e9szetj\u00e1r\u00f3_Klub-300x225.png\" alt=\"\" width=\"750\" height=\"563\" srcset=\"https:\/\/ferencesgimnazium.hu\/wp-content\/uploads\/2021\/02\/Ferences_Term\u00e9szetj\u00e1r\u00f3_Klub-300x225.png 300w, https:\/\/ferencesgimnazium.hu\/wp-content\/uploads\/2021\/02\/Ferences_Term\u00e9szetj\u00e1r\u00f3_Klub-1024x768.png 1024w, https:\/\/ferencesgimnazium.hu\/wp-content\/uploads\/2021\/02\/Ferences_Term\u00e9szetj\u00e1r\u00f3_Klub-768x576.png 768w, https:\/\/ferencesgimnazium.hu\/wp-content\/uploads\/2021\/02\/Ferences_Term\u00e9szetj\u00e1r\u00f3_Klub-830x623.png 830w, https:\/\/ferencesgimnazium.hu\/wp-content\/uploads\/2021\/02\/Ferences_Term\u00e9szetj\u00e1r\u00f3_Klub-230x173.png 230w, https:\/\/ferencesgimnazium.hu\/wp-content\/uploads\/2021\/02\/Ferences_Term\u00e9szetj\u00e1r\u00f3_Klub-350x263.png 350w, https:\/\/ferencesgimnazium.hu\/wp-content\/uploads\/2021\/02\/Ferences_Term\u00e9szetj\u00e1r\u00f3_Klub-480x360.png 480w, https:\/\/ferencesgimnazium.hu\/wp-content\/uploads\/2021\/02\/Ferences_Term\u00e9szetj\u00e1r\u00f3_Klub.png 1400w\" sizes=\"auto, (max-width: 750px) 100vw, 750px\" \/><\/a><\/p>\n<p>&nbsp;<\/p>\n<p style=\"text-align: center;\"><em><span style=\"font-size: 14pt;\">A r\u00e9szletes program \u00e9s t\u00e1j\u00e9koztat\u00f3 a k\u00e9pekre kattintva megtekinthet\u0151!<\/span><\/em><\/p>\n<p style=\"text-align: center;\"><strong><a href=\"https:\/\/drive.google.com\/file\/d\/1FAD5-KpoCZe1btn_yj7sokRXykI6QziX\/view?usp=share_link\" target=\"_blank\" rel=\"noopener noreferrer\"><span style=\"font-size: 18pt;\">Aj\u00e1nlott felszerel\u00e9s h\u00e1tizs\u00e1kos, hegyi t\u00far\u00e1kra (klikk ide)<\/span><\/a><\/strong><\/p>\n<div style=\"text-align: center;\">&nbsp;<\/div>\n<div style=\"text-align: center;\">&nbsp;<\/div>\n<div style=\"text-align: center;\">&nbsp;<\/div>\n<div><a href=\"https:\/\/drive.google.com\/file\/d\/1ZCRwjaPZ1D0ALn7AC6u4o8EwTnC6yl3K\/view?usp=sharing\"><img loading=\"lazy\" decoding=\"async\" class=\"aligncenter wp-image-4256\" src=\"https:\/\/ferencesgimnazium.hu\/wp-content\/uploads\/2025\/10\/Nagy_Kapella-300x198.png\" alt=\"\" width=\"750\" height=\"495\" srcset=\"https:\/\/ferencesgimnazium.hu\/wp-content\/uploads\/2025\/10\/Nagy_Kapella-300x198.png 300w, https:\/\/ferencesgimnazium.hu\/wp-content\/uploads\/2025\/10\/Nagy_Kapella-768x506.png 768w, https:\/\/ferencesgimnazium.hu\/wp-content\/uploads\/2025\/10\/Nagy_Kapella-230x152.png 230w, https:\/\/ferencesgimnazium.hu\/wp-content\/uploads\/2025\/10\/Nagy_Kapella-350x231.png 350w, https:\/\/ferencesgimnazium.hu\/wp-content\/uploads\/2025\/10\/Nagy_Kapella-480x317.png 480w, https:\/\/ferencesgimnazium.hu\/wp-content\/uploads\/2025\/10\/Nagy_Kapella.png 966w\" sizes=\"auto, (max-width: 750px) 100vw, 750px\" \/><\/a><\/div>\n<div style=\"text-align: center;\"><em data-renderer-mark=\"true\"><strong data-renderer-mark=\"true\">Megtelt, de vezet\u00fcnk v\u00e1r\u00f3list\u00e1t!<\/strong><\/em><\/div>\n<div style=\"text-align: center;\">&nbsp;<\/div>\n<div><a href=\"https:\/\/drive.google.com\/file\/d\/1JXHTS-_ZPJ9ZAuN_UoXPP1TEnC-kpXkL\/view?usp=sharing\"><img loading=\"lazy\" decoding=\"async\" class=\"aligncenter wp-image-4271\" src=\"https:\/\/ferencesgimnazium.hu\/wp-content\/uploads\/2025\/10\/Turnitzer-1-300x157.png\" alt=\"\" width=\"750\" height=\"393\" srcset=\"https:\/\/ferencesgimnazium.hu\/wp-content\/uploads\/2025\/10\/Turnitzer-1-300x157.png 300w, https:\/\/ferencesgimnazium.hu\/wp-content\/uploads\/2025\/10\/Turnitzer-1-768x402.png 768w, https:\/\/ferencesgimnazium.hu\/wp-content\/uploads\/2025\/10\/Turnitzer-1-230x120.png 230w, https:\/\/ferencesgimnazium.hu\/wp-content\/uploads\/2025\/10\/Turnitzer-1-350x183.png 350w, https:\/\/ferencesgimnazium.hu\/wp-content\/uploads\/2025\/10\/Turnitzer-1-480x251.png 480w, https:\/\/ferencesgimnazium.hu\/wp-content\/uploads\/2025\/10\/Turnitzer-1.png 966w\" sizes=\"auto, (max-width: 750px) 100vw, 750px\" \/><\/a><\/div>\n<div style=\"text-align: center;\"><em><strong>2 hely maradt!<\/strong><\/em><\/div>\n<div style=\"text-align: center;\">&nbsp;<\/div>\n<div><a href=\"https:\/\/drive.google.com\/file\/d\/15qLgGJD7s6OoEiN5V4xfvJopxXyuyANt\/view?usp=sharing\"><img loading=\"lazy\" decoding=\"async\" class=\"aligncenter wp-image-4331\" src=\"https:\/\/ferencesgimnazium.hu\/wp-content\/uploads\/2025\/11\/muranyi-fennsik-300x162.png\" alt=\"\" width=\"750\" height=\"405\" srcset=\"https:\/\/ferencesgimnazium.hu\/wp-content\/uploads\/2025\/11\/muranyi-fennsik-300x162.png 300w, https:\/\/ferencesgimnazium.hu\/wp-content\/uploads\/2025\/11\/muranyi-fennsik-768x414.png 768w, https:\/\/ferencesgimnazium.hu\/wp-content\/uploads\/2025\/11\/muranyi-fennsik-230x124.png 230w, https:\/\/ferencesgimnazium.hu\/wp-content\/uploads\/2025\/11\/muranyi-fennsik-350x189.png 350w, https:\/\/ferencesgimnazium.hu\/wp-content\/uploads\/2025\/11\/muranyi-fennsik-480x259.png 480w, https:\/\/ferencesgimnazium.hu\/wp-content\/uploads\/2025\/11\/muranyi-fennsik.png 960w\" sizes=\"auto, (max-width: 750px) 100vw, 750px\" \/><\/a><\/div>\n<div style=\"text-align: center;\"><em><strong>4 hely maradt!<\/strong><\/em><\/div>\n<div style=\"text-align: center;\">&nbsp;<\/div>\n<div><a href=\"https:\/\/drive.google.com\/file\/d\/1BIKZIrWejvCOHbtEUULW4qKK59LOoIoz\/view?usp=sharing\"><img loading=\"lazy\" decoding=\"async\" class=\"aligncenter wp-image-4255\" src=\"https:\/\/ferencesgimnazium.hu\/wp-content\/uploads\/2025\/10\/Kalinyasza-300x183.png\" alt=\"\" width=\"750\" height=\"459\" srcset=\"https:\/\/ferencesgimnazium.hu\/wp-content\/uploads\/2025\/10\/Kalinyasza-300x183.png 300w, https:\/\/ferencesgimnazium.hu\/wp-content\/uploads\/2025\/10\/Kalinyasza-768x470.png 768w, https:\/\/ferencesgimnazium.hu\/wp-content\/uploads\/2025\/10\/Kalinyasza-230x141.png 230w, https:\/\/ferencesgimnazium.hu\/wp-content\/uploads\/2025\/10\/Kalinyasza-350x214.png 350w, https:\/\/ferencesgimnazium.hu\/wp-content\/uploads\/2025\/10\/Kalinyasza-480x293.png 480w, https:\/\/ferencesgimnazium.hu\/wp-content\/uploads\/2025\/10\/Kalinyasza.png 965w\" sizes=\"auto, (max-width: 750px) 100vw, 750px\" \/><\/a><\/div>\n<div style=\"text-align: center;\"><em data-renderer-mark=\"true\"><strong data-renderer-mark=\"true\">Megtelt, de vezet\u00fcnk v\u00e1r\u00f3list\u00e1t!<\/strong><\/em><\/div>\n<div style=\"text-align: center;\">&nbsp;<\/div>\n<div><a href=\"https:\/\/drive.google.com\/file\/d\/1_vdUj_uYIn9zKo0WOjUeKm3HKqQ3LzGr\/view?usp=sharing\"><img loading=\"lazy\" decoding=\"async\" class=\"aligncenter wp-image-4513\" src=\"https:\/\/ferencesgimnazium.hu\/wp-content\/uploads\/2026\/03\/Rakytov-300x201.png\" alt=\"\" width=\"750\" height=\"501\" srcset=\"https:\/\/ferencesgimnazium.hu\/wp-content\/uploads\/2026\/03\/Rakytov-300x201.png 300w, https:\/\/ferencesgimnazium.hu\/wp-content\/uploads\/2026\/03\/Rakytov-768x513.png 768w, https:\/\/ferencesgimnazium.hu\/wp-content\/uploads\/2026\/03\/Rakytov-230x154.png 230w, https:\/\/ferencesgimnazium.hu\/wp-content\/uploads\/2026\/03\/Rakytov-350x234.png 350w, https:\/\/ferencesgimnazium.hu\/wp-content\/uploads\/2026\/03\/Rakytov-480x321.png 480w, https:\/\/ferencesgimnazium.hu\/wp-content\/uploads\/2026\/03\/Rakytov.png 968w\" sizes=\"auto, (max-width: 750px) 100vw, 750px\" \/><\/a><\/div>\n<div style=\"text-align: center;\"><em><strong>1 hely maradt!<\/strong><\/em><\/div>\n<div style=\"text-align: center;\">&nbsp;<\/div>\n<div><a href=\"https:\/\/drive.google.com\/file\/d\/1Qcziz-FP-HPt33jpZi6bPKqclYbR_Sbl\/view?usp=sharing\"><img loading=\"lazy\" decoding=\"async\" class=\"aligncenter wp-image-4336\" src=\"https:\/\/ferencesgimnazium.hu\/wp-content\/uploads\/2025\/11\/Dalmacia-bivak-300x210.png\" alt=\"\" width=\"750\" height=\"526\" srcset=\"https:\/\/ferencesgimnazium.hu\/wp-content\/uploads\/2025\/11\/Dalmacia-bivak-300x210.png 300w, https:\/\/ferencesgimnazium.hu\/wp-content\/uploads\/2025\/11\/Dalmacia-bivak-1024x718.png 1024w, https:\/\/ferencesgimnazium.hu\/wp-content\/uploads\/2025\/11\/Dalmacia-bivak-768x539.png 768w, https:\/\/ferencesgimnazium.hu\/wp-content\/uploads\/2025\/11\/Dalmacia-bivak-1000x701.png 1000w, https:\/\/ferencesgimnazium.hu\/wp-content\/uploads\/2025\/11\/Dalmacia-bivak-230x161.png 230w, https:\/\/ferencesgimnazium.hu\/wp-content\/uploads\/2025\/11\/Dalmacia-bivak-350x245.png 350w, https:\/\/ferencesgimnazium.hu\/wp-content\/uploads\/2025\/11\/Dalmacia-bivak-480x337.png 480w, https:\/\/ferencesgimnazium.hu\/wp-content\/uploads\/2025\/11\/Dalmacia-bivak.png 1065w\" sizes=\"auto, (max-width: 750px) 100vw, 750px\" \/><\/a><\/div>\n<div style=\"text-align: center;\"><em data-renderer-mark=\"true\"><strong data-renderer-mark=\"true\">Megtelt, de vezet\u00fcnk v\u00e1r\u00f3list\u00e1t!<\/strong><\/em><\/div>\n<div style=\"text-align: center;\">&nbsp;<\/div>\n<div><a href=\"https:\/\/drive.google.com\/file\/d\/1fm5csO7T_E9xAS21p4Ex0kV7NYuSSpzr\/view?usp=sharing\"><img loading=\"lazy\" decoding=\"async\" class=\"aligncenter wp-image-4335\" src=\"https:\/\/ferencesgimnazium.hu\/wp-content\/uploads\/2025\/11\/Bulgaria-300x229.png\" alt=\"\" width=\"750\" height=\"572\" srcset=\"https:\/\/ferencesgimnazium.hu\/wp-content\/uploads\/2025\/11\/Bulgaria-300x229.png 300w, https:\/\/ferencesgimnazium.hu\/wp-content\/uploads\/2025\/11\/Bulgaria-768x586.png 768w, https:\/\/ferencesgimnazium.hu\/wp-content\/uploads\/2025\/11\/Bulgaria-230x176.png 230w, https:\/\/ferencesgimnazium.hu\/wp-content\/uploads\/2025\/11\/Bulgaria-350x267.png 350w, https:\/\/ferencesgimnazium.hu\/wp-content\/uploads\/2025\/11\/Bulgaria-480x366.png 480w, https:\/\/ferencesgimnazium.hu\/wp-content\/uploads\/2025\/11\/Bulgaria.png 967w\" sizes=\"auto, (max-width: 750px) 100vw, 750px\" \/><\/a><\/div>\n<div style=\"text-align: center;\"><em data-renderer-mark=\"true\"><strong data-renderer-mark=\"true\">1 hely maradt!<\/strong><\/em><\/div>\n<div style=\"text-align: center;\">&nbsp;<\/div>\n<div><a href=\"https:\/\/drive.google.com\/file\/d\/1Fc0BJhwYy-Fn-O7CAvdWASde4wEi8JNP\/view?usp=sharing\"><img loading=\"lazy\" decoding=\"async\" class=\"aligncenter wp-image-4339\" src=\"https:\/\/ferencesgimnazium.hu\/wp-content\/uploads\/2025\/11\/Svedorszag-300x178.png\" alt=\"\" width=\"750\" height=\"444\" srcset=\"https:\/\/ferencesgimnazium.hu\/wp-content\/uploads\/2025\/11\/Svedorszag-300x178.png 300w, https:\/\/ferencesgimnazium.hu\/wp-content\/uploads\/2025\/11\/Svedorszag-768x455.png 768w, https:\/\/ferencesgimnazium.hu\/wp-content\/uploads\/2025\/11\/Svedorszag-230x136.png 230w, https:\/\/ferencesgimnazium.hu\/wp-content\/uploads\/2025\/11\/Svedorszag-350x207.png 350w, https:\/\/ferencesgimnazium.hu\/wp-content\/uploads\/2025\/11\/Svedorszag-480x284.png 480w, https:\/\/ferencesgimnazium.hu\/wp-content\/uploads\/2025\/11\/Svedorszag.png 966w\" sizes=\"auto, (max-width: 750px) 100vw, 750px\" \/><\/a><\/div>\n<div style=\"text-align: center;\"><em data-renderer-mark=\"true\"><strong data-renderer-mark=\"true\">Megtelt, de vezet\u00fcnk v\u00e1r\u00f3list\u00e1t!<\/strong><\/em><\/div>\n<div style=\"text-align: center;\">&nbsp;<\/div>\n<div><a href=\"https:\/\/drive.google.com\/file\/d\/1UuDIrM9uDBs0zUfJiUOZsqqWzVeLqUYv\/view?usp=sharing\"><img loading=\"lazy\" decoding=\"async\" class=\"aligncenter wp-image-4340\" src=\"https:\/\/ferencesgimnazium.hu\/wp-content\/uploads\/2025\/11\/Szebeni-havasok-300x213.png\" alt=\"\" width=\"750\" height=\"533\" srcset=\"https:\/\/ferencesgimnazium.hu\/wp-content\/uploads\/2025\/11\/Szebeni-havasok-300x213.png 300w, https:\/\/ferencesgimnazium.hu\/wp-content\/uploads\/2025\/11\/Szebeni-havasok-768x546.png 768w, https:\/\/ferencesgimnazium.hu\/wp-content\/uploads\/2025\/11\/Szebeni-havasok-230x163.png 230w, https:\/\/ferencesgimnazium.hu\/wp-content\/uploads\/2025\/11\/Szebeni-havasok-350x249.png 350w, https:\/\/ferencesgimnazium.hu\/wp-content\/uploads\/2025\/11\/Szebeni-havasok-480x341.png 480w, https:\/\/ferencesgimnazium.hu\/wp-content\/uploads\/2025\/11\/Szebeni-havasok.png 960w\" sizes=\"auto, (max-width: 750px) 100vw, 750px\" \/><\/a><\/div>\n<div style=\"text-align: center;\"><em><strong>2 hely maradt!<\/strong><\/em><\/div>\n<div style=\"text-align: center;\">&nbsp;<\/div>\n<div><a href=\"https:\/\/drive.google.com\/file\/d\/1sFPsrmibX3wARn1blZQ_lokgOrQy9yu5\/view?usp=sharing\"><img loading=\"lazy\" decoding=\"async\" class=\"aligncenter wp-image-4337\" src=\"https:\/\/ferencesgimnazium.hu\/wp-content\/uploads\/2025\/11\/Kiralyko-Bucsecs-300x215.png\" alt=\"\" width=\"750\" height=\"537\" srcset=\"https:\/\/ferencesgimnazium.hu\/wp-content\/uploads\/2025\/11\/Kiralyko-Bucsecs-300x215.png 300w, https:\/\/ferencesgimnazium.hu\/wp-content\/uploads\/2025\/11\/Kiralyko-Bucsecs-768x550.png 768w, https:\/\/ferencesgimnazium.hu\/wp-content\/uploads\/2025\/11\/Kiralyko-Bucsecs-230x165.png 230w, https:\/\/ferencesgimnazium.hu\/wp-content\/uploads\/2025\/11\/Kiralyko-Bucsecs-350x251.png 350w, https:\/\/ferencesgimnazium.hu\/wp-content\/uploads\/2025\/11\/Kiralyko-Bucsecs-480x344.png 480w, https:\/\/ferencesgimnazium.hu\/wp-content\/uploads\/2025\/11\/Kiralyko-Bucsecs.png 957w\" sizes=\"auto, (max-width: 750px) 100vw, 750px\" \/><\/a><\/div>\n<div style=\"text-align: center;\"><em data-renderer-mark=\"true\"><strong data-renderer-mark=\"true\">Megtelt, de vezet\u00fcnk v\u00e1r\u00f3list\u00e1t!<\/strong><\/em><\/div>\n<div style=\"text-align: center;\">&nbsp;<\/div>\n<div><a href=\"https:\/\/drive.google.com\/file\/d\/16gKHlrivaB9QagwdaUXI4OBuFx3a-mPd\/view?usp=sharing\"><img loading=\"lazy\" decoding=\"async\" class=\"aligncenter wp-image-4338\" src=\"https:\/\/ferencesgimnazium.hu\/wp-content\/uploads\/2025\/11\/Montenegro-300x209.png\" alt=\"\" width=\"750\" height=\"522\" srcset=\"https:\/\/ferencesgimnazium.hu\/wp-content\/uploads\/2025\/11\/Montenegro-300x209.png 300w, https:\/\/ferencesgimnazium.hu\/wp-content\/uploads\/2025\/11\/Montenegro-768x535.png 768w, https:\/\/ferencesgimnazium.hu\/wp-content\/uploads\/2025\/11\/Montenegro-230x160.png 230w, https:\/\/ferencesgimnazium.hu\/wp-content\/uploads\/2025\/11\/Montenegro-350x244.png 350w, https:\/\/ferencesgimnazium.hu\/wp-content\/uploads\/2025\/11\/Montenegro-480x334.png 480w, https:\/\/ferencesgimnazium.hu\/wp-content\/uploads\/2025\/11\/Montenegro.png 972w\" sizes=\"auto, (max-width: 750px) 100vw, 750px\" \/><\/a><\/div>\n<div style=\"text-align: center;\"><em><strong>Ez a program a 11.C oszt\u00e1lyt\u00e1bora.<\/strong><\/em><\/div>\n<div>&nbsp;<\/div>\n<div style=\"text-align: center;\">&nbsp;<\/div>\n<div style=\"text-align: center;\">&nbsp;<\/div>\n","protected":false},"excerpt":{"rendered":"<p>&nbsp; A r\u00e9szletes program \u00e9s t\u00e1j\u00e9koztat\u00f3 a k\u00e9pekre kattintva megtekinthet\u0151! Aj\u00e1nlott felszerel\u00e9s h\u00e1tizs\u00e1kos, hegyi t\u00far\u00e1kra (klikk ide) &nbsp; &nbsp; &nbsp; [&hellip;]<\/p>\n","protected":false},"author":2,"featured_media":0,"parent":0,"menu_order":0,"comment_status":"closed","ping_status":"closed","template":"","meta":{"ngg_post_thumbnail":0,"footnotes":""},"class_list":["post-80","page","type-page","status-publish","hentry"],"_links":{"self":[{"href":"https:\/\/ferencesgimnazium.hu\/index.php\/wp-json\/wp\/v2\/pages\/80","targetHints":{"allow":["GET"]}}],"collection":[{"href":"https:\/\/ferencesgimnazium.hu\/index.php\/wp-json\/wp\/v2\/pages"}],"about":[{"href":"https:\/\/ferencesgimnazium.hu\/index.php\/wp-json\/wp\/v2\/types\/page"}],"author":[{"embeddable":true,"href":"https:\/\/ferencesgimnazium.hu\/index.php\/wp-json\/wp\/v2\/users\/2"}],"replies":[{"embeddable":true,"href":"https:\/\/ferencesgimnazium.hu\/index.php\/wp-json\/wp\/v2\/comments?post=80"}],"version-history":[{"count":6,"href":"https:\/\/ferencesgimnazium.hu\/index.php\/wp-json\/wp\/v2\/pages\/80\/revisions"}],"predecessor-version":[{"id":4641,"href":"https:\/\/ferencesgimnazium.hu\/index.php\/wp-json\/wp\/v2\/pages\/80\/revisions\/4641"}],"wp:attachment":[{"href":"https:\/\/ferencesgimnazium.hu\/index.php\/wp-json\/wp\/v2\/media?parent=80"}],"curies":[{"name":"wp","href":"https:\/\/api.w.org\/{rel}","templated":true}]}}