{"id":3879,"date":"2024-06-18T14:39:57","date_gmt":"2024-06-18T12:39:57","guid":{"rendered":"https:\/\/ferencesgimnazium.hu\/?page_id=3879"},"modified":"2024-06-18T14:43:21","modified_gmt":"2024-06-18T12:43:21","slug":"diakvelemenyek","status":"publish","type":"page","link":"https:\/\/ferencesgimnazium.hu\/index.php\/diakvelemenyek\/","title":{"rendered":"Di\u00e1kv\u00e9lem\u00e9nyek"},"content":{"rendered":"<p style=\"text-align: center;\"><b>DI\u00c1KV\u00c9LEM\u00c9NYEK A TESZI-R\u0150L<\/b><\/p>\n<p style=\"text-align: center;\"><b>2023\/24-es tan\u00e9v<\/b><\/p>\n<p><b>A tan\u00e9v v\u00e9g\u00e9n l\u00e1tsz-e valamit m\u00e1sk\u00e9ppen?&nbsp;<\/b><\/p>\n<p><b><i>(azokat, akikhez j\u00e1rt\u00e1l; azokat, akik vel\u00fck az int\u00e9zm\u00e9nyben foglalkoznak; a magyarorsz\u00e1gi szoci\u00e1lis helyzetet, \u00f6nmagadat, stb.)<\/i><\/b><\/p>\n<ul>\n<li><span style=\"font-weight: 400;\">Igen, \u00e9n rosszabbnak \u00e9s kellemetlenebbnek gondoltam azt a munkak\u00f6rt, amit v\u00e9geznem kellett, de miut\u00e1n megtettem, r\u00e1j\u00f6ttem, hogy mennyire j\u00f3.<\/span><\/li>\n<li><span style=\"font-weight: 400;\">Az elej\u00e9n tartottam t\u0151l\u00fck, most m\u00e1r nem.<\/span><\/li>\n<li><span style=\"font-weight: 400;\">Nem kellett volna tartanom ett\u0151l a munk\u00e1t\u00f3l, mert v\u00e9g\u00fcl is \u00e9lvezhet\u0151 volt.<\/span><\/li>\n<li><span style=\"font-weight: 400;\">Nem \u00e9rzem magam a legk\u00f6z\u00f6ss\u00e9gibb embernek, de ha szeretettel \u00e9s tisztelettel mentem valahova, ott mindig j\u00f3l tudtam teljes\u00edteni.<\/span><\/li>\n<li><span style=\"font-weight: 400;\">Val\u00f3ban \u201e\u00e9rz\u00e9keny\u00edt\u201d ez a feladat, kicsit olyan, mint egy munkahely (ezt is bemutatja), de k\u00f6zben nem t\u00fal gyors temp\u00f3ban visz k\u00f6zelebb m\u00e1s emberekhez.<\/span><\/li>\n<li><span style=\"font-weight: 400;\">Hogy jobban bele tudok most m\u00e1r ebbe a tev\u00e9kenys\u00e9gebe fogni. Magabiztosabban, b\u00e1trabban.<\/span><\/li>\n<li><span style=\"font-weight: 400;\">Tal\u00e1n azt, hogy sz\u00e1momra nem neh\u00e9z feladattal seg\u00edtettem \u00e9s enn\u00e9l m\u00e9g t\u00f6bbet kaptam (kedvess\u00e9get, s\u00fctit, palacsint\u00e1t, h\u00e1l\u00e1t).<\/span><\/li>\n<li><span style=\"font-weight: 400;\">Azt, hogy seg\u00edteni nem egy munka, hanem egy j\u00f3 \u00e9rz\u00e9s.<\/span><\/li>\n<li><span style=\"font-weight: 400;\">T\u00f6bben j\u00f6ttek adakozni ann\u00e1l, amit v\u00e1rtam. Nagyon sz\u00edvmelenget\u0151 volt.<\/span><\/li>\n<li><span style=\"font-weight: 400;\">Mennyire fontosak az \u00f6nk\u00e9ntesek, mekkora sz\u00fcks\u00e9g van azokra, akik ezt napi rendszeres\u00e9ggel csin\u00e1lj\u00e1k.<\/span><\/li>\n<li><span style=\"font-weight: 400;\">Azt, hogy m\u00e9g a TESZI-n k\u00edv\u00fcl is el fogok menni a Karit\u00e1sznak seg\u00edteni.<\/span><\/li>\n<li><span style=\"font-weight: 400;\">Valamennyire tiszt\u00e1ban voltam kor\u00e1bban is a k\u00f6r\u00fcl\u00f6ttem l\u00e9v\u0151 vil\u00e1ggal, de ez seg\u00edtett m\u00e9g jobban felnyitni a szemem \u00e9s \u00e9rt\u00e9kelni a helyzetem, \u00e9letem.<\/span><\/li>\n<li><span style=\"font-weight: 400;\">A szoci\u00e1lis helyzetet elk\u00e9peszt\u0151nek tartom abban az \u00e9rtelemben, hogy mennyi r\u00e1szorul\u00f3 van, \u00e9s milyen nyomor\u00fas\u00e1gos helyzetek, de mennyi int\u00e9zm\u00e9ny is, ami seg\u00edt\u0151 kezet ny\u00fajt.<\/span><\/li>\n<li><span style=\"font-weight: 400;\">L\u00e1tom, hogy a h\u00e1tr\u00e1nyosabb helyzetben l\u00e9v\u0151knek is lehet boldog \u00e9lete, \u00e9s hogy egy ilyen int\u00e9zm\u00e9ny \u00e1ltal nekik is ki tud alakulni egy j\u00f3 k\u00f6z\u00f6ss\u00e9g\u00fck, ahol j\u00f3l \u00e9rzik magukat.<\/span><\/li>\n<li><span style=\"font-weight: 400;\">\u00c9rt\u00e9keljem, amim van, mert vannak r\u00e9mesen rossz sors\u00fa, neh\u00e9z helyzet\u0171 gyerekek, t\u0151lem nem is olyan messze.<\/span><\/li>\n<li><span style=\"font-weight: 400;\">M\u00e1sk\u00e9ppen tekintek k\u00fcl\u00f6nb\u00f6z\u0151 kih\u00edv\u00e1sokra, a gyerekek helyzet\u00e9nek \u00e9s szem\u00e9lyis\u00e9g\u00e9nek megismer\u00e9s\u00e9nek k\u00f6sz\u00f6nhet\u0151en.<\/span><\/li>\n<li><span style=\"font-weight: 400;\">\u00c9rdekes volt hallani egy m\u00e1sik szoci\u00e1lis r\u00e9teget, hogy \u0151k hogy l\u00e1tj\u00e1k a vil\u00e1got. Szerintem \u00e9n is fejl\u0151dtem, \u00e9s m\u00e1r jobban tudok s\u00e9r\u00fclt gyerekekkel foglalkozni.<\/span><\/li>\n<li><span style=\"font-weight: 400;\">\u00c9n nem m\u00e1sk\u00e9ppen l\u00e1tom, hanem azt az \u00f6r\u00f6m\u00f6t tudtam \u00e1tadni gyerekeknek, amit r\u00e9gebben \u00e9n kaptam, \u00e9s \u00edgy r\u00e1j\u00f6ttem, hogy ennek mekkora \u00e9rt\u00e9ke van.<\/span><\/li>\n<li><span style=\"font-weight: 400;\">Az id\u0151sekkel val\u00f3 kommunik\u00e1ci\u00f3t m\u00e9g fontosabbnak l\u00e1tom.<\/span><\/li>\n<li><span style=\"font-weight: 400;\">Az id\u0151sek sokat tan\u00edtottak nekem legink\u00e1bb a r\u00e9gi vil\u00e1gr\u00f3l. Sok dolgot meg\u00e9rtettem, hogy mi\u00e9rt \u00fagy van most, ahogy van. Megl\u00e1ttam, hogy mennyire nem \u00e9rdekli a korm\u00e1nyt az id\u0151sek helyzete, ugyan\u00fagy, ahogy a fiatalok\u00e9 sem. Sok szomor\u00fa t\u00f6rt\u00e9net ut\u00e1n sokkal optimist\u00e1bban \u00e1llok a saj\u00e1t \u00e9letemhez.<\/span><\/li>\n<li><span style=\"font-weight: 400;\">Sokkal t\u00f6bb figyelemre van sz\u00fcks\u00e9ge az egyed\u00fcl maradt id\u0151seknek. Nagyon j\u00f3 hely, ami egy picit h\u00fazza \u0151ket a \u201eg\u00f6d\u00f6rb\u0151l\u201d.<\/span><\/li>\n<li><span style=\"font-weight: 400;\">Viszonylag el van hanyagolva az int\u00e9zm\u00e9ny, \u00e9s hogy mekkora kincs az eg\u00e9szs\u00e9g. Kev\u00e9s a lelkes \u00e9s kedves dolgoz\u00f3, akik nem \u00f6nk\u00e9ntesek lenn\u00e9nek.<\/span><\/li>\n<li><span style=\"font-weight: 400;\">Kicsit bele\u00e9ltem magamat a tan\u00e1ri szerepbe \u00e9s ez megihlet a tan\u00edt\u00e1shoz.<\/span><\/li>\n<li><span style=\"font-weight: 400;\">Szerintem buta gyerek nincs (eddig se l\u00e1ttam \u00edgy), mert m\u00e1r ebben biztos vagyok.<\/span><\/li>\n<li><span style=\"font-weight: 400;\">Jobban \u00e9szreveszem az embereken (f\u0151leg az als\u00f3s koroszt\u00e1lyon), ha valamilyen probl\u00e9m\u00e1juk van, vagy ha esetleg valamilyen ment\u00e1lis betegs\u00e9ggel \u00e9lnek.<\/span><\/li>\n<li><span style=\"font-weight: 400;\">Azt, hogy kicsit nehezebb a gyerekekkel lenni, mint ahogy azt gondoltam. De szerintem az\u00e9rt meg\u00e9ri.<\/span><\/li>\n<li><span style=\"font-weight: 400;\">Megtanultam, hogy az eg\u00e9szs\u00e9g\u00fcnket meg kell becs\u00fclni \u00e9s \u00e1polni, mert ha elvesz\u00edtj\u00fck, az senkinek sem k\u00f6nny\u0171.<\/span><\/li>\n<li><span style=\"font-weight: 400;\">Sz\u00e1momra mindig is fontos volt a t\u00e1nc, \u00edgy meglep\u0151 volt, hogy m\u00e1sok tudnak eg\u00e9sz boldog \u00e9letet \u00e9lni e n\u00e9lk\u00fcl is \u2192 sok dolog \u00e1t\u00e9rt\u00e9kel\u0151d\u00f6tt bennem.<\/span><\/li>\n<li><span style=\"font-weight: 400;\">\u00d6nmagamat. \u2013 Nagy \u00f6nismereti utat j\u00e1rtam be.<\/span><\/li>\n<li><span style=\"font-weight: 400;\">A di\u00e1kokat. \u2013 Megismerhettem egy t\u00fcnd\u00e9ri kis oszt\u00e1lyt.<\/span><\/li>\n<li><span style=\"font-weight: 400;\">A tan\u00edt\u00f3n\u0151ket \u00e9s benne egy j\u00f3 k\u00f6z\u00f6ss\u00e9get.<\/span><\/li>\n<li><span style=\"font-weight: 400;\">Tele van szeretettel a hely.<\/span><\/li>\n<\/ul>\n<p><b>Miben seg\u00edtett neked (ha seg\u00edtett) a szolg\u00e1lat?<\/b><\/p>\n<ul>\n<li><span style=\"font-weight: 400;\">Nekem egy nagyon j\u00f3 tapasztalat volt, \u00e9s a komfortz\u00f3n\u00e1mb\u00f3l kil\u00e9ptetett, amire sz\u00fcks\u00e9gem is volt, \u00e9s az \u00e9rt\u00e9krendemhez hozz\u00e1tett.<\/span><\/li>\n<li><span style=\"font-weight: 400;\">Seg\u00edtett kimozdulni a komfortz\u00f3n\u00e1b\u00f3l \u00e9s adott lehet\u0151s\u00e9get, hogy megtapasztalhassam, milyen j\u00f3 \u00e9rz\u00e9s, ha ilyen sokat jelentesz valakiknek.<\/span><\/li>\n<li><span style=\"font-weight: 400;\">N\u00f6velte az \u00f6n\u00e1ll\u00f3s\u00e1gomat, t\u00fcrelmesebb lettem.<\/span><\/li>\n<li><span style=\"font-weight: 400;\">J\u00f3val t\u00fcrelmesebb lettem, alkalmazkod\u00f3 \u00e9s kitart\u00f3bb. Felel\u0151ss\u00e9gemet tiszt\u00e1bban l\u00e1tom.<\/span><\/li>\n<li><span style=\"font-weight: 400;\">Mivel tudom \u00e9rt\u00e9kelni azt, amim van. Illetve \u00f6r\u00fcl\u00f6k, hogy tudtam m\u00e1sokon seg\u00edteni.<\/span><\/li>\n<li><span style=\"font-weight: 400;\">Jobban megbecs\u00fcl\u00f6m a saj\u00e1t j\u00f3 helyzetemet, \u00e9s jobban odafigyelek a r\u00e1szorul\u00f3kra.<\/span><\/li>\n<li><span style=\"font-weight: 400;\">L\u00e1ttam a rosszabb helyzeteket, \u00e9s alapdolgokat is megtanultam \u00e9rt\u00e9kelni.<\/span><\/li>\n<li><span style=\"font-weight: 400;\">Annak, hogy amikor ott voltam, el tudtam szakadni a telefont\u00f3l \u00e9s tudtam seg\u00edteni.<\/span><\/li>\n<li><span style=\"font-weight: 400;\">Kil\u00e9pni a sz\u00fcrke tanul\u00e1s k\u00e9nyszer\u00e9b\u0151l \u00e9s m\u00e1soknak seg\u00edteni.<\/span><\/li>\n<li><span style=\"font-weight: 400;\">Elfogad\u00f3bb lettem.<\/span><\/li>\n<li><span style=\"font-weight: 400;\">Abban, hogy \u00f6nsz\u00e1ntamb\u00f3l tev\u00e9kenykedjek m\u00e1sok\u00e9rt.<\/span><\/li>\n<li><span style=\"font-weight: 400;\">R\u00e1er\u0151s\u00edtett a k\u00f6z\u00f6ss\u00e9gi \u00e9nemre.<\/span><\/li>\n<li><span style=\"font-weight: 400;\">Seg\u00edtett jav\u00edtani a hozz\u00e1\u00e1ll\u00e1somon k\u00fcl\u00f6nb\u00f6z\u0151 dolgokhoz, emberekhez.<\/span><\/li>\n<li><span style=\"font-weight: 400;\">Megmutatta, hogy hol hogyan viselkedek \u00e9s hogy n\u00e9z ki egy ilyen int\u00e9zm\u00e9ny.<\/span><\/li>\n<li><span style=\"font-weight: 400;\">A kapcsolat\u00e9p\u00edt\u00e9sben.<\/span><\/li>\n<li><span style=\"font-weight: 400;\">Hogy h\u00e9tv\u00e9g\u00e9n is elmenjek otthonr\u00f3l seg\u00edteni m\u00e1soknak.<\/span><\/li>\n<li><span style=\"font-weight: 400;\">Lelk\u00fcletben, k\u00f6z\u00f6ss\u00e9gben, jobban betagoz\u00f3dni, jobban seg\u00edteni.<\/span><\/li>\n<li><span style=\"font-weight: 400;\">Sokkal k\u00f6nnyebben tudok besz\u00e9lget\u00e9st kezdem\u00e9nyezni, \u00e9s gyorsan megismerem, hogy egy ember milyen igaz\u00e1b\u00f3l.<\/span><\/li>\n<li><span style=\"font-weight: 400;\">Szerintem magamat is jobban megismertem, tudtam feszegetni a hat\u00e1raimat, sok mindenben fejl\u0151dtem.<\/span><\/li>\n<li><span style=\"font-weight: 400;\">L\u00e1tni, hogy vannak csal\u00e1dok, ahol nem ford\u00edtanak annyi id\u0151t a gyerekekre, mint amennyit kellene.<\/span><\/li>\n<li><span style=\"font-weight: 400;\">T\u00f6bb \u00f6nbizalmat nyertem, megtanultam, hogy hogyan neveljek \u00e9s hogyan ne neveljek gyereket a j\u00f6v\u0151ben.<\/span><\/li>\n<li><span style=\"font-weight: 400;\">Seg\u00edtett, hogy kicsit belel\u00e1ssak, hogy milyen s\u00e9r\u00fclt gyereket nevelni, foglalkozni vele 0-24-ben.<\/span><\/li>\n<li><span style=\"font-weight: 400;\">Seg\u00edt\u0151k\u00e9szebb, nyitottabb lettem a mozg\u00e1skorl\u00e1tozottak fel\u00e9.<\/span><\/li>\n<li><span style=\"font-weight: 400;\">Ugyan\u00fagy tudok fordulni egy h\u00e1tr\u00e1nyos helyzet\u0171 gyerekhez, mint egy norm\u00e1lishoz.<\/span><\/li>\n<li><span style=\"font-weight: 400;\">Jobban meg\u00e9rtem az id\u0151seket.<\/span><\/li>\n<li><span style=\"font-weight: 400;\">Seg\u00edtett az id\u0151sek tisztel\u00e9s\u00e9ben.<\/span><\/li>\n<li><span style=\"font-weight: 400;\">Eddig nem igaz\u00e1n foglalkoztam h\u00e1tr\u00e1nyos helyzet\u0171 emberekkel, id\u0151sekkel, \u00e9s b\u00e1r nem szoktam r\u00e1, most m\u00e1r k\u00f6nnyebben fog menni, pl. saj\u00e1t nagypap\u00e1m id\u0151sek otthon\u00e1ban.<\/span><\/li>\n<li><span style=\"font-weight: 400;\">Jobban meg\u00e9rtettem, hogy fontos a nagysz\u00fcl\u0151kkel vagy id\u0151sekkel id\u0151t t\u00f6lteni, besz\u00e9lgetni vel\u00fck, \u00e9s min\u0151s\u00e9gi id\u0151t sz\u00e1nni r\u00e1juk, mert sokkal h\u00e1l\u00e1sabbak \u00e9rte, mint gondoln\u00e1nk.<\/span><\/li>\n<li><span style=\"font-weight: 400;\">T\u00fcrelemre \u00e9s tal\u00e1l\u00e9konys\u00e1gra \u00f6szt\u00f6nz\u00f6tt. Sz\u00fcks\u00e9g volt a gyerekekkel egy hull\u00e1mhosszra ker\u00fclni.<\/span><\/li>\n<li><span style=\"font-weight: 400;\">Jobban tudok kisebbekhez k\u00f6t\u0151dni, besz\u00e9lgetni, m\u00e9g akkor is, ha \u00e9ppen nincs annyira kedvem hozz\u00e1.<\/span><\/li>\n<li><span style=\"font-weight: 400;\">Egy boldog felt\u00f6lt\u0151d\u00e9st biztos\u00edtanak nekem a gyerekek.<\/span><\/li>\n<li><span style=\"font-weight: 400;\">Sok embert ismerhettem meg, n\u00e9ha m\u00e9g most is visszaj\u00e1rok B\u00e9k\u00e1sra tal\u00e1lkozni a j\u00e1tsz\u00f3t\u00e9ren szerzett bar\u00e1taimmal.<\/span><\/li>\n<li><span style=\"font-weight: 400;\">Nagyon szeretek tud\u00e1st \u00e1tadni, hiszen ezzel a saj\u00e1t tud\u00e1somat is fejlesztem, \u00e9s m\u00e1sokat is hozz\u00e1seg\u00edtek ehhez a tud\u00e1shoz.<\/span><\/li>\n<li><span style=\"font-weight: 400;\">Felfedezni \u00e9s fejleszteni tan\u00edt\u00e1si k\u00e9szs\u00e9geimet.<\/span><\/li>\n<li><span style=\"font-weight: 400;\">A \u201ekisebb tan\u00e1r\u201d szerep nagyon megfogott.<\/span><\/li>\n<li><span style=\"font-weight: 400;\">Az emberekkel val\u00f3 besz\u00e9lget\u00e9s engem is form\u00e1lt. \u201eTan\u00edt\u00e1s\u201d t\u00f6bb m\u00f3don, \u201enyelven\u201d val\u00f3 magyar\u00e1zat.<\/span><\/li>\n<li><span style=\"font-weight: 400;\">A t\u00fcrelem n\u00f6vel\u00e9s\u00e9ben \u00e9s tan\u00e1raim nagyobb fok\u00fa tisztelet\u00e9ben. (Eddig is tiszteltem a tan\u00e1raimat, de a korrepet\u00e1l\u00e1ssal val\u00f3 tapasztalatom nagyon adott egy plusz elismer\u00e9st tan\u00e1raim fel\u00e9.)<\/span><\/li>\n<li><span style=\"font-weight: 400;\">Megtal\u00e1lni a szakm\u00e1mat.<\/span><\/li>\n<\/ul>\n<p><b>Emelj ki egy j\u00f3 mozzanatot a munk\u00e1db\u00f3l!<\/b><\/p>\n<ul>\n<li><span style=\"font-weight: 400;\">Hogy \u00f6r\u00f6met tudtam szerezni nekik. J\u00f3 \u00e9rz\u00e9s volt, hogy seg\u00edthettem.<\/span><\/li>\n<li><span style=\"font-weight: 400;\">Az els\u0151 alkalom ut\u00e1n a gyerekek m\u00e1r boldogan v\u00e1rtak az ajt\u00f3ban, \u00e9s egym\u00e1s szav\u00e1ba v\u00e1gva mondt\u00e1k, hogy mit akarnak j\u00e1tszani.<\/span><\/li>\n<li><span style=\"font-weight: 400;\">Amikor m\u00e1sodj\u00e1ra ment\u00fcnk, akkor nagyon j\u00f3 \u00e9rz\u00e9s volt, hogy eml\u00e9keznek r\u00e1nk \u00e9s v\u00e1rtak minket. Folyamatosan mes\u00e9lt\u00e9k az \u00e9lm\u00e9nyeiket, de r\u00e1nk is mindig nyitottak voltak.<\/span><\/li>\n<li><span style=\"font-weight: 400;\">Mikor j\u00e1tszottunk a gyerekekkel vagy seg\u00edtett\u00fcnk nekik. L\u00e1ttuk rajtuk, hogy \u00f6r\u00fclnek, hogy ott vagyunk.<\/span><\/li>\n<li><span style=\"font-weight: 400;\">Nagyon j\u00f3 volt, hogy a gyerekek m\u00e1r els\u0151 pillanatt\u00f3l kezdve nagyon k\u00f6t\u0151dtek hozz\u00e1nk, \u00e9s h\u00e1l\u00e1sak voltak a gyerekek \u00e9s a sz\u00fcleik is.<\/span><\/li>\n<li><span style=\"font-weight: 400;\">A rengeteg j\u00e1t\u00e9kos tanul\u00e1s. Rajzoltunk, fog\u00f3csk\u00e1ztunk, b\u00faj\u00f3csk\u00e1ztunk, nagyon j\u00f3l \u00e9reztem magam ott. J\u00f3 \u00e9rz\u00e9s volt seg\u00edteni nekik a felz\u00e1rk\u00f3z\u00e1sban.<\/span><\/li>\n<li><span style=\"font-weight: 400;\">Amikor tudtam felelni a 3.B-sek k\u00e9rd\u00e9seire. Sok mindent tudtam \u00e1tadni.<\/span><\/li>\n<li><span style=\"font-weight: 400;\">N\u00e9gyf\u00e9le m\u00f3don siker\u00fclt elmagyar\u00e1znom egy feladatot.<\/span><\/li>\n<li><span style=\"font-weight: 400;\">Amikor j\u00f3 jegyet kapott a korrepet\u00e1lt di\u00e1kom, az nagyon j\u00f3 \u00e9rz\u00e9s volt.<\/span><\/li>\n<li><span style=\"font-weight: 400;\">A kisfi\u00fa, akit korrepet\u00e1ltam, t\u00f6bb jegyet jav\u00edtott. Nagyon b\u00fcszke voltam r\u00e1.<\/span><\/li>\n<li><span style=\"font-weight: 400;\">Egy olyan l\u00e1nnyal foglalkoztam, aki sz\u00e1m\u00e1ra nagyon nehezen ment a matek, \u00e9s az \u00e9v v\u00e9g\u00e9re siker\u00fclt egy\u00fctt feltorn\u00e1zni a jegyeit 4-esre.<\/span><\/li>\n<li><span style=\"font-weight: 400;\">Ismer\u0151s\u00f6n kereszt\u00fcl visszaj\u00f6tt, hogy a gyerek tan\u00e1ra \u00e9szrevette a fejl\u0151d\u00e9s\u00e9t.<\/span><\/li>\n<li><span style=\"font-weight: 400;\">Az id\u0151sekkel val\u00f3 hossz\u00fa besz\u00e9lget\u00e9s.<\/span><\/li>\n<li><span style=\"font-weight: 400;\">A szeretet, amit az id\u0151sekt\u0151l kaptunk.<\/span><\/li>\n<li><span style=\"font-weight: 400;\">Amikor besz\u00e9lgettem az id\u0151sekkel, tal\u00e1n akkor voltam a leghasznosabb.<\/span><\/li>\n<li><span style=\"font-weight: 400;\">T\u00e1rsasoztunk az id\u0151sekkel \u00e9s \u00e9rdekes t\u00f6rt\u00e9neteket mes\u00e9ltek magukr\u00f3l.<\/span><\/li>\n<li><span style=\"font-weight: 400;\">Amikor az id\u0151sek rem\u00e9nykedve k\u00e9rdezt\u00e9k: \u201eHolnap is j\u00f6tt\u00f6k?\u201d \u00cdgy ha nem is \u00e9reztem annyira hasznosnak a napot, \u00fagy l\u00e1tszott, hogy m\u00e9gis az volt.<\/span><\/li>\n<li><span style=\"font-weight: 400;\">Volt egy nagyon aranyos p\u00e1r a klubban, akik nagyon nyitottak voltak, \u00e9s sz\u00edvesen megosztott\u00e1k a t\u00f6rt\u00e9neteiket arr\u00f3l, hogy hogyan ismerkedtek meg \u00e9s nagyon boldogok voltak.<\/span><\/li>\n<li><span style=\"font-weight: 400;\">Aranyos n\u00e9ni mes\u00e9li a gyerekkor\u00e1t.<\/span><\/li>\n<li><span style=\"font-weight: 400;\">Kar\u00e1csonyi \u00e9nekl\u00e9s.<\/span><\/li>\n<li><span style=\"font-weight: 400;\">Egyszer a Ferences Gimn\u00e1ziumban apa-fia nap alkalm\u00e1b\u00f3l m\u00e1sz\u00f3kat biztos\u00edtottam ki, itt kor\u00e1bbi tud\u00e1somat haszn\u00e1lhattam.<\/span><\/li>\n<li><span style=\"font-weight: 400;\">Amikor Monoron a kisebbs\u00e9gnek tartottunk gyereknapot, azt l\u00e1tni, hogy mennyire boldogok tudnak lenni az embert pr\u00f3b\u00e1l\u00f3 k\u00f6r\u00fclm\u00e9nyek k\u00f6z\u00f6tt.<\/span><\/li>\n<li><span style=\"font-weight: 400;\">Amikor besz\u00e9lgett\u00fcnk a s\u00e9r\u00fcltekkel, \u00e9s \u00fagy kezeltek minket, mint egy bar\u00e1tot.<\/span><\/li>\n<li><span style=\"font-weight: 400;\">Amikor megnevettettem \u0151ket.<\/span><\/li>\n<li><span style=\"font-weight: 400;\">Az egyik l\u00e1nnyal az\u00f3ta is besz\u00e9lek Messengeren.<\/span><\/li>\n<li><span style=\"font-weight: 400;\">Sz\u00e1momra nagyon j\u00f3 \u00e9lm\u00e9ny volt, amikor egy k\u00f6rben \u00fclt\u00fcnk a gyerekekkel, git\u00e1roztunk \u00e9s egy\u00fctt \u00e9nekelt mindenki.<\/span><\/li>\n<li><span style=\"font-weight: 400;\">Amikor elmentem elpakolni egy Karit\u00e1sz v\u00e1s\u00e1r ut\u00e1n \u00e9s kb. t\u00edz kedves id\u0151sebb h\u00f6lgy fogadott, akik \u00f6r\u00fcltek nekem, mert \u00edgy nem nekik kellett cipekedni.<\/span><\/li>\n<li><span style=\"font-weight: 400;\">A nehezebb l\u00e1d\u00e1kat \u00e1tvettem a n\u00e9nikt\u0151l.<\/span><\/li>\n<li><span style=\"font-weight: 400;\">A munk\u00e1t mindig elv\u00e9geztem \u00e9s k\u00f6zben a kedv is j\u00f3 volt.<\/span><\/li>\n<li><span style=\"font-weight: 400;\">A ruhagy\u0171jt\u00e9st, amiben \u00f6sszebar\u00e1tkoztunk az ott dolgoz\u00f3 emberekkel, \u00e9s k\u00f6zben sok embernek seg\u00edtett\u00fcnk.<\/span><\/li>\n<li><span style=\"font-weight: 400;\">A kar\u00e1csonyi angyalk\u00e1z\u00e1s volt az az alkalom, amikor bemehett\u00fcnk p\u00e1r oszt\u00e1lyra \u00e9s \u00e1tadtunk a gyerekeknek egy kis aj\u00e1nd\u00e9kcsomagot. Nem t\u00f6lthett\u00fcnk ott sok id\u0151t, de j\u00f3 \u00e9rz\u00e9s volt l\u00e1tni az \u00f6r\u00f6m\u00f6t az arcukon, ez nagyon felt\u00f6lt\u00f6tt.<\/span><\/li>\n<li><span style=\"font-weight: 400;\">\u00c9vfolyamt\u00e1rsaim megismer\u00e9se.<\/span><\/li>\n<\/ul>\n","protected":false},"excerpt":{"rendered":"<p>DI\u00c1KV\u00c9LEM\u00c9NYEK A TESZI-R\u0150L 2023\/24-es tan\u00e9v A tan\u00e9v v\u00e9g\u00e9n l\u00e1tsz-e valamit m\u00e1sk\u00e9ppen?&nbsp; (azokat, akikhez j\u00e1rt\u00e1l; azokat, akik vel\u00fck az int\u00e9zm\u00e9nyben foglalkoznak; [&hellip;]<\/p>\n","protected":false},"author":2,"featured_media":0,"parent":0,"menu_order":0,"comment_status":"closed","ping_status":"closed","template":"","meta":{"ngg_post_thumbnail":0,"footnotes":""},"class_list":["post-3879","page","type-page","status-publish","hentry"],"_links":{"self":[{"href":"https:\/\/ferencesgimnazium.hu\/index.php\/wp-json\/wp\/v2\/pages\/3879","targetHints":{"allow":["GET"]}}],"collection":[{"href":"https:\/\/ferencesgimnazium.hu\/index.php\/wp-json\/wp\/v2\/pages"}],"about":[{"href":"https:\/\/ferencesgimnazium.hu\/index.php\/wp-json\/wp\/v2\/types\/page"}],"author":[{"embeddable":true,"href":"https:\/\/ferencesgimnazium.hu\/index.php\/wp-json\/wp\/v2\/users\/2"}],"replies":[{"embeddable":true,"href":"https:\/\/ferencesgimnazium.hu\/index.php\/wp-json\/wp\/v2\/comments?post=3879"}],"version-history":[{"count":3,"href":"https:\/\/ferencesgimnazium.hu\/index.php\/wp-json\/wp\/v2\/pages\/3879\/revisions"}],"predecessor-version":[{"id":3882,"href":"https:\/\/ferencesgimnazium.hu\/index.php\/wp-json\/wp\/v2\/pages\/3879\/revisions\/3882"}],"wp:attachment":[{"href":"https:\/\/ferencesgimnazium.hu\/index.php\/wp-json\/wp\/v2\/media?parent=3879"}],"curies":[{"name":"wp","href":"https:\/\/api.w.org\/{rel}","templated":true}]}}