{"id":3784,"date":"2024-04-23T23:52:27","date_gmt":"2024-04-23T21:52:27","guid":{"rendered":"https:\/\/ferencesgimnazium.hu\/?page_id=3784"},"modified":"2024-06-11T08:54:29","modified_gmt":"2024-06-11T06:54:29","slug":"teszi-a-sav","status":"publish","type":"page","link":"https:\/\/ferencesgimnazium.hu\/index.php\/teszi-a-sav\/","title":{"rendered":"TESZI &#8222;A s\u00e1v&#8221;"},"content":{"rendered":"<p><iframe loading=\"lazy\" src=\"https:\/\/docs.google.com\/spreadsheets\/d\/e\/2PACX-1vQ9DFd2IkWjs6d6KtXmkJ1tfycfTv9aNj9cctiNiYchM6rr08q0KmIEmE433wah9g\/pubhtml?gid=1017114181&amp;single=true&amp;widget=true&amp;headers=false\" width=\"100%\" height=\"1000\"><\/iframe><\/p>\n<p><a href=\"https:\/\/ferencesgimnazium.hu\/wp-content\/uploads\/2024\/06\/DI\u00c1KV\u00c9LEM\u00c9NYEK-2023-24.pdf\" target=\"_blank\" rel=\"noopener noreferrer\"><span style=\"color: #ff0000;\"><strong>DI\u00c1KV\u00c9LEM\u00c9NYEK<\/strong><\/span><\/a><\/p>\n","protected":false},"excerpt":{"rendered":"<p>DI\u00c1KV\u00c9LEM\u00c9NYEK<\/p>\n","protected":false},"author":2,"featured_media":0,"parent":0,"menu_order":0,"comment_status":"closed","ping_status":"closed","template":"","meta":{"ngg_post_thumbnail":0,"footnotes":""},"class_list":["post-3784","page","type-page","status-publish","hentry"],"_links":{"self":[{"href":"https:\/\/ferencesgimnazium.hu\/index.php\/wp-json\/wp\/v2\/pages\/3784","targetHints":{"allow":["GET"]}}],"collection":[{"href":"https:\/\/ferencesgimnazium.hu\/index.php\/wp-json\/wp\/v2\/pages"}],"about":[{"href":"https:\/\/ferencesgimnazium.hu\/index.php\/wp-json\/wp\/v2\/types\/page"}],"author":[{"embeddable":true,"href":"https:\/\/ferencesgimnazium.hu\/index.php\/wp-json\/wp\/v2\/users\/2"}],"replies":[{"embeddable":true,"href":"https:\/\/ferencesgimnazium.hu\/index.php\/wp-json\/wp\/v2\/comments?post=3784"}],"version-history":[{"count":4,"href":"https:\/\/ferencesgimnazium.hu\/index.php\/wp-json\/wp\/v2\/pages\/3784\/revisions"}],"predecessor-version":[{"id":3871,"href":"https:\/\/ferencesgimnazium.hu\/index.php\/wp-json\/wp\/v2\/pages\/3784\/revisions\/3871"}],"wp:attachment":[{"href":"https:\/\/ferencesgimnazium.hu\/index.php\/wp-json\/wp\/v2\/media?parent=3784"}],"curies":[{"name":"wp","href":"https:\/\/api.w.org\/{rel}","templated":true}]}}