{"id":3774,"date":"2024-04-19T00:26:59","date_gmt":"2024-04-18T22:26:59","guid":{"rendered":"https:\/\/ferencesgimnazium.hu\/?page_id=3774"},"modified":"2024-06-11T08:55:24","modified_gmt":"2024-06-11T06:55:24","slug":"teszi-lehetosegek","status":"publish","type":"page","link":"https:\/\/ferencesgimnazium.hu\/index.php\/teszi-lehetosegek\/","title":{"rendered":"TESZI ny\u00e1ri t\u00e1borok"},"content":{"rendered":"<p>TESZI p\u00e1ly\u00e1zat:<\/p>\n<p><strong><a href=\"https:\/\/sites.google.com\/piarista.hu\/ksz-szolglat-plyzat-2024\/\">https:\/\/sites.google.com\/piarista.hu\/ksz-szolglat-plyzat-2024\/<\/a><\/strong><\/p>\n<p>&nbsp;<\/p>\n<p><iframe loading=\"lazy\" src=\"https:\/\/docs.google.com\/spreadsheets\/d\/e\/2PACX-1vQRYHp6oRUivAwpTobzu3OEQwNb9Ib1xf221dmtlO0Wsyvj62vbFOVdV1QxLo-YPg\/pubhtml?gid=332469728&amp;single=true&amp;widget=true&amp;headers=false\" width=\"100%\" height=\"1000\"><\/iframe><\/p>\n<p><a href=\"https:\/\/ferencesgimnazium.hu\/wp-content\/uploads\/2024\/06\/DI\u00c1KV\u00c9LEM\u00c9NYEK-2023-24.pdf\" target=\"_blank\" rel=\"noopener noreferrer\"><span style=\"color: #ff0000;\"><strong>DI\u00c1KV\u00c9LEM\u00c9NYEK<\/strong><\/span><\/a><\/p>\n","protected":false},"excerpt":{"rendered":"<p>TESZI p\u00e1ly\u00e1zat: https:\/\/sites.google.com\/piarista.hu\/ksz-szolglat-plyzat-2024\/ &nbsp; DI\u00c1KV\u00c9LEM\u00c9NYEK<\/p>\n","protected":false},"author":2,"featured_media":0,"parent":0,"menu_order":0,"comment_status":"closed","ping_status":"closed","template":"","meta":{"ngg_post_thumbnail":0,"footnotes":""},"class_list":["post-3774","page","type-page","status-publish","hentry"],"_links":{"self":[{"href":"https:\/\/ferencesgimnazium.hu\/index.php\/wp-json\/wp\/v2\/pages\/3774","targetHints":{"allow":["GET"]}}],"collection":[{"href":"https:\/\/ferencesgimnazium.hu\/index.php\/wp-json\/wp\/v2\/pages"}],"about":[{"href":"https:\/\/ferencesgimnazium.hu\/index.php\/wp-json\/wp\/v2\/types\/page"}],"author":[{"embeddable":true,"href":"https:\/\/ferencesgimnazium.hu\/index.php\/wp-json\/wp\/v2\/users\/2"}],"replies":[{"embeddable":true,"href":"https:\/\/ferencesgimnazium.hu\/index.php\/wp-json\/wp\/v2\/comments?post=3774"}],"version-history":[{"count":5,"href":"https:\/\/ferencesgimnazium.hu\/index.php\/wp-json\/wp\/v2\/pages\/3774\/revisions"}],"predecessor-version":[{"id":3873,"href":"https:\/\/ferencesgimnazium.hu\/index.php\/wp-json\/wp\/v2\/pages\/3774\/revisions\/3873"}],"wp:attachment":[{"href":"https:\/\/ferencesgimnazium.hu\/index.php\/wp-json\/wp\/v2\/media?parent=3774"}],"curies":[{"name":"wp","href":"https:\/\/api.w.org\/{rel}","templated":true}]}}