{"id":3625,"date":"2023-11-20T14:36:44","date_gmt":"2023-11-20T13:36:44","guid":{"rendered":"https:\/\/ferencesgimnazium.hu\/?page_id=3625"},"modified":"2026-02-17T14:30:11","modified_gmt":"2026-02-17T13:30:11","slug":"horanyi-vendeghaz","status":"publish","type":"page","link":"https:\/\/ferencesgimnazium.hu\/index.php\/horanyi-vendeghaz\/","title":{"rendered":"Hor\u00e1nyi vend\u00e9gh\u00e1z"},"content":{"rendered":"<p>Szeretettel v\u00e1rjuk a pihenni v\u00e1gy\u00f3kat Iskol\u00e1nk hor\u00e1nyi vend\u00e9gh\u00e1z\u00e1ba. A h\u00e1z alkalmas egy oszt\u00e1ly vagy egy lelkigyakorlatos csoport befogad\u00e1s\u00e1ra is.<\/p>\n<p><strong>C\u00edm:<\/strong> Szigetmonostor-Hor\u00e1ny, Barackos utca 3.<\/p>\n<p>&nbsp;<iframe loading=\"lazy\" style=\"border: 0;\" src=\"https:\/\/www.google.com\/maps\/embed?pb=!1m18!1m12!1m3!1d671.5500146125776!2d19.11842280435556!3d47.68053459177063!2m3!1f0!2f0!3f0!3m2!1i1024!2i768!4f13.1!3m3!1m2!1s0x4741d41810fb3aeb%3A0x78f3aa6b308c19d7!2sSzigetmonostor%2C%20Barackos%20utca%203%2C%202015!5e0!3m2!1shu!2shu!4v1707728383666!5m2!1shu!2shu\" width=\"600\" height=\"450\" allowfullscreen=\"allowfullscreen\"><\/iframe><\/p>\n<p><strong>El\u00e9rhet\u0151s\u00e9g, foglal\u00e1s:<\/strong> <em><span style=\"color: #0000ff;\">K\u0151r\u00f6si L\u00e1szl\u00f3,<\/span> gondnok:<\/em> mobil:+36\/20 348-64-81, email: gondnok@ferencesgimnazium.hu<br \/>\n<strong>Befogad\u00f3k\u00e9pess\u00e9g:<\/strong> 30 + 1 f\u0151 h\u00e1l\u00f3zs\u00e1kos sz\u00e1ll\u00e1s.<br \/>\n<strong>Helyis\u00e9gek:<\/strong><\/p>\n<ul>\n<li>1 konyha,<\/li>\n<li>3 wc,<\/li>\n<li>4 zuhanyz\u00f3,<\/li>\n<li><strong>8 f\u0151s h\u00e1l\u00f3, <\/strong><\/li>\n<li><strong>10 f\u0151s h\u00e1l\u00f3, <\/strong><\/li>\n<li><strong>12 f\u0151s h\u00e1l\u00f3, <\/strong><\/li>\n<li><strong>1 f\u0151s k\u00eds\u00e9r\u0151i szoba<\/strong><\/li>\n<li>2 db kenu saj\u00e1t felel\u0151ss\u00e9gre haszn\u00e1lhat\u00f3!<\/li>\n<\/ul>\n<p><strong>\u00c1r:<\/strong> f\u0171t\u00e9s n\u00e9lk\u00fcl 3 000 Ft \/ f\u0151 \/ nap,<br \/>\nf\u0171t\u00e9si szezonban 4 000 Ft \/ f\u0151 \/ nap<br \/>\nA takar\u00edt\u00e1s d\u00edja 40 000 Ft amely kiv\u00e1lthat\u00f3, ha maguk ut\u00e1n a vend\u00e9gek elv\u00e9gzik a takar\u00edt\u00e1st \u00e9s elviszik a szemetet.<\/p>\nngg_shortcode_0_placeholder\n","protected":false},"excerpt":{"rendered":"<p>Szeretettel v\u00e1rjuk a pihenni v\u00e1gy\u00f3kat Iskol\u00e1nk hor\u00e1nyi vend\u00e9gh\u00e1z\u00e1ba. A h\u00e1z alkalmas egy oszt\u00e1ly vagy egy lelkigyakorlatos csoport befogad\u00e1s\u00e1ra is. C\u00edm: [&hellip;]<\/p>\n","protected":false},"author":2,"featured_media":0,"parent":0,"menu_order":0,"comment_status":"closed","ping_status":"closed","template":"","meta":{"ngg_post_thumbnail":0,"footnotes":""},"class_list":["post-3625","page","type-page","status-publish","hentry"],"_links":{"self":[{"href":"https:\/\/ferencesgimnazium.hu\/index.php\/wp-json\/wp\/v2\/pages\/3625","targetHints":{"allow":["GET"]}}],"collection":[{"href":"https:\/\/ferencesgimnazium.hu\/index.php\/wp-json\/wp\/v2\/pages"}],"about":[{"href":"https:\/\/ferencesgimnazium.hu\/index.php\/wp-json\/wp\/v2\/types\/page"}],"author":[{"embeddable":true,"href":"https:\/\/ferencesgimnazium.hu\/index.php\/wp-json\/wp\/v2\/users\/2"}],"replies":[{"embeddable":true,"href":"https:\/\/ferencesgimnazium.hu\/index.php\/wp-json\/wp\/v2\/comments?post=3625"}],"version-history":[{"count":5,"href":"https:\/\/ferencesgimnazium.hu\/index.php\/wp-json\/wp\/v2\/pages\/3625\/revisions"}],"predecessor-version":[{"id":4467,"href":"https:\/\/ferencesgimnazium.hu\/index.php\/wp-json\/wp\/v2\/pages\/3625\/revisions\/4467"}],"wp:attachment":[{"href":"https:\/\/ferencesgimnazium.hu\/index.php\/wp-json\/wp\/v2\/media?parent=3625"}],"curies":[{"name":"wp","href":"https:\/\/api.w.org\/{rel}","templated":true}]}}