{"id":3564,"date":"2023-10-04T13:09:18","date_gmt":"2023-10-04T11:09:18","guid":{"rendered":"https:\/\/ferencesgimnazium.hu\/?page_id=3564"},"modified":"2023-10-04T13:11:57","modified_gmt":"2023-10-04T11:11:57","slug":"palyazatok","status":"publish","type":"page","link":"https:\/\/ferencesgimnazium.hu\/index.php\/palyazatok\/","title":{"rendered":"P\u00e1ly\u00e1zatok"},"content":{"rendered":"<ul>\n<li><a href=\"https:\/\/ferencesgimnazium.hu\/index.php\/erasmus-2\/\">Erasmus+KA1<\/a><\/li>\n<li><a href=\"https:\/\/ferencesgimnazium.hu\/index.php\/erasmuska2\/\">Erasmus+KA2<\/a><\/li>\n<li><a href=\"https:\/\/ferencesgimnazium.hu\/index.php\/keop-5-5-0\/\">KEOP-5.5.0<\/a><\/li>\n<li><a href=\"https:\/\/ferencesgimnazium.hu\/index.php\/keop-5-7-0\/\">KEOP-5.7.0<\/a><\/li>\n<li><a href=\"https:\/\/ferencesgimnazium.hu\/index.php\/az-uj-sportcsarnok-koncepcioterve\/\">\u00daj sportcsarnok<\/a><\/li>\n<li><a href=\"https:\/\/ferencesgimnazium.hu\/index.php\/hatartalanul-3\/\">Hat\u00e1rtalanul<\/a><\/li>\n<li><a href=\"https:\/\/ferencesgimnazium.hu\/index.php\/konyvtari-allomanygyarapitas\/\">K\u00f6nyvt\u00e1ri \u00e1llom\u00e1nyn\u00f6vel\u00e9s<\/a><\/li>\n<li><a href=\"https:\/\/ferencesgimnazium.hu\/index.php\/maszofal\/\">M\u00e1sz\u00f3fal<\/a><\/li>\n<\/ul>\n","protected":false},"excerpt":{"rendered":"<p>Erasmus+KA1 Erasmus+KA2 KEOP-5.5.0 KEOP-5.7.0 \u00daj sportcsarnok Hat\u00e1rtalanul K\u00f6nyvt\u00e1ri \u00e1llom\u00e1nyn\u00f6vel\u00e9s M\u00e1sz\u00f3fal<\/p>\n","protected":false},"author":2,"featured_media":0,"parent":0,"menu_order":0,"comment_status":"closed","ping_status":"closed","template":"","meta":{"ngg_post_thumbnail":0,"footnotes":""},"class_list":["post-3564","page","type-page","status-publish","hentry"],"_links":{"self":[{"href":"https:\/\/ferencesgimnazium.hu\/index.php\/wp-json\/wp\/v2\/pages\/3564","targetHints":{"allow":["GET"]}}],"collection":[{"href":"https:\/\/ferencesgimnazium.hu\/index.php\/wp-json\/wp\/v2\/pages"}],"about":[{"href":"https:\/\/ferencesgimnazium.hu\/index.php\/wp-json\/wp\/v2\/types\/page"}],"author":[{"embeddable":true,"href":"https:\/\/ferencesgimnazium.hu\/index.php\/wp-json\/wp\/v2\/users\/2"}],"replies":[{"embeddable":true,"href":"https:\/\/ferencesgimnazium.hu\/index.php\/wp-json\/wp\/v2\/comments?post=3564"}],"version-history":[{"count":3,"href":"https:\/\/ferencesgimnazium.hu\/index.php\/wp-json\/wp\/v2\/pages\/3564\/revisions"}],"predecessor-version":[{"id":3567,"href":"https:\/\/ferencesgimnazium.hu\/index.php\/wp-json\/wp\/v2\/pages\/3564\/revisions\/3567"}],"wp:attachment":[{"href":"https:\/\/ferencesgimnazium.hu\/index.php\/wp-json\/wp\/v2\/media?parent=3564"}],"curies":[{"name":"wp","href":"https:\/\/api.w.org\/{rel}","templated":true}]}}