{"id":2791,"date":"2020-12-09T21:15:45","date_gmt":"2020-12-09T20:15:45","guid":{"rendered":"https:\/\/ferencesgimnazium.hu\/?page_id=2791"},"modified":"2020-12-10T17:35:32","modified_gmt":"2020-12-10T16:35:32","slug":"nyilt-nap","status":"publish","type":"page","link":"https:\/\/ferencesgimnazium.hu\/index.php\/nyilt-nap\/","title":{"rendered":"Ny\u00edlt nap"},"content":{"rendered":"<p style=\"text-align: center;\"><span style=\"font-size: 14pt;\"><strong>Igazgat\u00f3i k\u00f6sz\u00f6nt\u0151<\/strong><\/span><\/p>\n<p><iframe loading=\"lazy\" src=\"https:\/\/www.youtube.com\/embed\/u2UL9mLE2BI\" width=\"1200\" height=\"800\" frameborder=\"0\" allowfullscreen=\"allowfullscreen\"><span data-mce-type=\"bookmark\" style=\"display: inline-block; width: 0px; overflow: hidden; line-height: 0;\" class=\"mce_SELRES_start\">\ufeff<\/span><span data-mce-type=\"bookmark\" style=\"display: inline-block; width: 0px; overflow: hidden; line-height: 0;\" class=\"mce_SELRES_start\">\ufeff<\/span><\/iframe><\/p>\n<p>&nbsp;<\/p>\n<p style=\"text-align: center;\"><strong>A k\u00fcl\u00f6nb\u00f6z\u0151 tan\u00edt\u00e1si \u00f3r\u00e1kat \u00e9s bemutatkoz\u00f3kat a c\u00edmszavakra kattintva lehet el\u00e9rni.<\/strong><\/p>\n<table style=\"width: 100%; height: 154px;\" border=\"0px\" cellpadding=\"0\">\n<tbody>\n<tr style=\"height: 24px;\">\n<td style=\"width: 12.5%; height: 24px; text-align: center; border-color: #ffffff;\"><strong>Idegen nyelvek<\/strong><\/td>\n<td style=\"width: 12.5%; height: 24px; text-align: center; border-color: #ffffff;\"><strong>Term\u00e9szettudom\u00e1ny<\/strong><\/td>\n<td style=\"width: 12.5%; height: 24px; text-align: center; border-color: #ffffff;\"><strong>Sport \u00e9s szakk\u00f6r\u00f6k<\/strong><\/td>\n<td style=\"width: 12.5%; height: 24px; text-align: center; border-color: #ffffff;\"><strong>Hum\u00e1n<\/strong><\/td>\n<td style=\"width: 12.5%; height: 24px; text-align: center; border-color: #ffffff;\"><strong>Di\u00e1kszemmel<\/strong><\/td>\n<\/tr>\n<tr style=\"height: 24px;\">\n<td style=\"width: 12.5%; height: 24px; text-align: center; border-color: #ffffff;\"><a href=\"https:\/\/www.youtube.com\/watch?v=HhX7kAjaxzc\" target=\"_blank\" rel=\"noopener noreferrer\">angol<\/a><\/td>\n<td style=\"width: 12.5%; height: 24px; text-align: center; border-color: #ffffff;\"><a href=\"https:\/\/www.youtube.com\/watch?v=7MQs5iBYoZg\" target=\"_blank\" rel=\"noopener noreferrer\">biol\u00f3gia<\/a><\/td>\n<td style=\"width: 12.5%; height: 24px; text-align: center; border-color: #ffffff;\"><a href=\"https:\/\/www.youtube.com\/watch?v=EE-x9GUUQbg\" target=\"_blank\" rel=\"noopener noreferrer\">testnevel\u00e9s \u00e9s szakk\u00f6r\u00f6k<\/a><\/td>\n<td style=\"width: 12.5%; height: 24px; text-align: center; border-color: #ffffff;\"><a href=\"https:\/\/youtu.be\/gyewWkoJUuU\" target=\"_blank\" rel=\"noopener noreferrer\">Naphimnusz<\/a><\/td>\n<td style=\"width: 12.5%; height: 24px; text-align: center; border-color: #ffffff;\"><a href=\"https:\/\/www.youtube.com\/watch?v=cuRFN_p4FcI\" target=\"_blank\" rel=\"noopener noreferrer\">iskolabemutat\u00e1s<\/a><\/td>\n<\/tr>\n<tr style=\"height: 24px;\">\n<td style=\"width: 12.5%; height: 10px; text-align: center; border-color: #ffffff;\"><a href=\"https:\/\/www.youtube.com\/watch?v=DKbPjb92HwE\" target=\"_blank\" rel=\"noopener noreferrer\">orosz<\/a><\/td>\n<td style=\"width: 12.5%; height: 10px; text-align: center; border-color: #ffffff;\"><a href=\"https:\/\/www.youtube.com\/watch?v=E7wLge6yHO4\" target=\"_blank\" rel=\"noopener noreferrer\">matematika<\/a><\/td>\n<td style=\"width: 12.5%; height: 10px; text-align: center; border-color: #ffffff;\"><a href=\"https:\/\/www.youtube.com\/watch?v=n9CXXwdB4cM\" target=\"_blank\" rel=\"noopener noreferrer\">fot\u00f3 szakk\u00f6r<\/a><\/td>\n<td style=\"width: 12.5%; height: 10px; text-align: center; border-color: #ffffff;\"><a href=\"https:\/\/www.youtube.com\/watch?v=EDhHwVBYY_A\" target=\"_blank\" rel=\"noopener noreferrer\">hittan<\/a><\/td>\n<td style=\"width: 12.5%; height: 10px; text-align: center; border-color: #ffffff;\"><a href=\"https:\/\/www.youtube.com\/watch?v=suDF5_riqhk\" target=\"_blank\" rel=\"noopener noreferrer\">felv\u00e9teli<\/a><\/td>\n<\/tr>\n<tr style=\"height: 24px;\">\n<td style=\"width: 12.5%; height: 24px; text-align: center; border-color: #ffffff;\"><a href=\"https:\/\/www.youtube.com\/watch?v=w5n_YDC7oAc\" target=\"_blank\" rel=\"noopener noreferrer\">olasz<\/a><\/td>\n<td style=\"width: 12.5%; height: 24px; text-align: center; border-color: #ffffff;\"><a href=\"https:\/\/www.youtube.com\/watch?v=cQF6rGIwsvk\" target=\"_blank\" rel=\"noopener noreferrer\">k\u00eds\u00e9rletek bemutat\u00e1sa<\/a><\/td>\n<td style=\"width: 12.5%; height: 24px; text-align: center; border-color: #ffffff;\"><a href=\"https:\/\/www.youtube.com\/watch?v=D1Y9Rp6PTXs\" target=\"_blank\" rel=\"noopener noreferrer\">n\u00e9pt\u00e1nc<\/a><\/td>\n<td style=\"width: 12.5%; height: 24px; text-align: center; border-color: #ffffff;\"><a href=\"https:\/\/youtu.be\/M39t7sSFm9E\" target=\"_blank\" rel=\"noopener noreferrer\">t\u00f6rt\u00e9nelem<\/a><\/td>\n<td style=\"width: 12.5%; height: 24px; text-align: center; border-color: #ffffff;\"><a href=\"https:\/\/www.youtube.com\/watch?v=xCM--4Nxf78\" target=\"_blank\" rel=\"noopener noreferrer\">kir\u00e1ndul\u00e1sok<\/a><\/td>\n<\/tr>\n<tr style=\"height: 24px;\">\n<td style=\"width: 12.5%; height: 24px; text-align: center; border-color: #ffffff;\"><a href=\"https:\/\/www.youtube.com\/watch?v=Dc_IC4bFXFY\" target=\"_blank\" rel=\"noopener noreferrer\">n\u00e9met<\/a><\/td>\n<td style=\"width: 12.5%; height: 24px; text-align: center; border-color: #ffffff;\"><a href=\"https:\/\/www.youtube.com\/watch?v=mildJTnPWJM\" target=\"_blank\" rel=\"noopener noreferrer\">\u00f6regdi\u00e1kok mes\u00e9lnek<\/a><\/td>\n<td style=\"width: 12.5%; height: 24px; text-align: center; border-color: #ffffff;\">&nbsp;<\/td>\n<td style=\"width: 12.5%; height: 24px; text-align: center; border-color: #ffffff;\">&nbsp;<\/td>\n<td style=\"width: 12.5%; height: 24px; text-align: center; border-color: #ffffff;\">&nbsp;<\/td>\n<\/tr>\n<tr style=\"height: 24px;\">\n<td style=\"width: 12.5%; height: 24px; text-align: center; border-color: #ffffff;\"><a href=\"https:\/\/www.youtube.com\/watch?v=m08WCkCInuo\" target=\"_blank\" rel=\"noopener noreferrer\">Monty Python 12.A<\/a><\/td>\n<td style=\"width: 12.5%; height: 24px; text-align: center; border-color: #ffffff;\"><a href=\"https:\/\/ferencesgimnazium.hu\/wp-content\/uploads\/2020\/12\/Ferences-matek-feladv\u00e1ny.pdf\" target=\"_blank\" rel=\"noopener noreferrer\">feladv\u00e1ny<\/a><\/td>\n<td style=\"width: 12.5%; height: 24px; text-align: center; border-color: #ffffff;\">&nbsp;<\/td>\n<td style=\"width: 12.5%; height: 24px; text-align: center; border-color: #ffffff;\">&nbsp;<\/td>\n<td style=\"width: 12.5%; height: 24px; text-align: center; border-color: #ffffff;\">&nbsp;<\/td>\n<\/tr>\n<tr style=\"height: 24px;\">\n<td style=\"width: 12.5%; height: 24px; text-align: center; border-color: #ffffff;\"><a href=\"https:\/\/www.youtube.com\/watch?v=7KShjDV1I1A\" target=\"_blank\" rel=\"noopener noreferrer\">Monty Python 9.A<\/a><\/td>\n<td style=\"width: 12.5%; height: 24px; text-align: center; border-color: #ffffff;\">&nbsp;<\/td>\n<td style=\"width: 12.5%; height: 24px; text-align: center; border-color: #ffffff;\">&nbsp;<\/td>\n<td style=\"width: 12.5%; height: 24px; text-align: center; border-color: #ffffff;\">&nbsp;<\/td>\n<td style=\"width: 12.5%; height: 24px; text-align: center; border-color: #ffffff;\">&nbsp;<\/td>\n<\/tr>\n<\/tbody>\n<\/table>\n<p>&nbsp;<\/p>\n","protected":false},"excerpt":{"rendered":"<p>Igazgat\u00f3i k\u00f6sz\u00f6nt\u0151 \ufeff\ufeff &nbsp; A k\u00fcl\u00f6nb\u00f6z\u0151 tan\u00edt\u00e1si \u00f3r\u00e1kat \u00e9s bemutatkoz\u00f3kat a c\u00edmszavakra kattintva lehet el\u00e9rni. Idegen nyelvek Term\u00e9szettudom\u00e1ny Sport \u00e9s [&hellip;]<\/p>\n","protected":false},"author":2,"featured_media":0,"parent":0,"menu_order":0,"comment_status":"closed","ping_status":"closed","template":"","meta":{"ngg_post_thumbnail":0,"footnotes":""},"class_list":["post-2791","page","type-page","status-publish","hentry"],"_links":{"self":[{"href":"https:\/\/ferencesgimnazium.hu\/index.php\/wp-json\/wp\/v2\/pages\/2791","targetHints":{"allow":["GET"]}}],"collection":[{"href":"https:\/\/ferencesgimnazium.hu\/index.php\/wp-json\/wp\/v2\/pages"}],"about":[{"href":"https:\/\/ferencesgimnazium.hu\/index.php\/wp-json\/wp\/v2\/types\/page"}],"author":[{"embeddable":true,"href":"https:\/\/ferencesgimnazium.hu\/index.php\/wp-json\/wp\/v2\/users\/2"}],"replies":[{"embeddable":true,"href":"https:\/\/ferencesgimnazium.hu\/index.php\/wp-json\/wp\/v2\/comments?post=2791"}],"version-history":[{"count":5,"href":"https:\/\/ferencesgimnazium.hu\/index.php\/wp-json\/wp\/v2\/pages\/2791\/revisions"}],"predecessor-version":[{"id":2821,"href":"https:\/\/ferencesgimnazium.hu\/index.php\/wp-json\/wp\/v2\/pages\/2791\/revisions\/2821"}],"wp:attachment":[{"href":"https:\/\/ferencesgimnazium.hu\/index.php\/wp-json\/wp\/v2\/media?parent=2791"}],"curies":[{"name":"wp","href":"https:\/\/api.w.org\/{rel}","templated":true}]}}