{"id":2404,"date":"2019-10-02T15:05:48","date_gmt":"2019-10-02T13:05:48","guid":{"rendered":"https:\/\/ferencesgimnazium.hu\/?page_id=2404"},"modified":"2026-02-10T08:44:39","modified_gmt":"2026-02-10T07:44:39","slug":"helyi-tantervek","status":"publish","type":"page","link":"https:\/\/ferencesgimnazium.hu\/index.php\/helyi-tantervek\/","title":{"rendered":"Helyi tantervek"},"content":{"rendered":"<p><span style=\"font-family: georgia, palatino, serif;\"><b><span style=\"font-size: large;\">Helyi tantervek (a 2020-as NAT szerint)<\/span><\/b><\/span><\/p>\n<p><a href=\"https:\/\/drive.google.com\/file\/d\/1ea1W4ftzapiPR2uDhpKKBF5xrtq8BDwW\/view?usp=sharing\"><span style=\"font-family: georgia, palatino, serif;\">ANGOL NYELV helyi tanterv<\/span><\/a><br \/>\n<span style=\"font-family: georgia, palatino, serif;\"><a href=\"https:\/\/drive.google.com\/file\/d\/1qNsFiX231J3BWEmYKLfOcgyH0yLZo8f2\/view?usp=sharing\" target=\"_blank\" rel=\"noopener noreferrer\">BIOLO\u0301GIA helyi tanterv<\/a><\/span><br \/>\n<span style=\"font-family: georgia, palatino, serif;\"><a class=\"css-tgpl01\" title=\"https:\/\/drive.google.com\/file\/d\/1F4jkqNmiwSE8d7kav3L31avcyrm25Oy1\/view?usp=sharing\" href=\"https:\/\/drive.google.com\/file\/d\/1F4jkqNmiwSE8d7kav3L31avcyrm25Oy1\/view?usp=sharing\" data-testid=\"link-with-safety\" data-renderer-mark=\"true\"><span class=\"fabric-text-color-mark\" data-renderer-mark=\"true\" data-text-custom-color=\"#2c55a4\">DIGIT\u00c1LIS KULT\u00daRA helyi tanterv<\/span><\/a><\/span><br \/>\n<span style=\"font-family: georgia, palatino, serif;\"><a href=\"https:\/\/drive.google.com\/file\/d\/1qyBK-fF72zGsT5hXVWK15UZyJEUUIX1b\/view?usp=sharing\" target=\"_blank\" rel=\"noopener noreferrer\">\u00c9NEK-ZENE helyi tanterv<\/a><\/span><br \/>\n<span style=\"font-family: georgia, palatino, serif;\"><a href=\"https:\/\/drive.google.com\/file\/d\/1Nbou9_WVanuX61VElRZgYVB9Ppt6T1kQ\/view?usp=sharing\" target=\"_blank\" rel=\"noopener noreferrer\">FIZIKA helyi tanterv<\/a><\/span><br \/>\n<span style=\"font-family: georgia, palatino, serif;\"><a href=\"https:\/\/drive.google.com\/file\/d\/1MzaxJlkT_wzSPPzmwve3F7LFpfHMYNzS\/view?usp=sharing\" target=\"_blank\" rel=\"noopener noreferrer\">FO\u0308LDRAJZ helyi tanterv<\/a><\/span><br \/>\n<span style=\"font-family: georgia, palatino, serif;\"><a href=\"https:\/\/drive.google.com\/file\/d\/17lJF9t2Sz2f6rN7zTyh9axQLMLVsDyfw\/view?usp=sharing\" target=\"_blank\" rel=\"noopener noreferrer\">HITTAN helyi tanterv<\/a><\/span><br \/>\n<span style=\"font-family: georgia, palatino, serif;\"><a href=\"https:\/\/drive.google.com\/file\/d\/13UqviHo1N2s3W3OhR66AlzrE-a7St9G_\/view?usp=sharing\" target=\"_blank\" rel=\"noopener noreferrer\">KE\u0301MIA helyi tanterv<\/a><\/span><br \/>\n<span style=\"font-family: georgia, palatino, serif;\"><a href=\"https:\/\/drive.google.com\/file\/d\/1EeI2BPiLjSYcuq9KP9j4HqLyA0TiQIhj\/view?usp=sharing\" target=\"_blank\" rel=\"noopener noreferrer\">MAGYAR NYELV \u00c9S IRODALOM helyi tanterv<\/a><\/span><br \/>\n<span style=\"font-family: georgia, palatino, serif;\"><a href=\"https:\/\/drive.google.com\/file\/d\/1qjYZcrQtMyRKaN5GDxVMKRdERbPryONs\/view?usp=sharing\" target=\"_blank\" rel=\"noopener noreferrer\">MATEMATIKA helyi tanterv<\/a><\/span><br \/>\n<span style=\"font-family: georgia, palatino, serif;\"><a href=\"https:\/\/drive.google.com\/file\/d\/1YoUsuZV5T8XDwk5zFmF1HZl6vvFODTd5\/view?usp=sharing\" target=\"_blank\" rel=\"noopener noreferrer\">N\u00c9MET NYELV helyi tanterv<\/a><\/span><br \/>\n<span style=\"font-family: georgia, palatino, serif;\"><a href=\"https:\/\/drive.google.com\/file\/d\/116oYTncKTZQcPjL3p4GdBuFRRowJQhIc\/view?usp=sharing\" target=\"_blank\" rel=\"noopener noreferrer\">OLASZ NYELV helyi tanterv<\/a><\/span><br \/>\n<span style=\"font-family: georgia, palatino, serif;\"><a href=\"https:\/\/drive.google.com\/file\/d\/1I7ETTgHyl4-DQL2d2pZDXOPxlC7EApbW\/view?usp=sharing\" target=\"_blank\" rel=\"noopener noreferrer\">TECHNIKA \u00c9S \u00c9LETVITEL helyi tanterv<\/a><\/span><br \/>\n<span style=\"font-family: georgia, palatino, serif;\"><a href=\"https:\/\/drive.google.com\/file\/d\/18Rb_d1LIjG035HjfyherDU9wvgln-3L4\/view?usp=sharing\" target=\"_blank\" rel=\"noopener noreferrer\">TERME\u0301SZETTUDOMA\u0301NY helyi tanterv &#8211; 11. e\u0301vfolyam<\/a><\/span><br \/>\n<span style=\"font-family: georgia, palatino, serif;\"><a href=\"https:\/\/drive.google.com\/file\/d\/1thHp4enQ7t2k0fHjGzrDFtl8a2rw1fiA\/view?usp=sharing\" target=\"_blank\" rel=\"noopener noreferrer\">TESTNEVEL\u00c9S helyi tanterv<\/a><\/span><br \/>\n<span style=\"font-family: georgia, palatino, serif;\"><a href=\"https:\/\/drive.google.com\/file\/d\/1VUE5ZP4llE4XheS6kmxBGDieYwXdEPwO\/view?usp=sharing\" target=\"_blank\" rel=\"noopener noreferrer\">T\u00d6RT\u00c9NELEM helyi tanterv<\/a><\/span><br \/>\n<span style=\"font-family: georgia, palatino, serif;\"><a href=\"https:\/\/drive.google.com\/file\/d\/1fb96k7qGEfETIjsHDxBO_jXujDYtVift\/view?usp=sharing\" target=\"_blank\" rel=\"noopener noreferrer\">VIZU\u00c1LIS KULT\u00daRA helyi tanterv<\/a><\/span><\/p>\n","protected":false},"excerpt":{"rendered":"<p>Helyi tantervek (a 2020-as NAT szerint) ANGOL NYELV helyi tanterv BIOLO\u0301GIA helyi tanterv DIGIT\u00c1LIS KULT\u00daRA helyi tanterv \u00c9NEK-ZENE helyi tanterv [&hellip;]<\/p>\n","protected":false},"author":2,"featured_media":0,"parent":0,"menu_order":0,"comment_status":"closed","ping_status":"closed","template":"","meta":{"ngg_post_thumbnail":0,"footnotes":""},"class_list":["post-2404","page","type-page","status-publish","hentry"],"_links":{"self":[{"href":"https:\/\/ferencesgimnazium.hu\/index.php\/wp-json\/wp\/v2\/pages\/2404","targetHints":{"allow":["GET"]}}],"collection":[{"href":"https:\/\/ferencesgimnazium.hu\/index.php\/wp-json\/wp\/v2\/pages"}],"about":[{"href":"https:\/\/ferencesgimnazium.hu\/index.php\/wp-json\/wp\/v2\/types\/page"}],"author":[{"embeddable":true,"href":"https:\/\/ferencesgimnazium.hu\/index.php\/wp-json\/wp\/v2\/users\/2"}],"replies":[{"embeddable":true,"href":"https:\/\/ferencesgimnazium.hu\/index.php\/wp-json\/wp\/v2\/comments?post=2404"}],"version-history":[{"count":5,"href":"https:\/\/ferencesgimnazium.hu\/index.php\/wp-json\/wp\/v2\/pages\/2404\/revisions"}],"predecessor-version":[{"id":4460,"href":"https:\/\/ferencesgimnazium.hu\/index.php\/wp-json\/wp\/v2\/pages\/2404\/revisions\/4460"}],"wp:attachment":[{"href":"https:\/\/ferencesgimnazium.hu\/index.php\/wp-json\/wp\/v2\/media?parent=2404"}],"curies":[{"name":"wp","href":"https:\/\/api.w.org\/{rel}","templated":true}]}}