{"id":230,"date":"2018-08-14T22:56:24","date_gmt":"2018-08-14T21:56:24","guid":{"rendered":"http:\/\/195.199.208.92\/?page_id=230"},"modified":"2023-05-11T13:45:34","modified_gmt":"2023-05-11T11:45:34","slug":"alapitvany","status":"publish","type":"page","link":"https:\/\/ferencesgimnazium.hu\/index.php\/alapitvany\/","title":{"rendered":"Iskola Alap\u00edtv\u00e1nya"},"content":{"rendered":"<p><span style=\"font-size: 18pt;\"><strong>J\u00f3 Rem\u00e9nys\u00e9g Alap\u00edtv\u00e1ny Szentendre<\/strong><\/span><\/p>\n<p><strong><i>A szentendrei&nbsp;<\/i><i>Ferences Gimn\u00e1zium alap\u00edtv\u00e1nya<\/i><\/strong><\/p>\n<p>&nbsp;<\/p>\n<p><span style=\"text-decoration: underline;\">N\u00e9v:<\/span>&nbsp;&nbsp;<strong>J\u00f3 Rem\u00e9nys\u00e9g Alap\u00edtv\u00e1ny Szentendre<\/strong><br \/>\n<span style=\"text-decoration: underline;\">Ad\u00f3sz\u00e1ma:<\/span>&nbsp;<strong>18894934-1-13<\/strong><br \/>\n<span style=\"text-decoration: underline;\">Banksz\u00e1mlasz\u00e1ma:<\/span>&nbsp;<strong>11747006-20206088-00000000<\/strong><\/p>\n<p><strong>Az alap\u00edtv\u00e1ny c\u00e9ljai:<\/strong><\/p>\n<ul>\n<li>A tanul\u00e1s hat\u00e9konys\u00e1g\u00e1t el\u0151seg\u00edt\u0151 oktat\u00e1si, k\u00e9pz\u00e9si folyamatok,&nbsp;szakmai programok, tanulm\u00e1nyutak t\u00e1mogat\u00e1sa.<\/li>\n<li>Di\u00e1kcsere programok, anyagi t\u00e1mogat\u00e1sa.<\/li>\n<li>A h\u00e1tr\u00e1nyos helyzet\u0171 gyermekek megseg\u00edt\u00e9se, \u00e9tkez\u00e9si t\u00e1mogat\u00e1sa.<\/li>\n<li>Szaktan\u00e1ri tov\u00e1bbk\u00e9pz\u00e9sek anyagi t\u00e1mogat\u00e1sa.<\/li>\n<li>A tanul\u00f3k tud\u00e1s\u00e1nak b\u0151v\u00edt\u00e9s\u00e9hez, elm\u00e9ly\u00edt\u00e9s\u00e9hez sz\u00fcks\u00e9ges&nbsp;eszk\u00f6z\u00f6k, felszerel\u00e9sek, tank\u00f6nyvek beszerz\u00e9s\u00e9nek el\u0151seg\u00edt\u00e9se.<\/li>\n<li>Iskolai \u00e9s iskol\u00e1n k\u00edv\u00fcli szakmai programok \u00e9s a seg\u00edt\u0151 szem\u00e9lyek&nbsp;anyagi t\u00e1mogat\u00e1sa.<\/li>\n<\/ul>\n<p><strong>&nbsp;K\u00f6sz\u00f6nettel vessz\u00fck az egy sz\u00e1zal\u00e9kok felaj\u00e1nl\u00e1s\u00e1t!<\/strong><\/p>\n<p><img loading=\"lazy\" decoding=\"async\" class=\"alignnone wp-image-231 size-medium\" src=\"http:\/\/195.199.208.92\/wp-content\/uploads\/2018\/08\/ado1-300x223.png\" alt=\"\" width=\"300\" height=\"223\" srcset=\"https:\/\/ferencesgimnazium.hu\/wp-content\/uploads\/2018\/08\/ado1-300x223.png 300w, https:\/\/ferencesgimnazium.hu\/wp-content\/uploads\/2018\/08\/ado1-230x171.png 230w, https:\/\/ferencesgimnazium.hu\/wp-content\/uploads\/2018\/08\/ado1-350x260.png 350w, https:\/\/ferencesgimnazium.hu\/wp-content\/uploads\/2018\/08\/ado1-480x357.png 480w, https:\/\/ferencesgimnazium.hu\/wp-content\/uploads\/2018\/08\/ado1.png 516w\" sizes=\"auto, (max-width: 300px) 100vw, 300px\" \/><\/p>\n<p>&nbsp;<\/p>\n<p>&nbsp;<\/p>\n<p><strong><span style=\"font-size: 18pt;\">Hittel, Szeretettel Gyermekeink\u00e9rt Alap\u00edtv\u00e1ny<\/span><\/strong><\/p>\n<p><strong>Hartmann Gy\u00f6rgyn\u00e9 es Hartmann Gy\u00f6rgy<\/strong>&nbsp;azon nemes c\u00e9l\u00e9rt faradoztak, hogy a gyermekek, illetve az ifj\u00fas\u00e1g megfelel\u0151 nevel\u00e9sben r\u00e9szes\u00fclj\u00f6n, erk\u00f6lcsi \u00e9rt\u00e9kek hordoz\u00f3ja lehessen. Ez\u00e9rt Hartmann Gy\u00f6rgyn\u00e9 f\u00e9rje nev\u00e9nek \u00e9s szellemis\u00e9g\u00e9nek is eml\u00e9ket \u00e1ll\u00edtva, vagyon\u00e1nak egy r\u00e9sz\u00e9t a di\u00e1k- \u00e9s ifj\u00fas\u00e1gnevel\u00e9s c\u00e9lj\u00e1ra ford\u00edtott.<\/p>\n<p><strong>Az Alap\u00edtv\u00e1ny c\u00e9lja<\/strong>, hogy seg\u00edtse \u00e9s t\u00e1mogassa a szentendrei Ferences Gimn\u00e1ziumban a szoci\u00e1lis probl\u00e9m\u00e1kkal k\u00fcszk\u00f6d\u0151, h\u00e1tr\u00e1nyos helyzet\u0171, de j\u00f3 tanulm\u00e1nyi eredm\u00e9nyeket el\u00e9r\u0151 di\u00e1kokat.<\/p>\n<p><strong>A t\u00e1mogat\u00e1st \u00f6szt\u00f6nd\u00edj elnyer\u00e9s\u00e9vel lehet megkapni<\/strong>,&nbsp;<strong>amire p\u00e1ly\u00e1zni&nbsp;minden \u00e9vben augusztus 15-ig lehet&nbsp;egy k\u00e9relem beny\u00fajt\u00e1s\u00e1val<\/strong>, amelyben meg kell indokolni a r\u00e1szorults\u00e1got, v\u00e1llal\u00e1st kell tenni a k\u00f6z\u00f6ss\u00e9gi \u00e9letben vagy a tanulm\u00e1nyok ter\u00e9n. <a href=\"https:\/\/drive.google.com\/a\/ferencesgimnazium.hu\/file\/d\/1EzKofd8hXU4dTAzx-vP8Gu6XTGXcwK7V\/view?usp=sharing\" target=\"_blank\" rel=\"noopener noreferrer\">Az \u00f6szt\u00f6nd\u00edj \u0171rlapja itt el\u00e9rhet\u0151.<\/a><\/p>\n","protected":false},"excerpt":{"rendered":"<p>J\u00f3 Rem\u00e9nys\u00e9g Alap\u00edtv\u00e1ny Szentendre A szentendrei&nbsp;Ferences Gimn\u00e1zium alap\u00edtv\u00e1nya &nbsp; N\u00e9v:&nbsp;&nbsp;J\u00f3 Rem\u00e9nys\u00e9g Alap\u00edtv\u00e1ny Szentendre Ad\u00f3sz\u00e1ma:&nbsp;18894934-1-13 Banksz\u00e1mlasz\u00e1ma:&nbsp;11747006-20206088-00000000 Az alap\u00edtv\u00e1ny c\u00e9ljai: A tanul\u00e1s [&hellip;]<\/p>\n","protected":false},"author":2,"featured_media":0,"parent":0,"menu_order":0,"comment_status":"closed","ping_status":"closed","template":"","meta":{"ngg_post_thumbnail":0,"footnotes":""},"class_list":["post-230","page","type-page","status-publish","hentry"],"_links":{"self":[{"href":"https:\/\/ferencesgimnazium.hu\/index.php\/wp-json\/wp\/v2\/pages\/230","targetHints":{"allow":["GET"]}}],"collection":[{"href":"https:\/\/ferencesgimnazium.hu\/index.php\/wp-json\/wp\/v2\/pages"}],"about":[{"href":"https:\/\/ferencesgimnazium.hu\/index.php\/wp-json\/wp\/v2\/types\/page"}],"author":[{"embeddable":true,"href":"https:\/\/ferencesgimnazium.hu\/index.php\/wp-json\/wp\/v2\/users\/2"}],"replies":[{"embeddable":true,"href":"https:\/\/ferencesgimnazium.hu\/index.php\/wp-json\/wp\/v2\/comments?post=230"}],"version-history":[{"count":5,"href":"https:\/\/ferencesgimnazium.hu\/index.php\/wp-json\/wp\/v2\/pages\/230\/revisions"}],"predecessor-version":[{"id":3425,"href":"https:\/\/ferencesgimnazium.hu\/index.php\/wp-json\/wp\/v2\/pages\/230\/revisions\/3425"}],"wp:attachment":[{"href":"https:\/\/ferencesgimnazium.hu\/index.php\/wp-json\/wp\/v2\/media?parent=230"}],"curies":[{"name":"wp","href":"https:\/\/api.w.org\/{rel}","templated":true}]}}