{"id":217,"date":"2018-08-14T22:36:08","date_gmt":"2018-08-14T21:36:08","guid":{"rendered":"http:\/\/195.199.208.92\/?page_id=217"},"modified":"2026-02-23T14:51:13","modified_gmt":"2026-02-23T13:51:13","slug":"adatok","status":"publish","type":"page","link":"https:\/\/ferencesgimnazium.hu\/index.php\/adatok\/","title":{"rendered":"Iskola el\u00e9rhet\u0151s\u00e9ge"},"content":{"rendered":"<p><span style=\"font-family: georgia, palatino, serif; font-size: 12pt;\">Iskol\u00e1nk a <a href=\"http:\/\/www.ferencesek.hu\/\" target=\"_blank\" rel=\"noopener noreferrer\"><span style=\"color: #ff0000;\">Magyarok Nagyasszonya Ferences Rendtartom\u00e1ny<\/span><\/a> \u00e1ltal fenntartott Ferences Gimn\u00e1zium Szentendr\u00e9n.<\/span><\/p>\n<p><span style=\"font-family: georgia, palatino, serif; font-size: 12pt;\"><strong>N\u00e9v:<\/strong> Ferences Gimn\u00e1zium<\/span><br \/>\n<span style=\"font-family: georgia, palatino, serif; font-size: 12pt;\"><strong>C\u00edm:<\/strong> 2000 Szentendre, \u00c1prily Lajos t\u00e9r 2.<\/span><br \/>\n<span style=\"font-size: 12pt; font-family: georgia, palatino, serif;\"><strong>Telefon: <\/strong><\/span><\/p>\n<ul style=\"list-style-type: circle;\">\n<li><span style=\"font-family: georgia, palatino, serif; font-size: 12pt;\">Porta: +36\/26 787-045<\/span><\/li>\n<li><span style=\"font-family: georgia, palatino, serif; font-size: 12pt;\">Gazdas\u00e1gi iroda: +36\/20 823-24-03<\/span><\/li>\n<li><span style=\"font-family: georgia, palatino, serif; font-size: 12pt;\">Iskolatitk\u00e1r: +36\/20 215-33-78<\/span><\/li>\n<\/ul>\n<p><span style=\"font-size: 12pt; font-family: georgia, palatino, serif;\"><strong>E-mail:<\/strong> iskola@ferencesgimnazium.hu<span style=\"text-decoration: underline;\"><br \/>\n<\/span><strong>Honlap:<\/strong> www.ferencesgimnazium.hu<\/span><br \/>\n<span style=\"font-family: georgia, palatino, serif; font-size: 12pt;\"><strong>OM azonos\u00edt\u00f3:<\/strong> 037730<\/span><br \/>\n<span style=\"font-size: 12pt; font-family: georgia, palatino, serif;\"><strong>Ad\u00f3sz\u00e1m:<\/strong> 19169060-2-13<span style=\"text-decoration: underline;\"><br \/>\n<\/span><strong>Banksz\u00e1mlasz\u00e1m (\u00e9tkez\u00e9s, tank\u00f6nyv):<\/strong> OTP 11742087-20038887,&nbsp;BIC(SWIFT) k\u00f3d: OTPVHUHB<\/span><\/p>\n<p><strong>Az iskola alap\u00edtv\u00e1nya: <\/strong>J\u00f3 Rem\u00e9nys\u00e9g Alap\u00edtv\u00e1ny Szentendre<br \/>\nAd\u00f3sz\u00e1ma: 18894934-1-13<br \/>\nBanksz\u00e1mlasz\u00e1ma: 11747006-20206088-00000000<\/p>\n<p>&nbsp;<\/p>\n<p><span style=\"font-family: georgia, palatino, serif; font-size: 12pt;\"><strong>Igazgat\u00f3:<\/strong> <span style=\"color: #3366ff;\">dr. <\/span><span style=\"color: #3366ff;\">Kamp Alfr\u00e9d<\/span><\/span><\/p>\n<ul style=\"list-style-type: circle;\">\n<li><span style=\"font-family: georgia, palatino, serif; font-size: 12pt;\"><strong>E-mail:<\/strong> igazgato@ferencesgimnazium.hu<\/span><\/li>\n<li><span style=\"font-family: georgia, palatino, serif; font-size: 12pt;\"><strong>Fogad\u00f3\u00f3ra:<\/strong> minden h\u00e9tf\u0151n (kiv\u00e9ve iskolai sz\u00fcnetekben) 16:00-t\u00f3l 18:00-ig.<br \/>\n<\/span><em>El\u0151zetes bejelentkez\u00e9st k\u00e9r\u00fcnk az igazgat\u00f3i e-mail c\u00edmen!<\/em><\/li>\n<\/ul>\n<p>&nbsp;<\/p>\n<p><span style=\"font-family: georgia, palatino, serif; font-size: 12pt;\"><strong>Titk\u00e1rs\u00e1g:<\/strong> <span style=\"color: #3366ff;\">Barn\u00e1n\u00e9 Varga Anita<\/span>&nbsp;<em>iskolatitk\u00e1r<\/em><\/span><\/p>\n<ul style=\"list-style-type: circle;\">\n<li><span style=\"font-size: 12pt; font-family: georgia, palatino, serif;\">\u00c1ltal\u00e1nos \u00fcgyek, \u00e9retts\u00e9gi, k\u00f6z\u00e9piskolai felv\u00e9teli, OKTV<\/span><\/li>\n<li><span style=\"font-family: georgia, palatino, serif; font-size: 12pt;\"><strong>E-mail: <\/strong><\/span><span style=\"font-family: georgia, palatino, serif; font-size: 12pt;\">iskolatitkar@ferencesgimnazium.hu<\/span><\/li>\n<li><span style=\"font-size: 12pt; font-family: georgia, palatino, serif;\"><strong>Telefon:<\/strong> +36\/20 215-33-78<\/span><\/li>\n<li><span style=\"font-family: georgia, palatino, serif; font-size: 12pt;\"><strong>Fogad\u00f3\u00f3ra:<\/strong> minden nap (kiv\u00e9ve iskolai sz\u00fcnetekben) 12:00-t\u00f3l 14:00-ig.<\/span><\/li>\n<\/ul>\n<p><span style=\"font-size: 12pt; font-family: georgia, palatino, serif;\">Iskolal\u00e1togat\u00e1si (jogviszony) igazol\u00e1s, bizony\u00edtv\u00e1ny m\u00e1solat, di\u00e1kigazolv\u00e1ny \u00fcgyint\u00e9z\u00e9s: <strong>jogviszony@ferencesgimnazium.hu<\/strong>.<\/span><\/p>\n<p>&nbsp;<\/p>\n<p><span style=\"font-family: georgia, palatino, serif; font-size: 12pt;\"><strong>Gazdas\u00e1gi iroda:<\/strong> <span style=\"color: #3366ff;\">Dr. Cs\u00e1nyin\u00e9 T\u00f3th Erzs\u00e9bet<\/span> <em>gazdas\u00e1gi \u00fcgyint\u00e9z\u0151<\/em><\/span><\/p>\n<ul style=\"list-style-type: circle;\">\n<li><span style=\"font-size: 12pt; font-family: georgia, palatino, serif;\">M\u00c1K hat\u00e1rozat<\/span><\/li>\n<li><span style=\"font-family: georgia, palatino, serif; font-size: 12pt;\"><strong>E-mail:<\/strong> csanyine.erzsebet@ferencesgimnazium.hu<\/span><\/li>\n<li><span style=\"font-size: 12pt; font-family: georgia, palatino, serif;\"><strong>Telefon:<\/strong> <span style=\"font-weight: 400;\">+36\/20 823-24-03<\/span><\/span><\/li>\n<li><span style=\"font-family: georgia, palatino, serif; font-size: 12pt;\"><strong>Fogad\u00f3\u00f3ra:<\/strong> h\u00e9tf\u0151-cs\u00fct\u00f6rt\u00f6k 13:00-t\u00f3l 15:00-ig.<\/span><\/li>\n<\/ul>\n<p>&nbsp;<\/p>\n<p><span style=\"font-family: georgia, palatino, serif; font-size: 12pt;\"><strong>Napl\u00f3 adminisztr\u00e1tor:<\/strong>&nbsp;<\/span><\/p>\n<ul style=\"list-style-type: circle;\">\n<li><span style=\"font-size: 12pt; font-family: georgia, palatino, serif;\">Az&nbsp;<span style=\"color: #0000ff;\"><a style=\"color: #0000ff;\" href=\"https:\/\/naplo.ferencesgimnazium.hu\/\">elektronikus napl\u00f3val<\/a><\/span> kapcsolatos minden nem\u0171 probl\u00e9ma.<\/span><\/li>\n<li><span style=\"font-family: georgia, palatino, serif; font-size: 12pt;\"><strong>E-mail:<\/strong> naplo@ferencesgimnazium.hu<\/span><\/li>\n<\/ul>\n<p>&nbsp;<\/p>\n<p><span style=\"font-family: georgia, palatino, serif; font-size: 12pt;\"><b>\u00c9lelmez\u00e9svezet\u0151<\/b><strong>:<\/strong> <span style=\"color: #3366ff;\">M\u00e9sz\u00e1ros J\u00f3zsef<\/span><\/span><\/p>\n<ul style=\"list-style-type: circle;\">\n<li><span style=\"font-size: 12pt; font-family: georgia, palatino, serif;\">Eb\u00e9d lemond\u00e1s (aznapi eb\u00e9dlemond\u00e1s reggel 8:00-ig lehets\u00e9ges!), \u00e9tel\u00e9rz\u00e9kenys\u00e9g jelent\u00e9se.<\/span><\/li>\n<li><span style=\"font-family: georgia, palatino, serif; font-size: 12pt;\"><strong>E-mail:<\/strong> menza@ferencesgimnazium.hu<\/span><\/li>\n<\/ul>\n<p>&nbsp;<\/p>\n<p><span style=\"font-size: 12pt; font-family: georgia, palatino, serif;\"><strong>K\u00f6nyvt\u00e1runk nyitvatart\u00e1si ideje:<\/strong><\/span><\/p>\n<p><span style=\"font-family: georgia, palatino, serif; font-size: 12pt;\">H\u00e9tf\u0151: 8:00 &#8211; 16:00<\/span><br \/>\n<span style=\"font-family: georgia, palatino, serif; font-size: 12pt;\">Kedd: 8:00 &#8211; 16:00<\/span><br \/>\n<span style=\"font-family: georgia, palatino, serif; font-size: 12pt;\">Szerda: 8:00 &#8211; 16:00<\/span><br \/>\n<span style=\"font-family: georgia, palatino, serif; font-size: 12pt;\">Cs\u00fct\u00f6rt\u00f6k: 8:00 &#8211; 16:00<\/span><br \/>\n<span style=\"font-family: georgia, palatino, serif; font-size: 12pt;\">P\u00e9ntek: 8:00 &#8211; 16:00<\/span><\/p>\n<p><span style=\"font-family: georgia, palatino, serif; font-size: 12pt;\">K\u00f6lcs\u00f6nz\u00e9s \u00e9s visszav\u00e9tel minden nap 15 \u00f3r\u00e1ig tart.<\/span><br \/>\n<span style=\"font-family: georgia, palatino, serif; font-size: 12pt;\">A k\u00f6nyvt\u00e1r egy\u00e9b terei \u00e9s a szabadpolcos \u00e1llom\u00e1ny 16 \u00f3r\u00e1ig haszn\u00e1lhat\u00f3.<\/span><\/p>\n","protected":false},"excerpt":{"rendered":"<p>Iskol\u00e1nk a Magyarok Nagyasszonya Ferences Rendtartom\u00e1ny \u00e1ltal fenntartott Ferences Gimn\u00e1zium Szentendr\u00e9n. N\u00e9v: Ferences Gimn\u00e1zium C\u00edm: 2000 Szentendre, \u00c1prily Lajos t\u00e9r [&hellip;]<\/p>\n","protected":false},"author":2,"featured_media":0,"parent":0,"menu_order":0,"comment_status":"closed","ping_status":"closed","template":"","meta":{"ngg_post_thumbnail":0,"footnotes":""},"class_list":["post-217","page","type-page","status-publish","hentry"],"_links":{"self":[{"href":"https:\/\/ferencesgimnazium.hu\/index.php\/wp-json\/wp\/v2\/pages\/217","targetHints":{"allow":["GET"]}}],"collection":[{"href":"https:\/\/ferencesgimnazium.hu\/index.php\/wp-json\/wp\/v2\/pages"}],"about":[{"href":"https:\/\/ferencesgimnazium.hu\/index.php\/wp-json\/wp\/v2\/types\/page"}],"author":[{"embeddable":true,"href":"https:\/\/ferencesgimnazium.hu\/index.php\/wp-json\/wp\/v2\/users\/2"}],"replies":[{"embeddable":true,"href":"https:\/\/ferencesgimnazium.hu\/index.php\/wp-json\/wp\/v2\/comments?post=217"}],"version-history":[{"count":5,"href":"https:\/\/ferencesgimnazium.hu\/index.php\/wp-json\/wp\/v2\/pages\/217\/revisions"}],"predecessor-version":[{"id":4478,"href":"https:\/\/ferencesgimnazium.hu\/index.php\/wp-json\/wp\/v2\/pages\/217\/revisions\/4478"}],"wp:attachment":[{"href":"https:\/\/ferencesgimnazium.hu\/index.php\/wp-json\/wp\/v2\/media?parent=217"}],"curies":[{"name":"wp","href":"https:\/\/api.w.org\/{rel}","templated":true}]}}