{"id":2153,"date":"2019-05-24T10:56:46","date_gmt":"2019-05-24T08:56:46","guid":{"rendered":"https:\/\/ferencesgimnazium.hu\/?page_id=2153"},"modified":"2025-11-10T21:25:52","modified_gmt":"2025-11-10T20:25:52","slug":"ruha","status":"publish","type":"page","link":"https:\/\/ferencesgimnazium.hu\/index.php\/ruha\/","title":{"rendered":"Iskolai \u00fcnnepl\u0151- \u00e9s egyenruha"},"content":{"rendered":"<p><em><a href=\"https:\/\/ferencesgimnazium.hu\/wp-content\/uploads\/2020\/08\/kapucnispulcsi_1.jpg\"><img loading=\"lazy\" decoding=\"async\" class=\"size-medium wp-image-2559 alignright\" src=\"https:\/\/ferencesgimnazium.hu\/wp-content\/uploads\/2020\/08\/kapucnispulcsi_1-239x300.jpg\" alt=\"\" width=\"239\" height=\"300\" srcset=\"https:\/\/ferencesgimnazium.hu\/wp-content\/uploads\/2020\/08\/kapucnispulcsi_1-239x300.jpg 239w, https:\/\/ferencesgimnazium.hu\/wp-content\/uploads\/2020\/08\/kapucnispulcsi_1-816x1024.jpg 816w, https:\/\/ferencesgimnazium.hu\/wp-content\/uploads\/2020\/08\/kapucnispulcsi_1-768x963.jpg 768w, https:\/\/ferencesgimnazium.hu\/wp-content\/uploads\/2020\/08\/kapucnispulcsi_1-1225x1536.jpg 1225w, https:\/\/ferencesgimnazium.hu\/wp-content\/uploads\/2020\/08\/kapucnispulcsi_1-830x1041.jpg 830w, https:\/\/ferencesgimnazium.hu\/wp-content\/uploads\/2020\/08\/kapucnispulcsi_1-230x288.jpg 230w, https:\/\/ferencesgimnazium.hu\/wp-content\/uploads\/2020\/08\/kapucnispulcsi_1-350x439.jpg 350w, https:\/\/ferencesgimnazium.hu\/wp-content\/uploads\/2020\/08\/kapucnispulcsi_1-480x602.jpg 480w, https:\/\/ferencesgimnazium.hu\/wp-content\/uploads\/2020\/08\/kapucnispulcsi_1.jpg 1522w\" sizes=\"auto, (max-width: 239px) 100vw, 239px\" \/><\/a>&#8222;Tan\u00edt\u00e1si id\u0151 alatt k\u00f6telez\u0151 a l\u00e1that\u00f3 m\u00f3don viselt k\u00f6peny, vagy iskolai p\u00f3l\u00f3, iskolai pul\u00f3ver.<br \/>\n\u00dcnnep\u00e9lyeken, ballag\u00e1son \u00e9s egy\u00e9b, esetenk\u00e9nt meghat\u00e1rozott alkalmakkor k\u00f6telez\u0151 az iskola egyenruh\u00e1j\u00e1ban megjelenni:<\/em><\/p>\n<ul>\n<li><em><span style=\"color: #000000;\"><strong>l\u00e1nyoknak:<\/strong><\/span> 9-12. \u00e9vfolyamon: iskolai egyenbl\u00faz \u00e9s t\u00e9rdig \u00e9r\u0151 fekete szoknya, 7-8. \u00e9vfolyamon: feh\u00e9r bl\u00faz iskolai s\u00e1llal \u00e9s t\u00e9rdig \u00e9r\u0151 fekete szoknya<\/em><\/li>\n<li><em><strong>fi\u00faknak:<\/strong> feh\u00e9r ing, s\u00f6t\u00e9t \u00f6lt\u00f6ny, iskolai nyakkend\u0151,<\/em><\/li>\n<li><em><strong>mindenkinek:<\/strong> alkalomhoz ill\u0151 cip\u0151.&#8221;<\/em><\/li>\n<\/ul>\n<p><em>(R\u00e9szlet az iskola h\u00e1zirendj\u00e9b\u0151l, 3.1.)<br \/>\n<\/em><\/p>\n<p>&nbsp;<\/p>\n<p><strong>Iskolai p\u00f3l\u00f3, pul\u00f3ver, k\u00f6peny, s\u00e1l \u00e9s nyakkend\u0151<\/strong>&nbsp;a Ferences Webboltban (<span style=\"color: #ff0000;\"><strong><a style=\"color: #ff0000;\" href=\"https:\/\/bolt.ferencesek.hu\/termekkategoria\/szentendrei-gimnazium-termekei\/\" target=\"_blank\" rel=\"noopener noreferrer\">bolt.ferencesek.hu<\/a><\/strong><\/span>) megv\u00e1s\u00e1rolhat\u00f3.<\/p>\n<p><strong>K\u00e9rd\u00e9s eset\u00e9n:<\/strong> <span style=\"color: #000000;\">polo@ferencesgimnazium.hu<\/span><\/p>\n<p>&nbsp;<\/p>\n<p><strong>Hagyom\u00e1nyos k\u00f6peny<\/strong> a <span style=\"color: #ff0000;\"><a style=\"color: #ff0000;\" href=\"https:\/\/bolt.ferencesek.hu\/termekkategoria\/szentendrei-gimnazium-termekei\/\">Ferences Webboltban<\/a><\/span> illetve a k\u00f6vetkez\u0151 el\u00e9rhet\u0151s\u00e9gen v\u00e1s\u00e1rolhat\u00f3: Sz\u00f6szy Fashion (1046 Budapest, Kiss Ern\u0151 utca 2., <span style=\"color: #ff0000;\"><strong><a style=\"color: #ff0000;\" href=\"http:\/\/szoszy.com\" target=\"_blank\" rel=\"noopener noreferrer\">szoszy.com<\/a><\/strong><\/span>)<\/p>\n<p>A di\u00e1kok<span style=\"color: #ff0000;\"> <strong><a style=\"color: #ff0000;\" href=\"https:\/\/docs.google.com\/spreadsheets\/d\/1hDGsNwPRVLby4TDbVFKJ44z5znD3EShkMRdsnhYIsfM\/edit?usp=sharing\" target=\"_blank\" rel=\"noopener noreferrer\">ezen t\u00e1bl\u00e1zat<\/a><\/strong><\/span> seg\u00edts\u00e9g\u00e9vel k\u00f6nnyen tudnak <strong>haszn\u00e1lt \u00fcnnepl\u0151 ruh\u00e1t adni \u2013 venni \u2013 cser\u00e9lni<\/strong>. A t\u00e1bl\u00e1zat k\u00e9t f\u00fclet tartalmaz: KERES \u00e9s K\u00cdN\u00c1L. A t\u00e1bl\u00e1zat szerkeszthet\u0151, vagyis k\u00f6nnyen hozz\u00e1adhat\u00f3 \u00faj ruha el\u00e9rhet\u0151s\u00e9gekkel.<\/p>\n<p>&nbsp;<\/p>\n<p><strong>Iskolai le\u00e1ny bl\u00faz:<\/strong><\/p>\n<p><span style=\"color: #0000ff;\">Balalik \u00c1gnes<\/span><\/p>\n<p><strong>mobil:<\/strong> +36\/20 328-86-15<\/p>\n<p><a href=\"https:\/\/ferencesgimnazium.hu\/wp-content\/uploads\/2021\/11\/IMG_20211117_162449.jpg\"><img loading=\"lazy\" decoding=\"async\" class=\"size-medium wp-image-3063 alignleft\" src=\"https:\/\/ferencesgimnazium.hu\/wp-content\/uploads\/2021\/11\/IMG_20211117_162449-169x300.jpg\" alt=\"\" width=\"169\" height=\"300\" srcset=\"https:\/\/ferencesgimnazium.hu\/wp-content\/uploads\/2021\/11\/IMG_20211117_162449-169x300.jpg 169w, https:\/\/ferencesgimnazium.hu\/wp-content\/uploads\/2021\/11\/IMG_20211117_162449-578x1024.jpg 578w, https:\/\/ferencesgimnazium.hu\/wp-content\/uploads\/2021\/11\/IMG_20211117_162449-768x1361.jpg 768w, https:\/\/ferencesgimnazium.hu\/wp-content\/uploads\/2021\/11\/IMG_20211117_162449-867x1536.jpg 867w, https:\/\/ferencesgimnazium.hu\/wp-content\/uploads\/2021\/11\/IMG_20211117_162449-1155x2048.jpg 1155w, https:\/\/ferencesgimnazium.hu\/wp-content\/uploads\/2021\/11\/IMG_20211117_162449-830x1471.jpg 830w, https:\/\/ferencesgimnazium.hu\/wp-content\/uploads\/2021\/11\/IMG_20211117_162449-230x408.jpg 230w, https:\/\/ferencesgimnazium.hu\/wp-content\/uploads\/2021\/11\/IMG_20211117_162449-350x620.jpg 350w, https:\/\/ferencesgimnazium.hu\/wp-content\/uploads\/2021\/11\/IMG_20211117_162449-480x851.jpg 480w, https:\/\/ferencesgimnazium.hu\/wp-content\/uploads\/2021\/11\/IMG_20211117_162449.jpg 1328w\" sizes=\"auto, (max-width: 169px) 100vw, 169px\" \/><\/a> <a href=\"https:\/\/ferencesgimnazium.hu\/wp-content\/uploads\/2021\/11\/IMG_20211117_162610.jpg\"><img loading=\"lazy\" decoding=\"async\" class=\"size-medium wp-image-3064 alignleft\" src=\"https:\/\/ferencesgimnazium.hu\/wp-content\/uploads\/2021\/11\/IMG_20211117_162610-169x300.jpg\" alt=\"\" width=\"169\" height=\"300\" srcset=\"https:\/\/ferencesgimnazium.hu\/wp-content\/uploads\/2021\/11\/IMG_20211117_162610-169x300.jpg 169w, https:\/\/ferencesgimnazium.hu\/wp-content\/uploads\/2021\/11\/IMG_20211117_162610-578x1024.jpg 578w, https:\/\/ferencesgimnazium.hu\/wp-content\/uploads\/2021\/11\/IMG_20211117_162610-768x1361.jpg 768w, https:\/\/ferencesgimnazium.hu\/wp-content\/uploads\/2021\/11\/IMG_20211117_162610-867x1536.jpg 867w, https:\/\/ferencesgimnazium.hu\/wp-content\/uploads\/2021\/11\/IMG_20211117_162610-1155x2048.jpg 1155w, https:\/\/ferencesgimnazium.hu\/wp-content\/uploads\/2021\/11\/IMG_20211117_162610-830x1471.jpg 830w, https:\/\/ferencesgimnazium.hu\/wp-content\/uploads\/2021\/11\/IMG_20211117_162610-230x408.jpg 230w, https:\/\/ferencesgimnazium.hu\/wp-content\/uploads\/2021\/11\/IMG_20211117_162610-350x620.jpg 350w, https:\/\/ferencesgimnazium.hu\/wp-content\/uploads\/2021\/11\/IMG_20211117_162610-480x851.jpg 480w, https:\/\/ferencesgimnazium.hu\/wp-content\/uploads\/2021\/11\/IMG_20211117_162610.jpg 1328w\" sizes=\"auto, (max-width: 169px) 100vw, 169px\" \/><\/a><\/p>\n","protected":false},"excerpt":{"rendered":"<p>&#8222;Tan\u00edt\u00e1si id\u0151 alatt k\u00f6telez\u0151 a l\u00e1that\u00f3 m\u00f3don viselt k\u00f6peny, vagy iskolai p\u00f3l\u00f3, iskolai pul\u00f3ver. \u00dcnnep\u00e9lyeken, ballag\u00e1son \u00e9s egy\u00e9b, esetenk\u00e9nt meghat\u00e1rozott [&hellip;]<\/p>\n","protected":false},"author":2,"featured_media":0,"parent":0,"menu_order":0,"comment_status":"closed","ping_status":"closed","template":"","meta":{"ngg_post_thumbnail":0,"footnotes":""},"class_list":["post-2153","page","type-page","status-publish","hentry"],"_links":{"self":[{"href":"https:\/\/ferencesgimnazium.hu\/index.php\/wp-json\/wp\/v2\/pages\/2153","targetHints":{"allow":["GET"]}}],"collection":[{"href":"https:\/\/ferencesgimnazium.hu\/index.php\/wp-json\/wp\/v2\/pages"}],"about":[{"href":"https:\/\/ferencesgimnazium.hu\/index.php\/wp-json\/wp\/v2\/types\/page"}],"author":[{"embeddable":true,"href":"https:\/\/ferencesgimnazium.hu\/index.php\/wp-json\/wp\/v2\/users\/2"}],"replies":[{"embeddable":true,"href":"https:\/\/ferencesgimnazium.hu\/index.php\/wp-json\/wp\/v2\/comments?post=2153"}],"version-history":[{"count":5,"href":"https:\/\/ferencesgimnazium.hu\/index.php\/wp-json\/wp\/v2\/pages\/2153\/revisions"}],"predecessor-version":[{"id":4382,"href":"https:\/\/ferencesgimnazium.hu\/index.php\/wp-json\/wp\/v2\/pages\/2153\/revisions\/4382"}],"wp:attachment":[{"href":"https:\/\/ferencesgimnazium.hu\/index.php\/wp-json\/wp\/v2\/media?parent=2153"}],"curies":[{"name":"wp","href":"https:\/\/api.w.org\/{rel}","templated":true}]}}