{"id":208,"date":"2018-08-14T22:22:12","date_gmt":"2018-08-14T21:22:12","guid":{"rendered":"http:\/\/195.199.208.92\/?page_id=208"},"modified":"2024-02-15T14:06:34","modified_gmt":"2024-02-15T13:06:34","slug":"hatartalanul-3","status":"publish","type":"page","link":"https:\/\/ferencesgimnazium.hu\/index.php\/hatartalanul-3\/","title":{"rendered":"Hat\u00e1rtalanul"},"content":{"rendered":"<p><a href=\"https:\/\/ferencesgimnazium.hu\/wp-content\/uploads\/2022\/02\/hatartalanul_logo-scaled.jpg\"><img loading=\"lazy\" decoding=\"async\" class=\"size-medium wp-image-3139 alignleft\" src=\"https:\/\/ferencesgimnazium.hu\/wp-content\/uploads\/2022\/02\/hatartalanul_logo-300x184.jpg\" alt=\"\" width=\"300\" height=\"184\" srcset=\"https:\/\/ferencesgimnazium.hu\/wp-content\/uploads\/2022\/02\/hatartalanul_logo-300x184.jpg 300w, https:\/\/ferencesgimnazium.hu\/wp-content\/uploads\/2022\/02\/hatartalanul_logo-1024x627.jpg 1024w, https:\/\/ferencesgimnazium.hu\/wp-content\/uploads\/2022\/02\/hatartalanul_logo-768x471.jpg 768w, https:\/\/ferencesgimnazium.hu\/wp-content\/uploads\/2022\/02\/hatartalanul_logo-1536x941.jpg 1536w, https:\/\/ferencesgimnazium.hu\/wp-content\/uploads\/2022\/02\/hatartalanul_logo-2048x1255.jpg 2048w, https:\/\/ferencesgimnazium.hu\/wp-content\/uploads\/2022\/02\/hatartalanul_logo-830x509.jpg 830w, https:\/\/ferencesgimnazium.hu\/wp-content\/uploads\/2022\/02\/hatartalanul_logo-230x141.jpg 230w, https:\/\/ferencesgimnazium.hu\/wp-content\/uploads\/2022\/02\/hatartalanul_logo-350x214.jpg 350w, https:\/\/ferencesgimnazium.hu\/wp-content\/uploads\/2022\/02\/hatartalanul_logo-480x294.jpg 480w\" sizes=\"auto, (max-width: 300px) 100vw, 300px\" \/><\/a><\/p>\n<p>&nbsp;<\/p>\n<p>&nbsp;<\/p>\n<p>&nbsp;<\/p>\n<p>&nbsp;<\/p>\n<p>&nbsp;<\/p>\n<p>&nbsp;<\/p>\n<p style=\"text-align: left;\"><img loading=\"lazy\" decoding=\"async\" class=\"aligncenter\" src=\"https:\/\/bgazrt.hu\/wp-content\/uploads\/2019\/05\/megvalosult_a_magyar_kormany_tamogatasaval_bga_alap.jpg\" alt=\"Let\u00f6lthet\u0151 log\u00f3k \u2013 bgazrt.hu\" width=\"2244\" height=\"501\"><\/p>\n<p>&nbsp;<\/p>\n<p><span style=\"text-decoration: underline; font-family: georgia, palatino, serif;\"><span style=\"font-size: 14pt;\">HAT-17-03-2017-00041 (Erd\u00e9ly)<\/span><\/span><\/p>\n<ul style=\"list-style-type: circle;\">\n<li><span style=\"font-family: georgia, palatino, serif;\"><a href=\"https:\/\/drive.google.com\/a\/ferencesgimnazium.hu\/file\/d\/1cIYeZHCspoQ90Y9DGIS7P2kN8dr3FOeq\/view?usp=sharing\" target=\"_blank\" rel=\"noopener noreferrer\">Besz\u00e1mol\u00f3<\/a><\/span><\/li>\n<li><span style=\"font-family: georgia, palatino, serif;\"><a href=\"https:\/\/drive.google.com\/a\/ferencesgimnazium.hu\/file\/d\/18OO3BD-Ge0SIzoDgHRvdZPrxXcYAAq5R\/view?usp=sharing\" target=\"_blank\" rel=\"noopener noreferrer\">Erd\u00e9lyben<\/a><\/span><\/li>\n<li><span style=\"font-family: georgia, palatino, serif;\"><a href=\"https:\/\/drive.google.com\/a\/ferencesgimnazium.hu\/file\/d\/1p4q76FenyhA8Bh3EcK20Z6IBSD-da4t4\/view?usp=sharing\" target=\"_blank\" rel=\"noopener noreferrer\">Oszt\u00e1lykir\u00e1ndul\u00e1s<\/a><\/span><\/li>\n<\/ul>\n<p>&nbsp;<\/p>\n<p><span style=\"text-decoration: underline; font-family: georgia, palatino, serif;\"><span style=\"font-size: 14pt;\">HAT-17-03-2017-00042 (K\u00e1rp\u00e1talja)<\/span><\/span><\/p>\n<ul style=\"list-style-type: circle;\">\n<li><span style=\"font-family: georgia, palatino, serif;\"><a href=\"https:\/\/drive.google.com\/a\/ferencesgimnazium.hu\/file\/d\/1Qbp0EYukDNwZWMaicaw4Z_H3a_2ZuWVK\/view?usp=sharing\" target=\"_blank\" rel=\"noopener noreferrer\">Besz\u00e1mol\u00f3<\/a><\/span><\/li>\n<li><span style=\"font-family: georgia, palatino, serif;\"><a href=\"https:\/\/drive.google.com\/a\/ferencesgimnazium.hu\/file\/d\/1NSvJikUlgBuGm7P2jFogrt-zO7h4Rt1h\/view?usp=sharing\" target=\"_blank\" rel=\"noopener noreferrer\">Magyarok K\u00e1rp\u00e1talj\u00e1n<\/a><\/span><\/li>\n<\/ul>\n<p>&nbsp;<\/p>\n<p><span style=\"text-decoration: underline;\"><span style=\"font-size: 14pt;\">HAT-19-02-0016 (Felvid\u00e9k)<\/span><\/span><\/p>\n<ul style=\"list-style-type: circle;\">\n<li><a href=\"https:\/\/drive.google.com\/file\/d\/13N_bIoJ6Orp4poJUQHUh2XxGQhnRp-Ew\/view?usp=sharing\" target=\"_blank\" rel=\"noopener noreferrer\">Besz\u00e1mol\u00f3<\/a><\/li>\n<li><a href=\"https:\/\/drive.google.com\/file\/d\/14HatgzHuQuS2CnL8Ctg517PrboxjWWES\/view?usp=sharing\" target=\"_blank\" rel=\"noopener noreferrer\">F\u00e9nyk\u00e9pes besz\u00e1mol\u00f3<\/a><\/li>\n<li><a href=\"https:\/\/drive.google.com\/file\/d\/1Wv7fg5jgCVpYuwNUIO766hqeqpLAACOE\/view?usp=sharing\" target=\"_blank\" rel=\"noopener noreferrer\">K\u00e9pes besz\u00e1mol\u00f3<\/a><\/li>\n<\/ul>\n<p>&nbsp;<\/p>\n<p><span style=\"text-decoration: underline;\"><span style=\"font-size: 14pt;\">HAT-19-03-0015 <span style=\"text-decoration: underline; font-family: georgia, palatino, serif;\">(Erd\u00e9ly)<\/span><\/span><\/span><\/p>\n<ul style=\"list-style-type: circle;\">\n<li><a href=\"https:\/\/drive.google.com\/file\/d\/14H2atzcJyGI1Lw-55z2H3BdWCGxkY9_u\/view?usp=sharing\" target=\"_blank\" rel=\"noopener noreferrer\">Programterv<\/a><\/li>\n<li><a href=\"https:\/\/drive.google.com\/file\/d\/1VPxpO6m_RtoyoW5GwlLbW7UbJOidfd-m\/view?usp=sharing\" target=\"_blank\" rel=\"noopener noreferrer\">Besz\u00e1mol\u00f3<\/a><\/li>\n<li><a href=\"https:\/\/drive.google.com\/file\/d\/1nqIlcMvzqHDoDkyNOvVWJhiGV46EM-ef\/view?usp=sharing\" target=\"_blank\" rel=\"noopener noreferrer\">F\u00e9nyk\u00e9pes besz\u00e1mol\u00f3<\/a><\/li>\n<\/ul>\n<p>&nbsp;<\/p>\n<p><span style=\"text-decoration: underline; font-size: 14pt;\">HAT-19-03-0016 <span style=\"text-decoration: underline; font-family: georgia, palatino, serif;\"><span style=\"font-size: 14pt;\">(Erd\u00e9ly)<\/span><\/span><\/span><\/p>\n<ul style=\"list-style-type: circle;\">\n<li><a href=\"https:\/\/drive.google.com\/file\/d\/1oPz9laNo2iyPRWGLA8krq_53JzlJADDd\/view?usp=sharing\" target=\"_blank\" rel=\"noopener noreferrer\">Besz\u00e1mol\u00f3<\/a><\/li>\n<li><a href=\"https:\/\/drive.google.com\/file\/d\/1Y7gNKhCGkDOM7_if-J_q6ds_XFAzXQOh\/view?usp=sharing\" target=\"_blank\" rel=\"noopener noreferrer\">F\u00e9nyk\u00e9pes besz\u00e1mol\u00f3<\/a><\/li>\n<\/ul>\n<p>&nbsp;<\/p>\n<p><span style=\"text-decoration: underline;\"><span style=\"font-size: 14pt;\">HAT-20-03-0362 (D\u00e9lvid\u00e9k)<\/span><\/span><\/p>\n<ul style=\"list-style-type: circle;\">\n<li><a href=\"https:\/\/drive.google.com\/file\/d\/1Yml6RghreDVhHCpd7fzZaTK65PbsdmJi\/view?usp=sharing\" target=\"_blank\" rel=\"noopener noreferrer\">Di\u00e1k besz\u00e1mol\u00f3 1.<\/a><\/li>\n<li><a href=\"https:\/\/drive.google.com\/file\/d\/19rko6yAJCn8LKgditvCWZMpia7BHu9ZJ\/view?usp=sharing\" target=\"_blank\" rel=\"noopener noreferrer\">Di\u00e1k besz\u00e1mol\u00f3 2.<\/a><\/li>\n<li><a href=\"https:\/\/drive.google.com\/file\/d\/1nB1cB7_BLImX8T1mVR0mNDMDRlocM0a3\/view?usp=sharing\" target=\"_blank\" rel=\"noopener noreferrer\">D\u00e9lvid\u00e9ki program<\/a><\/li>\n<li><a href=\"https:\/\/photos.app.goo.gl\/nwjadJ3GYNNq7Fjq9\" target=\"_blank\" rel=\"noopener noreferrer\">D\u00e9lvid\u00e9ki f\u00e9nyk\u00e9pes besz\u00e1mol\u00f3<\/a><\/li>\n<\/ul>\n<p>&nbsp;<\/p>\n<p><span style=\"text-decoration: underline;\"><span style=\"font-size: 14pt;\">HAT-KP-2-2021\/1-000152 (Erd\u00e9ly)<\/span><\/span><\/p>\n<ul style=\"list-style-type: circle;\">\n<li><a href=\"https:\/\/drive.google.com\/file\/d\/1xu7YQjCwksiXlA2pjR22q7LX_SSC-cNc\/view?usp=sharing\" target=\"_blank\" rel=\"noopener noreferrer\">Di\u00e1k besz\u00e1mol\u00f3<\/a><\/li>\n<li><a href=\"https:\/\/drive.google.com\/file\/d\/1kySjTRU3QiW_k1ibmtNU3vWGRo2SbjEX\/view?usp=sharing\" target=\"_blank\" rel=\"noopener noreferrer\">F\u00e9nyk\u00e9pes besz\u00e1mol\u00f3<\/a><\/li>\n<\/ul>\n<p>&nbsp;<\/p>\n<p><img decoding=\"async\" src=\"https:\/\/lh3.googleusercontent.com\/pw\/AM-JKLVtDdEpyNE57e92k5ba831NQhI2zvL5QVEVAx6qVPurf7mKLsyCVmARk3CZfRdAOXv-FO3Y-7qlkJPdgjM1k1VlgEh5d-PxfjetCLyNEzkTHItzc_VT6I7PRY9kR4cBjKXMyUvn1hc9iDC3YbzBCxdf=w1565-h880-no?authuser=0\"><\/p>\n","protected":false},"excerpt":{"rendered":"<p>&nbsp; &nbsp; &nbsp; &nbsp; &nbsp; &nbsp; &nbsp; HAT-17-03-2017-00041 (Erd\u00e9ly) Besz\u00e1mol\u00f3 Erd\u00e9lyben Oszt\u00e1lykir\u00e1ndul\u00e1s &nbsp; HAT-17-03-2017-00042 (K\u00e1rp\u00e1talja) Besz\u00e1mol\u00f3 Magyarok K\u00e1rp\u00e1talj\u00e1n &nbsp; HAT-19-02-0016 [&hellip;]<\/p>\n","protected":false},"author":2,"featured_media":0,"parent":0,"menu_order":0,"comment_status":"closed","ping_status":"closed","template":"","meta":{"ngg_post_thumbnail":0,"footnotes":""},"class_list":["post-208","page","type-page","status-publish","hentry"],"_links":{"self":[{"href":"https:\/\/ferencesgimnazium.hu\/index.php\/wp-json\/wp\/v2\/pages\/208","targetHints":{"allow":["GET"]}}],"collection":[{"href":"https:\/\/ferencesgimnazium.hu\/index.php\/wp-json\/wp\/v2\/pages"}],"about":[{"href":"https:\/\/ferencesgimnazium.hu\/index.php\/wp-json\/wp\/v2\/types\/page"}],"author":[{"embeddable":true,"href":"https:\/\/ferencesgimnazium.hu\/index.php\/wp-json\/wp\/v2\/users\/2"}],"replies":[{"embeddable":true,"href":"https:\/\/ferencesgimnazium.hu\/index.php\/wp-json\/wp\/v2\/comments?post=208"}],"version-history":[{"count":5,"href":"https:\/\/ferencesgimnazium.hu\/index.php\/wp-json\/wp\/v2\/pages\/208\/revisions"}],"predecessor-version":[{"id":3724,"href":"https:\/\/ferencesgimnazium.hu\/index.php\/wp-json\/wp\/v2\/pages\/208\/revisions\/3724"}],"wp:attachment":[{"href":"https:\/\/ferencesgimnazium.hu\/index.php\/wp-json\/wp\/v2\/media?parent=208"}],"curies":[{"name":"wp","href":"https:\/\/api.w.org\/{rel}","templated":true}]}}