{"id":1786,"date":"2018-11-26T18:09:15","date_gmt":"2018-11-26T17:09:15","guid":{"rendered":"https:\/\/ferencesgimnazium.hu\/?page_id=1786"},"modified":"2018-11-26T18:09:15","modified_gmt":"2018-11-26T17:09:15","slug":"szuloi-kerdoiv","status":"publish","type":"page","link":"https:\/\/ferencesgimnazium.hu\/index.php\/szuloi-kerdoiv\/","title":{"rendered":"Sz\u00fcl\u0151i k\u00e9rd\u0151\u00edv"},"content":{"rendered":"<p><iframe loading=\"lazy\" src=\"https:\/\/docs.google.com\/forms\/d\/e\/1FAIpQLSdoMs6T8FUaYu6NNPuUt3h2dptmLT2_inDo3ISYQWTZsVpp0Q\/viewform?embedded=true\" width=\"1000\" height=\"2461\" frameborder=\"0\" marginwidth=\"0\" marginheight=\"0\"><span data-mce-type=\"bookmark\" style=\"display: inline-block; width: 0px; overflow: hidden; line-height: 0;\" class=\"mce_SELRES_start\">\ufeff<\/span>Bet\u00f6lt\u00e9s&#8230;<\/iframe><\/p>\n","protected":false},"excerpt":{"rendered":"<p>\ufeffBet\u00f6lt\u00e9s&#8230;<\/p>\n","protected":false},"author":2,"featured_media":0,"parent":0,"menu_order":0,"comment_status":"closed","ping_status":"closed","template":"","meta":{"ngg_post_thumbnail":0,"footnotes":""},"class_list":["post-1786","page","type-page","status-publish","hentry"],"_links":{"self":[{"href":"https:\/\/ferencesgimnazium.hu\/index.php\/wp-json\/wp\/v2\/pages\/1786","targetHints":{"allow":["GET"]}}],"collection":[{"href":"https:\/\/ferencesgimnazium.hu\/index.php\/wp-json\/wp\/v2\/pages"}],"about":[{"href":"https:\/\/ferencesgimnazium.hu\/index.php\/wp-json\/wp\/v2\/types\/page"}],"author":[{"embeddable":true,"href":"https:\/\/ferencesgimnazium.hu\/index.php\/wp-json\/wp\/v2\/users\/2"}],"replies":[{"embeddable":true,"href":"https:\/\/ferencesgimnazium.hu\/index.php\/wp-json\/wp\/v2\/comments?post=1786"}],"version-history":[{"count":1,"href":"https:\/\/ferencesgimnazium.hu\/index.php\/wp-json\/wp\/v2\/pages\/1786\/revisions"}],"predecessor-version":[{"id":1787,"href":"https:\/\/ferencesgimnazium.hu\/index.php\/wp-json\/wp\/v2\/pages\/1786\/revisions\/1787"}],"wp:attachment":[{"href":"https:\/\/ferencesgimnazium.hu\/index.php\/wp-json\/wp\/v2\/media?parent=1786"}],"curies":[{"name":"wp","href":"https:\/\/api.w.org\/{rel}","templated":true}]}}