{"id":1766,"date":"2018-11-20T00:27:34","date_gmt":"2018-11-19T23:27:34","guid":{"rendered":"https:\/\/ferencesgimnazium.hu\/?page_id=1766"},"modified":"2018-11-26T18:09:21","modified_gmt":"2018-11-26T17:09:21","slug":"tanuloi-kerdoiv","status":"publish","type":"page","link":"https:\/\/ferencesgimnazium.hu\/index.php\/tanuloi-kerdoiv\/","title":{"rendered":"Tanul\u00f3i k\u00e9rd\u0151\u00edv"},"content":{"rendered":"<p><iframe loading=\"lazy\" src=\"https:\/\/docs.google.com\/forms\/d\/e\/1FAIpQLScT134DLmrRIWeOIcvjG04jKbzYLqlGZiIgwLiRu9SZquQk1w\/viewform?embedded=true\" width=\"1000\" height=\"2000\" frameborder=\"0\" marginwidth=\"0\" marginheight=\"0\">Bet\u00f6lt\u00e9s&#8230;<\/iframe><\/p>\n","protected":false},"excerpt":{"rendered":"<p>Bet\u00f6lt\u00e9s&#8230;<\/p>\n","protected":false},"author":2,"featured_media":0,"parent":0,"menu_order":0,"comment_status":"closed","ping_status":"closed","template":"","meta":{"ngg_post_thumbnail":0,"footnotes":""},"class_list":["post-1766","page","type-page","status-publish","hentry"],"_links":{"self":[{"href":"https:\/\/ferencesgimnazium.hu\/index.php\/wp-json\/wp\/v2\/pages\/1766","targetHints":{"allow":["GET"]}}],"collection":[{"href":"https:\/\/ferencesgimnazium.hu\/index.php\/wp-json\/wp\/v2\/pages"}],"about":[{"href":"https:\/\/ferencesgimnazium.hu\/index.php\/wp-json\/wp\/v2\/types\/page"}],"author":[{"embeddable":true,"href":"https:\/\/ferencesgimnazium.hu\/index.php\/wp-json\/wp\/v2\/users\/2"}],"replies":[{"embeddable":true,"href":"https:\/\/ferencesgimnazium.hu\/index.php\/wp-json\/wp\/v2\/comments?post=1766"}],"version-history":[{"count":5,"href":"https:\/\/ferencesgimnazium.hu\/index.php\/wp-json\/wp\/v2\/pages\/1766\/revisions"}],"predecessor-version":[{"id":1788,"href":"https:\/\/ferencesgimnazium.hu\/index.php\/wp-json\/wp\/v2\/pages\/1766\/revisions\/1788"}],"wp:attachment":[{"href":"https:\/\/ferencesgimnazium.hu\/index.php\/wp-json\/wp\/v2\/media?parent=1766"}],"curies":[{"name":"wp","href":"https:\/\/api.w.org\/{rel}","templated":true}]}}