{"id":1569,"date":"2018-10-08T15:15:55","date_gmt":"2018-10-08T14:15:55","guid":{"rendered":"https:\/\/ferencesgimnazium.hu\/?page_id=1569"},"modified":"2026-03-19T09:35:37","modified_gmt":"2026-03-19T08:35:37","slug":"felveteli","status":"publish","type":"page","link":"https:\/\/ferencesgimnazium.hu\/index.php\/felveteli\/","title":{"rendered":"Felv\u00e9teli"},"content":{"rendered":"<p><span style=\"color: #ff0000;\"><strong>FIGYELEM!<\/strong><\/span><br \/>\n<strong>Megjelent az \u00fan. &#8222;ideiglenes felv\u00e9teli jegyz\u00e9k&#8221;, amely <a href=\"https:\/\/ferencesgimnazium.hu\/index.php\/ideiglenes-felveteli-jegyzek-2026\/\">itt olvashat\u00f3<\/a>.<\/strong><\/p>\n<p style=\"text-align: center;\"><span style=\"font-size: 14pt;\"><strong>A FERENCES GIMN\u00c1ZIUMBA VAL\u00d3 JELENTKEZ\u00c9SHEZ SZ\u00dcKS\u00c9GES L\u00c9P\u00c9SEK R\u00d6VIDEN<\/strong><\/span><\/p>\n<p><strong>1. Regisztr\u00e1ci\u00f3 a honlapunkon<\/strong><\/p>\n<ul>\n<li>Ez a regisztr\u00e1ci\u00f3 nem helyettes\u00edti a k\u00f6z\u00e9piskol\u00e1ba t\u00f6rt\u00e9n\u0151 k\u00f6zponti jelentkez\u00e9st. A regisztr\u00e1ci\u00f3 hat\u00e1rideje: <strong>2026. febru\u00e1r 19.<\/strong><\/li>\n<li>K\u00e9rj\u00fck \u00d6n\u00f6ket, hogy a <u>teljes<\/u> regisztr\u00e1ci\u00f3t min\u00e9l hamarabb tegy\u00e9k meg, ezzel is a mi munk\u00e1nkat seg\u00edtik! A regisztr\u00e1ci\u00f3s \u0171rlapot a szem\u00e9lyi igazolv\u00e1nyban szerepl\u0151 adatok alapj\u00e1n t\u00f6lts\u00e9k ki! K\u00f6sz\u00f6nj\u00fck!<\/li>\n<\/ul>\n<p><strong>2. Jelentkez\u00e9s a k\u00f6zponti \u00edr\u00e1sbeli felv\u00e9teli vizsg\u00e1ra 2025. december 1-ig.<\/strong><\/p>\n<ul>\n<li>A jelentkez\u00e9si \u0171rlap kit\u00f6lthet\u0151 elektronikusan, <strong>\u00dcgyf\u00e9lkapu&nbsp;<\/strong>azonos\u00edt\u00e1st k\u00f6vet\u0151en, az erre szolg\u00e1l\u00f3 program haszn\u00e1lat\u00e1val.<\/li>\n<li>Az \u00edr\u00e1sbeli vizsga meg\u00edrhat\u00f3 n\u00e1lunk, vagy b\u00e1rmely, \u00edr\u00e1sbeli felv\u00e9telit szervez\u0151 iskol\u00e1ban.<\/li>\n<li>A k\u00f6zponti \u00edr\u00e1sbeli felv\u00e9teli id\u0151pontja:<strong> 2026. janu\u00e1r 24. szombat, 10.00.<\/strong><\/li>\n<li>A kijav\u00edtott vizsgadolgozatok megtekint\u00e9se: <strong>2026 janu\u00e1r 29.<\/strong> (cs\u00fct\u00f6rt\u00f6k) 8.00\u201316-00-ig.<\/li>\n<li>K\u00f6zponti \u00edr\u00e1sbeli felv\u00e9teli vizsga p\u00f3tl\u00f3 alkalom: <strong>2026. febru\u00e1r 3. 14.00.<\/strong><\/li>\n<\/ul>\n<p><strong>3. A k\u00f6z\u00e9piskol\u00e1ba val\u00f3 k\u00f6zponti jelentkez\u00e9s 2026. febru\u00e1r 19-ig.<\/strong><\/p>\n<p><strong>4. Sz\u00f3beli meghallgat\u00e1s 2026. m\u00e1rcius 2. \u00e9s m\u00e1rcius 6. k\u00f6z\u00f6tt.<\/strong><\/p>\n<p><strong>5. Az el\u0151zetes felv\u00e9teli jegyz\u00e9ket 2026. m\u00e1rcius 20-ig nyilv\u00e1noss\u00e1gra hozzuk,&nbsp;<\/strong> melyben minden jelentkez\u0151 tanul\u00f3i azonos\u00edt\u00f3ja mell\u00e9 az igazgat\u00f3 be\u00edrja el\u00e9rt \u00f6sszes\u00edtett eredm\u00e9ny\u00e9t \u00e9s az iskola \u00e1ltal meghat\u00e1rozott rangsorban elfoglalt hely\u00e9t.<\/p>\n<p><strong>6. 2026. m\u00e1rcius 25-27. k\u00f6z\u00f6tt a jelentkez\u0151k a sz\u00fcleikkel m\u00f3dos\u00edthatj\u00e1k a tanul\u00f3i adatlapot.<\/strong> A m\u00f3dos\u00edt\u00e1s m\u00f3dos\u00edt\u00f3 tanul\u00f3i adatlap kit\u00f6lt\u00e9s\u00e9vel t\u00f6rt\u00e9nik.<\/p>\n<p><strong>7. 2026. \u00e1prilis 27-ig megkapjuk az Oktat\u00e1si Hivatalt\u00f3l az egyeztetett felv\u00e9teli jegyz\u00e9ket <\/strong>(v\u00e9geredm\u00e9nyt).<\/p>\n<p><strong>8. 2026. m\u00e1jus 8-ig az egyeztetett felv\u00e9teli jegyz\u00e9k alapj\u00e1n megk\u00fcldj\u00fck a felv\u00e9telr\u0151l vagy az elutas\u00edt\u00e1sr\u00f3l sz\u00f3l\u00f3 \u00e9rtes\u00edt\u00e9st <\/strong>a jelentkez\u0151nek, kiskor\u00fa jelentkez\u0151 eset\u00e9n a sz\u00fcl\u0151nek, tov\u00e1bb\u00e1 az \u00e1ltal\u00e1nos iskol\u00e1nak is.<\/p>\n<p style=\"text-align: center;\"><span style=\"font-size: 14pt;\"><strong>A FELV\u00c9TELI ELJ\u00c1R\u00c1S R\u00c9SZLETEI<\/strong><\/span><\/p>\n<p><strong>I. REGISZTR\u00c1CI\u00d3 A HONLAPUNKON<\/strong><\/p>\n<ul>\n<li>A regisztr\u00e1ci\u00f3 nem helyettes\u00edti a k\u00f6zponti jelentkez\u00e9si lapot.<\/li>\n<li>Regisztr\u00e1ci\u00f3 ut\u00e1n lehet kit\u00f6lteni a jelentkez\u00e9si lapot.<\/li>\n<li><strong>K\u00e9rj\u00fck \u00d6n\u00f6ket, hogy <\/strong><strong>a honlapunkon<\/strong><strong> t\u00f6rt\u00e9n\u0151 regisztr\u00e1ci\u00f3t<\/strong><strong>&nbsp;<\/strong><strong>min\u00e9l hamarabb tegy\u00e9k meg, ezzel is a mi munk\u00e1nkat seg\u00edtik!<\/strong><\/li>\n<li>A szem\u00e9lyes adatokon t\u00fal fel kell t\u00f6lteni a hatodikosoknak az \u00e1ltal\u00e1nos iskolai bizony\u00edtv\u00e1ny a 4. \u00e9s 5. \u00e9v v\u00e9ge, illetve a 6. f\u00e9l\u00e9v,<br \/>\na nyolcadikosoknak az \u00e1ltal\u00e1nos iskolai bizony\u00edtv\u00e1ny a 6. \u00e9s 7. \u00e9v v\u00e9ge, illetve a 8. f\u00e9l\u00e9v eredm\u00e9nyeinek <strong>f\u00e9nyk\u00e9p\u00e9t.<\/strong><\/li>\n<li>A regisztr\u00e1ci\u00f3 a hat\u00e1rideje: <strong>2026. febru\u00e1r 19.<\/strong><\/li>\n<\/ul>\n<p><strong>II. <\/strong><strong>K\u00d6ZPONTI (\u00cdR\u00c1SBELI) FELV\u00c9TELI VIZSGA<\/strong><\/p>\n<p><strong>2025. december 1.<\/strong>&nbsp;a hat\u00e1rideje a k\u00f6zponti felv\u00e9teli vizsg\u00e1ra val\u00f3 jelentkez\u00e9snek. A jelentkez\u00e9si lapot abban az iskol\u00e1ban kell leadni, ahol a jelentkez\u0151 vizsg\u00e1zni szeretne. Ha <span style=\"text-decoration: underline;\">\u00dcgyf\u00e9lkapun kereszt\u00fcl<\/span> jelentkezik, akkor a program automatikusan kik\u00fcldi a megadott int\u00e9zm\u00e9nynek a jelentkez\u00e9st.<\/p>\n<p><strong>Iskol\u00e1nk is szervez k\u00f6zponti \u00edr\u00e1sbeli felv\u00e9telit, ennek id\u0151pontja<\/strong>: <strong>2026. janu\u00e1r 24., szombat, 10.00.<\/strong><\/p>\n<p>A k\u00f6zponti \u00edr\u00e1sbeli vizsga k\u00e9tszer 45 percet vesz ig\u00e9nybe; egy matematikai \u00e9s egy magyar nyelvi feladatsor kit\u00f6lt\u00e9s\u00e9b\u0151l \u00e1ll. (Az el\u0151z\u0151 \u00e9vek feladatlapjai \u00e9s azok jav\u00edt\u00f3kulcsai megtal\u00e1lhat\u00f3k az Oktat\u00e1si Hivatal honlapj\u00e1n.) Az \u00edr\u00e1sbelin el\u00e9rt eredm\u00e9nyr\u0151l sz\u00f3l\u00f3 igazol\u00e1s (\u00e9rt\u00e9kel\u0151 lap) m\u00e1solat\u00e1t csatolni kell a jelentkez\u00e9si laphoz.<\/p>\n<p>Beilleszked\u00e9si, tanul\u00e1si, magatart\u00e1si neh\u00e9zs\u00e9ggel k\u00fczd\u0151 (BTMN) gyermek a nevel\u00e9si tan\u00e1csad\u00f3 \u00e1ltal adott szakv\u00e9lem\u00e9ny figyelembev\u00e9tel\u00e9nek megfelel\u0151en kaphat az \u00edr\u00e1sbeli r\u00e9szeredm\u00e9ny\u00e9nek besz\u00e1m\u00edt\u00e1sa al\u00f3l felment\u00e9st vagy id\u0151kedvezm\u00e9nyt. <strong>Ezt a szakv\u00e9lem\u00e9nyt az \u00edr\u00e1sbeli felv\u00e9telire val\u00f3 jelentkez\u00e9ssel egyid\u0151ben kell megk\u00fcldeni. Ennek elmulaszt\u00e1sa eset\u00e9n nem tudjuk biztos\u00edtani a szakv\u00e9lem\u00e9nyben foglalt kedvezm\u00e9nyeket.<\/strong> A r\u00e9szletes t\u00e1j\u00e9koztat\u00f3 itt olvashat\u00f3:<br \/>\n<a href=\"https:\/\/www.oktatas.hu\/pub_bin\/dload\/kozoktatas\/beiskolazas\/tajekoztatok\/7._KIFIR_SNI_es_BTMN_tanulok_2025_2026.pdf\">https:\/\/www.oktatas.hu\/pub_bin\/dload\/kozoktatas\/beiskolazas\/tajekoztatok\/7._KIFIR_SNI_es_BTMN_tanulok_2025_2026.pdf<\/a><\/p>\n<p>A ki\u00e9rt\u00e9kelt feladatlapok megtekint\u00e9s\u00e9nek lehet\u0151s\u00e9ge:<strong> 2026. janu\u00e1r 29. (cs\u00fct\u00f6rt\u00f6k) 8.00\u201316.00 \u00f3ra<\/strong>, ekkor az \u00e9rt\u00e9kel\u0151 lapot \u00e1t is adjuk. Aki nem tekinti meg a feladatlapot, annak az \u00e9rt\u00e9kel\u0151 lapot post\u00e1n elk\u00fcldj\u00fck.<\/p>\n<p><strong>III. K\u00d6ZPONTI JELENTKEZ\u00c9S<\/strong><\/p>\n<p><strong>Ezt legegyszer\u0171bb <span style=\"text-decoration: underline;\">az \u00fcgyf\u00e9lkapun kereszt\u00fcl<\/span> megtenni, \u00edgy nem kell post\u00e1zni az adatlapokat.<\/strong><\/p>\n<p>Az iskol\u00e1ba val\u00f3 jelentkez\u00e9s a K\u00f6z\u00e9pfok\u00fa K\u00f6zoktat\u00e1si Int\u00e9zm\u00e9nyek Felv\u00e9teli Inform\u00e1ci\u00f3s Rendszer\u00e9be t\u00f6rt\u00e9n\u0151 jelentkez\u00e9ssel lesz teljes. K\u00e9rj\u00fck, olvass\u00e1k el figyelmesen a kit\u00f6lt\u00e9si \u00fatmutat\u00f3t!<\/p>\n<p>A <strong>hatodikos di\u00e1kok<\/strong> sz\u00fcleinek figyelm\u00e9t felh\u00edvjuk arra, hogy ha nem online int\u00e9zik a jelentkez\u00e9st, akkor a \u201eJelentkez\u00e9si lap\u201d-ot kit\u00f6ltve iskol\u00e1nkba, a \u201eTanul\u00f3i adatlap\u201d-ot pedig az Oktat\u00e1si Hivatal megadott c\u00edm\u00e9re (Felv\u00e9teli K\u00f6zpont, 9001 Gy\u0151r, Pf. 694.) k\u00fcldj\u00e9k el! Ezeknek a bek\u00fcld\u00e9si hat\u00e1rideje <strong>2026. febru\u00e1r 19<\/strong>. <strong>Az \u00edr\u00e1sbelin el\u00e9rt eredm\u00e9nyr\u0151l sz\u00f3l\u00f3 igazol\u00e1s m\u00e1solat\u00e1t is csatolni kell a jelentkez\u00e9si laphoz.<\/strong><\/p>\n<p>Iskol\u00e1nk OM azonos\u00edt\u00f3ja: 037730.<br \/>\nTagozatk\u00f3d a 6 \u00e9vfolyamos k\u00e9pz\u00e9sre: 0001<br \/>\nTagozatk\u00f3d a 4 \u00e9vfolyamos k\u00e9pz\u00e9sre: 0002.<br \/>\nC\u00edm: 2000 Szentendre, \u00c1prily Lajos t\u00e9r 2.<\/p>\n<p><strong>IV. SZ\u00d3BELI MEGHALLGAT\u00c1S<\/strong><\/p>\n<p>A k\u00f6vetkez\u0151 l\u00e9p\u00e9s a sz\u00f3beli meghallgat\u00e1s, amely <strong>2026. m\u00e1rcius 2. \u00e9s m\u00e1rcius 6. <\/strong>k\u00f6z\u00f6tt lesz. A sz\u00f3beli besz\u00e9lget\u00e9sen adategyeztet\u00e9s, szem\u00e9lyes k\u00e9rd\u00e9sek tiszt\u00e1z\u00e1sa t\u00f6rt\u00e9nik; tov\u00e1bb\u00e1 a tanul\u00f3 a di\u00e1k\u00e9let\u00e9r\u0151l, \u00e9lm\u00e9nyeir\u0151l, hitbeli ismereteir\u0151l, vall\u00e1si elk\u00f6telezetts\u00e9g\u00e9r\u0151l, szabadid\u0151s tev\u00e9kenys\u00e9geir\u0151l besz\u00e9lget az iskola igazgat\u00f3j\u00e1val, vagy annak megb\u00edzottj\u00e1val. Ezen a besz\u00e9lget\u00e9sen azt pr\u00f3b\u00e1ljuk felm\u00e9rni, hogy int\u00e9zm\u00e9ny\u00fcnk pedag\u00f3gi\u00e1ja, vall\u00e1sos szeml\u00e9lete mennyire seg\u00edtheti a jelentkez\u0151 di\u00e1k fejl\u0151d\u00e9s\u00e9t. Alapvet\u0151 elv\u00e1r\u00e1sunk a kereszt\u00e9ny \u00e9rt\u00e9krenddel val\u00f3 azonosul\u00e1s. A bemutatkoz\u00f3 besz\u00e9lget\u00e9st pontozzuk, hiszen ennek keret\u00e9ben t\u00f6rt\u00e9nik a sz\u00f3beli felv\u00e9teli hittanb\u00f3l. (Nkt. 31. \u00a7 (2) bekezd\u00e9s a) pont).<\/p>\n<p>A sz\u00f3beli meghallgat\u00e1sra a felv\u00e9teliz\u0151ket \u00e9s sz\u00fcleiket egy\u00fctt v\u00e1rjuk. K\u00e9rj\u00fck, hozz\u00e1k magukkal a k\u00f6vetkez\u0151ket:<\/p>\n<ul>\n<li>hatodikosok az \u00e1ltal\u00e1nos iskolai bizony\u00edtv\u00e1ny 4. \u00e9s 5. \u00e9v v\u00e9ge, 6. f\u00e9l\u00e9v eredm\u00e9nyeinek f\u00e9nym\u00e1solat\u00e1t,<\/li>\n<li>a nyolcadikosok az \u00e1ltal\u00e1nos iskolai bizony\u00edtv\u00e1ny 6. \u00e9s 7. \u00e9v v\u00e9ge, 8. f\u00e9l\u00e9v eredm\u00e9nyeinek f\u00e9nym\u00e1solat\u00e1t!<\/li>\n<li>Arra k\u00e9rj\u00fck \u00d6n\u00f6ket, hogy a lelkip\u00e1sztoroknak jelezz\u00e9k, hogy k\u00e9rnek aj\u00e1nl\u00e1st, DE \u0151k nem fogj\u00e1k odaadni \u00d6n\u00f6knek a dokumentumot, hanem k\u00f6zvetlen\u00fcl tov\u00e1bb\u00edtj\u00e1k azt iskol\u00e1nknak.<\/li>\n<\/ul>\n<p>A hittan sz\u00f3beli felv\u00e9teli t\u00e9m\u00e1i:<\/p>\n<ul>\n<li>a Szent\u00edr\u00e1s k\u00f6nyveinek \u00e1ttekint\u00e9se;<\/li>\n<li>J\u00e9zus Krisztus \u00e9lete a n\u00e9gy evang\u00e9lium alapj\u00e1n;<\/li>\n<li>a szentmise fel\u00e9p\u00edt\u00e9se (m\u00e1s felekezet\u0171ekn\u00e9l: saj\u00e1t istentisztelet ismerete);<\/li>\n<li>az egyh\u00e1zi \u00e9v \u00fcnnepei, id\u0151szakai;<\/li>\n<li>n\u00e9h\u00e1ny fontosabb szent \u00e9let\u00e9nek ismerete<\/li>\n<\/ul>\n<p><strong>V. RANGSOROL\u00c1S<\/strong><\/p>\n<p>A pl\u00e9b\u00e1nosi, lelkip\u00e1sztori vagy hittan\u00e1ri jellemz\u00e9ssel rendelkez\u0151 tanul\u00f3kat a k\u00f6vetkez\u0151 m\u00f3don rangsoroljuk:<br \/>\n\u00d6sszpontsz\u00e1m = matematika \u00edr\u00e1sbeli pontsz\u00e1m (50) + magyar nyelv \u00edr\u00e1sbeli pontsz\u00e1m (50) + hittan sz\u00f3beli pontsz\u00e1ma (50) + hozott pontok (50).<br \/>\nA hozott pontokat az \u00e1ltal\u00e1nos iskolai tanulm\u00e1nyi eredm\u00e9nyekb\u0151l sz\u00e1m\u00edtjuk a k\u00f6vetkez\u0151 m\u00f3don:<\/p>\n<p style=\"text-align: left;\">6. oszt\u00e1lyos jelentkez\u0151kn\u00e9l<\/p>\n<table class=\" aligncenter\" style=\"width: 63.0027%;\" width=\"555\">\n<tbody>\n<tr>\n<td style=\"width: 24.6377%;\" width=\"139\">4. oszt\u00e1ly<\/td>\n<td style=\"width: 24.6377%;\" width=\"139\">5. oszt\u00e1ly<\/td>\n<td style=\"width: 24.6377%;\" width=\"139\">6. f\u00e9l\u00e9v<\/td>\n<td style=\"width: 76.1663%;\" width=\"139\">max.<\/td>\n<\/tr>\n<tr>\n<td style=\"width: 24.6377%;\" width=\"139\">magyar nyelv \u00e9s irodalom<\/td>\n<td style=\"width: 24.6377%;\" width=\"139\">magyar nyelv \u00e9s irodalom<\/td>\n<td style=\"width: 24.6377%;\" width=\"139\">magyar nyelv \u00e9s irodalom<\/td>\n<td style=\"width: 76.1663%;\" width=\"139\">15<\/td>\n<\/tr>\n<tr>\n<td style=\"width: 24.6377%;\" width=\"139\">&nbsp;<\/td>\n<td style=\"width: 24.6377%;\" width=\"139\">t\u00f6rt\u00e9nelem<\/td>\n<td style=\"width: 24.6377%;\" width=\"139\">t\u00f6rt\u00e9nelem<\/td>\n<td style=\"width: 76.1663%;\" width=\"139\">10<\/td>\n<\/tr>\n<tr>\n<td style=\"width: 24.6377%;\" width=\"139\">matematika<\/td>\n<td style=\"width: 24.6377%;\" width=\"139\">matematika<\/td>\n<td style=\"width: 24.6377%;\" width=\"139\">matematika<\/td>\n<td style=\"width: 76.1663%;\" width=\"139\">15<\/td>\n<\/tr>\n<tr>\n<td style=\"width: 24.6377%;\" width=\"139\">&nbsp;<\/td>\n<td style=\"width: 24.6377%;\" width=\"139\">idegen nyelv<\/td>\n<td style=\"width: 24.6377%;\" width=\"139\">idegen nyelv<\/td>\n<td style=\"width: 76.1663%;\" width=\"139\">10<\/td>\n<\/tr>\n<\/tbody>\n<\/table>\n<p>Az oszt\u00e1lyzatok \u00e1tsz\u00e1m\u00edt\u00e1sa pontokra a k\u00f6vetkez\u0151k\u00e9ppen t\u00f6rt\u00e9nik:<\/p>\n<ul>\n<li>jeles: 5 pont<\/li>\n<li>j\u00f3: 4 pont<\/li>\n<li>k\u00f6zepes: 2 pont<\/li>\n<li>el\u00e9gs\u00e9ges: 0 pont.<\/li>\n<\/ul>\n<p>A magyar nyelv \u00e9s az irodalom tant\u00e1rgyb\u00f3l \u2013 amennyiben k\u00fcl\u00f6n ker\u00fcltek oszt\u00e1lyz\u00e1sra \u2013 \u00e1tlagot sz\u00e1m\u00edtunk. Amennyiben ez nem eg\u00e9sz sz\u00e1m, \u00fagy az oszt\u00e1lyzatokhoz tartoz\u00f3 pontokkal sz\u00e1moljuk ki az \u00e1tlagot.<\/p>\n<p style=\"text-align: left;\">8. oszt\u00e1lyos jelentkez\u0151kn\u00e9l<\/p>\n<table class=\" aligncenter\" style=\"width: 62.8727%;\" width=\"555\">\n<tbody>\n<tr>\n<td style=\"width: 24.6377%;\" width=\"139\">6. oszt\u00e1ly<\/td>\n<td style=\"width: 24.6377%;\" width=\"139\">7. oszt\u00e1ly<\/td>\n<td style=\"width: 24.6377%;\" width=\"139\">8. f\u00e9l\u00e9v<\/td>\n<td style=\"width: 81.7029%;\" width=\"139\">max.<\/td>\n<\/tr>\n<tr>\n<td style=\"width: 24.6377%;\" width=\"139\">magyar nyelv \u00e9s irodalom<\/td>\n<td style=\"width: 24.6377%;\" width=\"139\">magyar nyelv \u00e9s irodalom<\/td>\n<td style=\"width: 24.6377%;\" width=\"139\">magyar nyelv \u00e9s irodalom<\/td>\n<td style=\"width: 81.7029%;\" width=\"139\">15<\/td>\n<\/tr>\n<tr>\n<td style=\"width: 24.6377%;\" width=\"139\">&nbsp;<\/td>\n<td style=\"width: 24.6377%;\" width=\"139\">t\u00f6rt\u00e9nelem<\/td>\n<td style=\"width: 24.6377%;\" width=\"139\">t\u00f6rt\u00e9nelem<\/td>\n<td style=\"width: 81.7029%;\" width=\"139\">10<\/td>\n<\/tr>\n<tr>\n<td style=\"width: 24.6377%;\" width=\"139\">matematika<\/td>\n<td style=\"width: 24.6377%;\" width=\"139\">matematika<\/td>\n<td style=\"width: 24.6377%;\" width=\"139\">matematika<\/td>\n<td style=\"width: 81.7029%;\" width=\"139\">15<\/td>\n<\/tr>\n<tr>\n<td style=\"width: 24.6377%;\" width=\"139\">&nbsp;<\/td>\n<td style=\"width: 24.6377%;\" width=\"139\">idegen nyelv<\/td>\n<td style=\"width: 24.6377%;\" width=\"139\">idegen nyelv<\/td>\n<td style=\"width: 81.7029%;\" width=\"139\">10<\/td>\n<\/tr>\n<\/tbody>\n<\/table>\n<p>Az oszt\u00e1lyzatok \u00e1tsz\u00e1m\u00edt\u00e1sa pontokra a k\u00f6vetkez\u0151k\u00e9ppen t\u00f6rt\u00e9nik:<\/p>\n<ul>\n<li>jeles: 5 pont<\/li>\n<li>j\u00f3: 4 pont<\/li>\n<li>k\u00f6zepes: 2 pont<\/li>\n<li>el\u00e9gs\u00e9ges: 0 pont.<\/li>\n<\/ul>\n<p>A magyar nyelv \u00e9s az irodalom tant\u00e1rgyb\u00f3l \u2013 amennyiben k\u00fcl\u00f6n ker\u00fcltek oszt\u00e1lyz\u00e1sra \u2013 \u00e1tlagot sz\u00e1m\u00edtunk. &nbsp;Ha ez nem eg\u00e9sz sz\u00e1m, \u00fagy az oszt\u00e1lyzatokhoz tartoz\u00f3 pontokkal sz\u00e1moljuk ki az \u00e1tlagot.<\/p>\n<p><strong>VI. \u00c9RTES\u00cdT\u00c9S<\/strong><\/p>\n<p><strong>2026. \u00e1prilis 27-ig<\/strong> megkapjuk az Oktat\u00e1si Hivatalt\u00f3l az egyeztetett felv\u00e9teli jegyz\u00e9ket (v\u00e9geredm\u00e9nyt).<br \/>\nA d\u00f6nt\u00e9sr\u0151l sz\u00f3l\u00f3 \u00e9rtes\u00edt\u00e9st legk\u00e9s\u0151bb <strong>2026. m\u00e1jus 8-ig <\/strong>post\u00e1zzuk a jelentkez\u0151knek \u00e9s az \u00e1ltal\u00e1nos iskol\u00e1knak.<\/p>\n<p><strong>FONTOS!<\/strong><\/p>\n<p><em>A saj\u00e1tos nevel\u00e9si ig\u00e9ny\u0171 (SNI) di\u00e1kok oktat\u00e1s\u00e1ra el\u0151\u00edrt, speci\u00e1lis felt\u00e9teleknek iskol\u00e1nk nem felel meg.<\/em><\/p>\n<p>Felh\u00edvjuk a figyelm\u00fcket, hogy a saj\u00e1tos nevel\u00e9si ig\u00e9nyre vonatkoz\u00f3 inform\u00e1ci\u00f3 visszatart\u00e1sa semmik\u00e9ppen nem seg\u00edtheti el\u0151 a beiskol\u00e1z\u00e1si folyamatot, mivel annak a t\u00e9nye, hogy a tanul\u00f3 SNI-s vagy sem, a k\u00f6z\u00e9pfok\u00fa int\u00e9zm\u00e9ny sz\u00e1m\u00e1ra legk\u00e9s\u0151bb a beiratkoz\u00e1skor \u2013 a tanul\u00f3 nyilv\u00e1ntart\u00e1s adatai alapj\u00e1n \u2013 mindenk\u00e9ppen ki fog der\u00fclni. Amennyiben a szak\u00e9rt\u0151i v\u00e9lem\u00e9nyben foglaltak k\u00e9s\u0151bb jutnak az int\u00e9zm\u00e9ny tudom\u00e1s\u00e1ra, az m\u00e9g sikeres felv\u00e9teli eset\u00e9ben is eredm\u00e9nyezheti azt, hogy a tanul\u00f3 nem tud jogviszonyt l\u00e9tes\u00edteni az adott k\u00f6z\u00e9pfok\u00fa int\u00e9zm\u00e9nnyel.<\/p>\n<p>A k\u00f6z\u00e9pfok\u00fa felv\u00e9teli elj\u00e1r\u00e1ssal kapcsolatos naprak\u00e9sz inform\u00e1ci\u00f3k az al\u00e1bbi honlapon \u00e9rhet\u0151ek el:<\/p>\n<p><a href=\"https:\/\/www.oktatas.hu\/kozneveles\/kozepfoku_felveteli_eljaras\/kozepfoku_felveteli_eljaras_informacioi\">https:\/\/www.oktatas.hu\/kozneveles\/kozepfoku_felveteli_eljaras\/kozepfoku_felveteli_eljaras_informacioi<\/a><\/p>\n<p>Szeretettel v\u00e1rjuk az \u00e9rdekl\u0151d\u0151 di\u00e1kok jelentkez\u00e9s\u00e9t!<\/p>\n<p>Szentendre, 2025. okt\u00f3ber 15.<\/p>\n<p>Kamp Alfr\u00e9d<br \/>\nigazgat\u00f3<\/p>\n","protected":false},"excerpt":{"rendered":"<p>FIGYELEM! Megjelent az \u00fan. &#8222;ideiglenes felv\u00e9teli jegyz\u00e9k&#8221;, amely itt olvashat\u00f3. A FERENCES GIMN\u00c1ZIUMBA VAL\u00d3 JELENTKEZ\u00c9SHEZ SZ\u00dcKS\u00c9GES L\u00c9P\u00c9SEK R\u00d6VIDEN 1. Regisztr\u00e1ci\u00f3 [&hellip;]<\/p>\n","protected":false},"author":2,"featured_media":1745,"parent":0,"menu_order":0,"comment_status":"closed","ping_status":"closed","template":"","meta":{"ngg_post_thumbnail":0,"footnotes":""},"class_list":["post-1569","page","type-page","status-publish","has-post-thumbnail","hentry"],"_links":{"self":[{"href":"https:\/\/ferencesgimnazium.hu\/index.php\/wp-json\/wp\/v2\/pages\/1569","targetHints":{"allow":["GET"]}}],"collection":[{"href":"https:\/\/ferencesgimnazium.hu\/index.php\/wp-json\/wp\/v2\/pages"}],"about":[{"href":"https:\/\/ferencesgimnazium.hu\/index.php\/wp-json\/wp\/v2\/types\/page"}],"author":[{"embeddable":true,"href":"https:\/\/ferencesgimnazium.hu\/index.php\/wp-json\/wp\/v2\/users\/2"}],"replies":[{"embeddable":true,"href":"https:\/\/ferencesgimnazium.hu\/index.php\/wp-json\/wp\/v2\/comments?post=1569"}],"version-history":[{"count":5,"href":"https:\/\/ferencesgimnazium.hu\/index.php\/wp-json\/wp\/v2\/pages\/1569\/revisions"}],"predecessor-version":[{"id":4511,"href":"https:\/\/ferencesgimnazium.hu\/index.php\/wp-json\/wp\/v2\/pages\/1569\/revisions\/4511"}],"wp:featuredmedia":[{"embeddable":true,"href":"https:\/\/ferencesgimnazium.hu\/index.php\/wp-json\/wp\/v2\/media\/1745"}],"wp:attachment":[{"href":"https:\/\/ferencesgimnazium.hu\/index.php\/wp-json\/wp\/v2\/media?parent=1569"}],"curies":[{"name":"wp","href":"https:\/\/api.w.org\/{rel}","templated":true}]}}