{"id":1558,"date":"2018-10-03T13:35:13","date_gmt":"2018-10-03T12:35:13","guid":{"rendered":"https:\/\/ferencesgimnazium.hu\/?page_id=1558"},"modified":"2026-05-05T12:14:25","modified_gmt":"2026-05-05T10:14:25","slug":"beszamolok","status":"publish","type":"page","link":"https:\/\/ferencesgimnazium.hu\/index.php\/beszamolok\/","title":{"rendered":"Besz\u00e1mol\u00f3k"},"content":{"rendered":"<p><span style=\"font-size: 18pt;\"><a href=\"https:\/\/ferencesgimnazium.hu\/wp-content\/uploads\/2026\/05\/Oregdiak_penzugyi_beszamolo_2025.xls\">2025. \u00e9vi p\u00e9nz\u00fcgyi besz\u00e1mol\u00f3 \u00e9s 2026. \u00e9vi terv<\/a><\/span><br \/>\n<span style=\"font-size: 18pt;\"><a href=\"https:\/\/ferencesgimnazium.hu\/wp-content\/uploads\/2026\/05\/Oregdiak_Egyesuleti_tevekenyseg_2025.doc\">2025. \u00e9vi egyes\u00fcleti tev\u00e9kenys\u00e9g<\/a><\/span><\/p>\n<p><span style=\"font-size: 18pt;\"><a href=\"https:\/\/ferencesgimnazium.hu\/wp-content\/uploads\/2025\/11\/2024.-evi-penzugyi-beszamolo.pdf\">2024. \u00e9vi p\u00e9nz\u00fcgyi besz\u00e1mol\u00f3<\/a><\/span><br \/>\n<span style=\"font-size: 18pt;\"><a href=\"https:\/\/ferencesgimnazium.hu\/wp-content\/uploads\/2025\/11\/Ellenorzo-bizottsag-beszamoloja-2024-rol.pdf\">2024. \u00e9vi Ellen\u0151rz\u0151 Bizotts\u00e1gi besz\u00e1mol\u00f3<\/a><\/span><br \/>\n<span style=\"font-size: 18pt;\"><a href=\"https:\/\/ferencesgimnazium.hu\/wp-content\/uploads\/2025\/11\/2024.-evi-elnoki-beszamolo.pdf\">2024. \u00e9vi eln\u00f6ki besz\u00e1mol\u00f3<\/a><\/span><br \/>\n<span style=\"font-size: 18pt;\"><a href=\"https:\/\/ferencesgimnazium.hu\/wp-content\/uploads\/2025\/11\/2024.-evi-egyszerusitett-eves-beszamolo.pdf\">2024. \u00e9vi egyszer\u0171s\u00edtett \u00e9ves besz\u00e1mol\u00f3<\/a><\/span><br \/>\n<a href=\"https:\/\/ferencesgimnazium.hu\/wp-content\/uploads\/2025\/11\/2024.-evi-Fegyelmi-Bizottsagi-beszamolo.pdf\"><span style=\"font-size: 18pt;\">2024. \u00e9vi Fegyelmi Bizotts\u00e1gi besz\u00e1mol\u00f3<\/span><\/a><\/p>\n<p><span style=\"font-size: 18pt;\"><a href=\"https:\/\/ferencesgimnazium.hu\/wp-content\/uploads\/2024\/05\/Ellen\u0151rz\u0151-biz-besz\u00e1mol\u00f3-2024.pdf\" target=\"_blank\" rel=\"noopener noreferrer\">2023. \u00e9vi Elen\u0151rz\u0151 Bizotts\u00e1gi besz\u00e1mol\u00f3<\/a><\/span><br \/>\n<span style=\"font-size: 18pt;\"><a href=\"https:\/\/ferencesgimnazium.hu\/wp-content\/uploads\/2024\/05\/Egyes\u00fcleti-tev\u00e9kenys\u00e9g-2023.pdf\" target=\"_blank\" rel=\"noopener noreferrer\">2023. \u00e9vi tev\u00e9kenys\u00e9gi besz\u00e1mol\u00f3<\/a><br \/>\n<\/span><span style=\"font-size: 18pt;\"><a href=\"https:\/\/ferencesgimnazium.hu\/wp-content\/uploads\/2024\/05\/p\u00e9nz\u00fcgyi-besz\u00e1mol\u00f323-\u00e9s-terv24.pdf\" target=\"_blank\" rel=\"noopener noreferrer\">2023. \u00e9vi p\u00e9nz\u00fcgyi besz\u00e1mol\u00f3<\/a><br \/>\n<\/span><span style=\"font-size: 18pt;\"><a href=\"https:\/\/ferencesgimnazium.hu\/wp-content\/uploads\/2024\/05\/szefer_PK942-2023\u00e9vr\u0151l-eln\u00f6ks\u00e9gi.pdf\" target=\"_blank\" rel=\"noopener noreferrer\">2023. \u00e9vi egyszer\u0171s\u00edtett besz\u00e1mol\u00f3<\/a><br \/>\n<\/span><span style=\"font-size: 18pt;\"><a href=\"https:\/\/ferencesgimnazium.hu\/wp-content\/uploads\/2024\/05\/Fegyelmi-Bizotts\u00e1gi-Besz\u00e1mol\u00f323.pdf\" target=\"_blank\" rel=\"noopener noreferrer\">2023. Fegyelmi Bizotts\u00e1gi besz\u00e1mol\u00f3<\/a><\/span><\/p>\n<p><span style=\"font-size: 18pt;\"><a href=\"https:\/\/ferencesgimnazium.hu\/wp-content\/uploads\/2023\/05\/szefer_p\u00fc-2022\u00e9vr\u0151l-23t\u0119rv.pdf\" target=\"_blank\" rel=\"noopener noreferrer\">2022. \u00e9vi p\u00e9nz\u00fcgyi besz\u00e1mol\u00f3<\/a><\/span><\/p>\n<p><span style=\"font-size: 18pt;\"><a href=\"https:\/\/ferencesgimnazium.hu\/wp-content\/uploads\/2022\/05\/Ellen\u0151rz\u0151_Bizotts\u00e1gi_Besz\u00e1mol\u00f3_2021.pdf\" target=\"_blank\" rel=\"noopener noreferrer\">2021. \u00e9vi Ellen\u0151rz\u0151 Bizotts\u00e1gi&nbsp; besz\u00e1mol\u00f3<\/a><br \/>\n<\/span><span style=\"font-size: 18pt;\"><a href=\"https:\/\/ferencesgimnazium.hu\/wp-content\/uploads\/2022\/05\/PK-741-PEB-2021\u00e9v.pdf\" target=\"_blank\" rel=\"noopener noreferrer\">2021. \u00e9vi&nbsp; egyszer\u0171s\u00edtett besz\u00e1mol\u00f3<\/a><br \/>\n<a href=\"https:\/\/ferencesgimnazium.hu\/wp-content\/uploads\/2022\/05\/szefer_k\u00f6rlev\u00e9lbe21.pdf\" target=\"_blank\" rel=\"noopener noreferrer\">2021. \u00e9vi p\u00e9nz\u00fcgyi besz\u00e1mol\u00f3<\/a><br \/>\n<a href=\"https:\/\/ferencesgimnazium.hu\/wp-content\/uploads\/2022\/05\/Egyes\u00fcleti-tev\u00e9kenys\u00e9g-2021.pdf\" target=\"_blank\" rel=\"noopener noreferrer\">2021. \u00e9vi tev\u00e9kenys\u00e9gi besz\u00e1mol\u00f3<\/a><\/span><\/p>\n<p><span style=\"font-size: 18pt;\"><a href=\"https:\/\/drive.google.com\/file\/d\/1T2V1SNImZtuisa2SHlEFIU63-t5gM4Sv\/view?usp=sharing\" target=\"_blank\" rel=\"noopener noreferrer\">2018. \u00e9vi Ellen\u0151rz\u0151 Bizotts\u00e1gi&nbsp; besz\u00e1mol\u00f3<\/a><br \/>\n<a href=\"https:\/\/drive.google.com\/file\/d\/1sdOw-WjKMnAT05TgWglzRx_bk_xfQcf-\/view?usp=sharing\" target=\"_blank\" rel=\"noopener noreferrer\">2018. \u00e9vi Fegyelmi Bizotts\u00e1gi besz\u00e1mol\u00f3<\/a><br \/>\n<\/span><span style=\"font-size: 18pt;\"><a href=\"https:\/\/drive.google.com\/a\/ferencesgimnazium.hu\/file\/d\/12jiv5U5F14gjG4yCtUgEPruaOsyTZyAL\/view?usp=sharing\" target=\"_blank\" rel=\"noopener noreferrer\">2018. \u00e9vi&nbsp; egyszer\u0171s\u00edtett besz\u00e1mol\u00f3<\/a><br \/>\n<a href=\"https:\/\/drive.google.com\/open?id=1ni3bcle-3dBb8x0h8VB5-trA2vczxCWo\" target=\"_blank\" rel=\"noopener noreferrer\">2018. \u00e9vi p\u00e9nz\u00fcgyi besz\u00e1mol\u00f3<\/a><br \/>\n<a href=\"https:\/\/drive.google.com\/a\/ferencesgimnazium.hu\/file\/d\/1kKCpBOhK9ArwnZAEeRavoqXyA9z_-aWM\/view?usp=sharing\" target=\"_blank\" rel=\"noopener noreferrer\">2018. \u00e9vi tev\u00e9kenys\u00e9gi besz\u00e1mol\u00f3<\/a><\/span><\/p>\n<p><span style=\"font-size: 18pt;\"><a href=\"https:\/\/drive.google.com\/a\/ferencesgimnazium.hu\/file\/d\/1REIFdUbf1Mghv0MPks2vWgIF5dtKyiC1\/view?usp=sharing\" target=\"_blank\" rel=\"noopener noreferrer\">2017. \u00e9vi p\u00e9nz\u00fcgyi besz\u00e1mol\u00f3<\/a><\/span><\/p>\n<p><span style=\"font-size: 18pt;\"><a href=\"https:\/\/drive.google.com\/a\/ferencesgimnazium.hu\/file\/d\/10JoqoV_6HQz_fYqcaDvT2Gp-bg30m8Ik\/view?usp=sharing\" target=\"_blank\" rel=\"noopener noreferrer\">2016. \u00e9vi Ellen\u0151rz\u0151 Bizotts\u00e1gi&nbsp; besz\u00e1mol\u00f3<\/a><\/span><\/p>\n<p><span style=\"font-size: 18pt;\"><a href=\"https:\/\/drive.google.com\/a\/ferencesgimnazium.hu\/file\/d\/1Xbrunt5kcCb-vdSjHwRU7SMiXOBf8JiF\/view?usp=sharing\" target=\"_blank\" rel=\"noopener noreferrer\">2015. \u00e9vi p\u00e9nz\u00fcgyi besz\u00e1mol\u00f3<\/a><\/span><\/p>\n","protected":false},"excerpt":{"rendered":"<p>2025. \u00e9vi p\u00e9nz\u00fcgyi besz\u00e1mol\u00f3 \u00e9s 2026. \u00e9vi terv 2025. \u00e9vi egyes\u00fcleti tev\u00e9kenys\u00e9g 2024. \u00e9vi p\u00e9nz\u00fcgyi besz\u00e1mol\u00f3 2024. \u00e9vi Ellen\u0151rz\u0151 Bizotts\u00e1gi [&hellip;]<\/p>\n","protected":false},"author":2,"featured_media":0,"parent":0,"menu_order":0,"comment_status":"closed","ping_status":"closed","template":"","meta":{"ngg_post_thumbnail":0,"footnotes":""},"class_list":["post-1558","page","type-page","status-publish","hentry"],"_links":{"self":[{"href":"https:\/\/ferencesgimnazium.hu\/index.php\/wp-json\/wp\/v2\/pages\/1558","targetHints":{"allow":["GET"]}}],"collection":[{"href":"https:\/\/ferencesgimnazium.hu\/index.php\/wp-json\/wp\/v2\/pages"}],"about":[{"href":"https:\/\/ferencesgimnazium.hu\/index.php\/wp-json\/wp\/v2\/types\/page"}],"author":[{"embeddable":true,"href":"https:\/\/ferencesgimnazium.hu\/index.php\/wp-json\/wp\/v2\/users\/2"}],"replies":[{"embeddable":true,"href":"https:\/\/ferencesgimnazium.hu\/index.php\/wp-json\/wp\/v2\/comments?post=1558"}],"version-history":[{"count":6,"href":"https:\/\/ferencesgimnazium.hu\/index.php\/wp-json\/wp\/v2\/pages\/1558\/revisions"}],"predecessor-version":[{"id":4854,"href":"https:\/\/ferencesgimnazium.hu\/index.php\/wp-json\/wp\/v2\/pages\/1558\/revisions\/4854"}],"wp:attachment":[{"href":"https:\/\/ferencesgimnazium.hu\/index.php\/wp-json\/wp\/v2\/media?parent=1558"}],"curies":[{"name":"wp","href":"https:\/\/api.w.org\/{rel}","templated":true}]}}