{"id":1534,"date":"2018-10-02T10:55:44","date_gmt":"2018-10-02T09:55:44","guid":{"rendered":"https:\/\/ferencesgimnazium.hu\/?page_id=1534"},"modified":"2025-11-10T20:50:52","modified_gmt":"2025-11-10T19:50:52","slug":"osztalytalalkozok-szervezese","status":"publish","type":"page","link":"https:\/\/ferencesgimnazium.hu\/index.php\/osztalytalalkozok-szervezese\/","title":{"rendered":"Oszt\u00e1lytal\u00e1lkoz\u00f3k szervez\u00e9se"},"content":{"rendered":"<p style=\"text-align: center;\"><span style=\"font-size: 14pt;\"><strong>Az iskola k\u00e9r\u00e9sei az oszt\u00e1lytal\u00e1lkoz\u00f3k szervez\u00e9s\u00e9vel kapcsolatban:<\/strong><\/span><\/p>\n<table class=\" aligncenter\" style=\"height: 320px; width: 74.0515%; border-color: #000000;\">\n<tbody>\n<tr style=\"height: 24px;\">\n<td style=\"width: 158.908%; height: 24px;\" colspan=\"2\" width=\"605\"><span style=\"color: #993300;\"><strong>Az al\u00e1bbi k\u00e9rd\u00e9sekben a k\u00f6vetkez\u0151 felel\u0151s\u00f6ket k\u00e9rj\u00fck megkeresni:<\/strong><\/span><\/td>\n<\/tr>\n<tr style=\"height: 98px;\">\n<td style=\"width: 56.8438%; height: 98px; text-align: center; vertical-align: middle;\" width=\"349\">Mett\u0151l meddig tervezik az iskol\u00e1ban a <strong>bent tart\u00f3zkod\u00e1s<\/strong>t?<\/td>\n<td style=\"width: 102.064%; height: 98px;\" width=\"255\"><span style=\"color: #0000ff;\"><strong>K\u0151r\u00f6si L\u00e1szl\u00f3<\/strong><\/span> (gondnok: gondnok@ferencesgimnazium.hu)<\/td>\n<\/tr>\n<tr style=\"height: 110px;\">\n<td style=\"width: 56.8438%; height: 110px;\" width=\"349\"><strong>Szentmis\u00e9re a k\u00e1polna foglal\u00e1sa <\/strong>(A szentmis\u00e9re a mis\u00e9z\u0151 papot az oszt\u00e1lyok \u00f6n\u00e1ll\u00f3an k\u00e9rik fel. Ugyanarra az id\u0151pontra k\u00e9rt szentmise eset\u00e9n k\u00e9rj\u00fck az oszt\u00e1lyok \u00f6sszefog\u00e1s\u00e1t.)<\/td>\n<td style=\"width: 102.064%; height: 110px;\" width=\"255\"><span style=\"color: #0000ff;\"><strong>K\u0151r\u00f6si L\u00e1szl\u00f3<\/strong><\/span> (gondnok: gondnok@ferencesgimnazium.hu)<\/td>\n<\/tr>\n<tr style=\"height: 88px;\">\n<td style=\"width: 56.8438%; height: 88px;\" width=\"349\"><strong>Eb\u00e9d k\u00e9r\u00e9se<\/strong> (l\u00e9tsz\u00e1m, egy\u00e9b ig\u00e9nyek, \u00e9tel\u00e9rz\u00e9kenys\u00e9gek)<\/td>\n<td style=\"width: 102.064%; height: 88px;\" width=\"255\"><span style=\"color: #0000ff;\"><strong>M\u00e9sz\u00e1ros J\u00f3zsef<\/strong><\/span> (\u00e9lelmez\u00e9svezet\u0151: menza@ferencesgimnazium.hu)<\/td>\n<\/tr>\n<\/tbody>\n<\/table>\n<p>&nbsp;<\/p>\n<p data-renderer-start-pos=\"131\">&nbsp;<\/p>\n<p style=\"text-align: left;\" data-renderer-start-pos=\"131\"><span style=\"font-size: 14pt; color: #993300;\"><strong data-renderer-mark=\"true\">A tal\u00e1lkoz\u00f3 hagyom\u00e1nyos (javasolt) programja:<\/strong><\/span><\/p>\n<p style=\"text-align: left;\" data-renderer-start-pos=\"178\"><strong data-renderer-mark=\"true\">10 \u00f3r\u00e1t\u00f3l:<\/strong> gy\u00fclekez\u0151 (az udvaron ill. az aul\u00e1ban)<\/p>\n<p style=\"text-align: left;\" data-renderer-start-pos=\"229\"><strong data-renderer-mark=\"true\">11 \u00f3r\u00e1t\u00f3l:<\/strong> h\u00e1laad\u00f3 szentmise (a k\u00e1poln\u00e1ban)<\/p>\n<p style=\"text-align: left;\" data-renderer-start-pos=\"274\">koszor\u00faz\u00e1s, gyertyagy\u00fajt\u00e1s az elhunyt tan\u00e1rok \u2013 di\u00e1kok eml\u00e9km\u0171v\u00e9n\u00e9l (d\u00edszudvar)<\/p>\n<p style=\"text-align: left;\" data-renderer-start-pos=\"355\"><strong data-renderer-mark=\"true\">12 \u00f3r\u00e1t\u00f3l:<\/strong> eb\u00e9d (a di\u00e1keb\u00e9dl\u0151ben)<\/p>\n<p style=\"text-align: left;\" data-renderer-start-pos=\"390\"><strong data-renderer-mark=\"true\">13 \u00f3r\u00e1t\u00f3l:<\/strong> tetsz\u00e9s szerinti folytat\u00e1s kb. 17 \u00f3r\u00e1ig (portai szolg\u00e1lat z\u00e1rja az \u00e9p\u00fcletet): pl.<\/p>\n<ul class=\"ak-ul\" style=\"text-align: left;\" data-indent-level=\"1\">\n<li>\n<p data-renderer-start-pos=\"486\">csoportk\u00e9p \u2013 k\u00e9sz\u00edt\u00e9s a Szent Ferenc szoborn\u00e1l;<\/p>\n<\/li>\n<\/ul>\n<ul class=\"ak-ul\" style=\"text-align: left;\" data-indent-level=\"1\">\n<li>\n<p data-renderer-start-pos=\"539\">tov\u00e1bbi besz\u00e9lget\u00e9s a volt vagy a kijel\u00f6lt tanteremben;<\/p>\n<\/li>\n<\/ul>\n<ul>\n<li style=\"text-align: left;\" data-renderer-start-pos=\"598\">\u201eoszt\u00e1lyf\u0151n\u00f6ki \u00f3ra\u201d tanteremben;<\/li>\n<\/ul>\n<ul class=\"ak-ul\" style=\"text-align: left;\" data-indent-level=\"1\">\n<li>\n<p data-renderer-start-pos=\"635\">besz\u00e1mol\u00f3, ismertet\u00e9s az iskola jelenlegi \u00e9let\u00e9r\u0151l, stb.<\/p>\n<\/li>\n<\/ul>\n<p style=\"text-align: left;\">&nbsp;<\/p>\n<p><a href=\"https:\/\/ferencesgimnazium.hu\/wp-content\/uploads\/2023\/06\/Ballag\u00e1s_2023_1048-scaled.jpg\"><img loading=\"lazy\" decoding=\"async\" class=\"aligncenter wp-image-3494 size-large\" src=\"https:\/\/ferencesgimnazium.hu\/wp-content\/uploads\/2023\/06\/Ballag\u00e1s_2023_1048-1024x683.jpg\" alt=\"\" width=\"1024\" height=\"683\" srcset=\"https:\/\/ferencesgimnazium.hu\/wp-content\/uploads\/2023\/06\/Ballag\u00e1s_2023_1048-1024x683.jpg 1024w, https:\/\/ferencesgimnazium.hu\/wp-content\/uploads\/2023\/06\/Ballag\u00e1s_2023_1048-300x200.jpg 300w, https:\/\/ferencesgimnazium.hu\/wp-content\/uploads\/2023\/06\/Ballag\u00e1s_2023_1048-768x512.jpg 768w, https:\/\/ferencesgimnazium.hu\/wp-content\/uploads\/2023\/06\/Ballag\u00e1s_2023_1048-1536x1024.jpg 1536w, https:\/\/ferencesgimnazium.hu\/wp-content\/uploads\/2023\/06\/Ballag\u00e1s_2023_1048-2048x1366.jpg 2048w, https:\/\/ferencesgimnazium.hu\/wp-content\/uploads\/2023\/06\/Ballag\u00e1s_2023_1048-830x553.jpg 830w, https:\/\/ferencesgimnazium.hu\/wp-content\/uploads\/2023\/06\/Ballag\u00e1s_2023_1048-230x153.jpg 230w, https:\/\/ferencesgimnazium.hu\/wp-content\/uploads\/2023\/06\/Ballag\u00e1s_2023_1048-350x233.jpg 350w, https:\/\/ferencesgimnazium.hu\/wp-content\/uploads\/2023\/06\/Ballag\u00e1s_2023_1048-480x320.jpg 480w\" sizes=\"auto, (max-width: 1024px) 100vw, 1024px\" \/><\/a><\/p>\n","protected":false},"excerpt":{"rendered":"<p>Az iskola k\u00e9r\u00e9sei az oszt\u00e1lytal\u00e1lkoz\u00f3k szervez\u00e9s\u00e9vel kapcsolatban: Az al\u00e1bbi k\u00e9rd\u00e9sekben a k\u00f6vetkez\u0151 felel\u0151s\u00f6ket k\u00e9rj\u00fck megkeresni: Mett\u0151l meddig tervezik az iskol\u00e1ban [&hellip;]<\/p>\n","protected":false},"author":2,"featured_media":0,"parent":0,"menu_order":0,"comment_status":"closed","ping_status":"closed","template":"","meta":{"ngg_post_thumbnail":0,"footnotes":""},"class_list":["post-1534","page","type-page","status-publish","hentry"],"_links":{"self":[{"href":"https:\/\/ferencesgimnazium.hu\/index.php\/wp-json\/wp\/v2\/pages\/1534","targetHints":{"allow":["GET"]}}],"collection":[{"href":"https:\/\/ferencesgimnazium.hu\/index.php\/wp-json\/wp\/v2\/pages"}],"about":[{"href":"https:\/\/ferencesgimnazium.hu\/index.php\/wp-json\/wp\/v2\/types\/page"}],"author":[{"embeddable":true,"href":"https:\/\/ferencesgimnazium.hu\/index.php\/wp-json\/wp\/v2\/users\/2"}],"replies":[{"embeddable":true,"href":"https:\/\/ferencesgimnazium.hu\/index.php\/wp-json\/wp\/v2\/comments?post=1534"}],"version-history":[{"count":5,"href":"https:\/\/ferencesgimnazium.hu\/index.php\/wp-json\/wp\/v2\/pages\/1534\/revisions"}],"predecessor-version":[{"id":4378,"href":"https:\/\/ferencesgimnazium.hu\/index.php\/wp-json\/wp\/v2\/pages\/1534\/revisions\/4378"}],"wp:attachment":[{"href":"https:\/\/ferencesgimnazium.hu\/index.php\/wp-json\/wp\/v2\/media?parent=1534"}],"curies":[{"name":"wp","href":"https:\/\/api.w.org\/{rel}","templated":true}]}}