{"id":1522,"date":"2018-10-02T10:40:45","date_gmt":"2018-10-02T09:40:45","guid":{"rendered":"https:\/\/ferencesgimnazium.hu\/?page_id=1522"},"modified":"2026-03-25T13:39:27","modified_gmt":"2026-03-25T12:39:27","slug":"tamogatas","status":"publish","type":"page","link":"https:\/\/ferencesgimnazium.hu\/index.php\/tamogatas\/","title":{"rendered":"T\u00e1mogat\u00e1s"},"content":{"rendered":"<p><img loading=\"lazy\" decoding=\"async\" class=\"alignright wp-image-231 size-medium\" style=\"font-family: georgia, palatino, serif;\" src=\"https:\/\/ferencesgimnazium.hu\/wp-content\/uploads\/2018\/08\/ado1-300x223.png\" alt=\"\" width=\"300\" height=\"223\" srcset=\"https:\/\/ferencesgimnazium.hu\/wp-content\/uploads\/2018\/08\/ado1-300x223.png 300w, https:\/\/ferencesgimnazium.hu\/wp-content\/uploads\/2018\/08\/ado1-230x171.png 230w, https:\/\/ferencesgimnazium.hu\/wp-content\/uploads\/2018\/08\/ado1-350x260.png 350w, https:\/\/ferencesgimnazium.hu\/wp-content\/uploads\/2018\/08\/ado1-480x357.png 480w, https:\/\/ferencesgimnazium.hu\/wp-content\/uploads\/2018\/08\/ado1.png 516w\" sizes=\"auto, (max-width: 300px) 100vw, 300px\" \/><\/p>\n<p><span style=\"font-family: georgia, palatino, serif;\">Kedves Di\u00e1kt\u00e1rsak!<\/span><\/p>\n<p><span style=\"font-family: georgia, palatino, serif;\">A szem\u00e9lyi ad\u00f3bevall\u00e1si id\u0151szakban ne feledkezzetek meg az Egyes\u00fcletr\u0151l sem, az ad\u00f3 1% rendelkez\u0151 nyilatkozat kit\u00f6lt\u00e9sekor!<\/span><\/p>\n<p><span style=\"font-family: georgia, palatino, serif;\"><em>N\u00e9v:<\/em><strong> SZENTENDREI FERENCES GIMN\u00c1ZIUM \u00d6REGDI\u00c1KJAINAK ORSZ\u00c1GOS EGYES\u00dcLETE<br \/>\n<\/strong><\/span><span style=\"font-family: georgia, palatino, serif;\">(A szentendrei Ferences Gimn\u00e1zium \u00d6regdi\u00e1k Egyes\u00fclet\u00e9nek alap\u00edtv\u00e1nya, NEM ISKOLAI ALAP\u00cdTV\u00c1NY!)<\/span><\/p>\n<p><span style=\"font-family: georgia, palatino, serif;\"><em>Sz\u00e9khely:<\/em> 2000 SZENTENDRE \u00c1PRILY LAJOS T\u00c9R 2.<\/span><\/p>\n<p><span style=\"font-family: georgia, palatino, serif;\"><em>Ad\u00f3sz\u00e1m:<\/em> 19169792-1-13<\/span><\/p>\n<hr>\n<p><span style=\"font-family: georgia, palatino, serif;\"><img loading=\"lazy\" decoding=\"async\" class=\"alignright wp-image-1527 size-medium\" src=\"https:\/\/ferencesgimnazium.hu\/wp-content\/uploads\/2018\/10\/bank-300x225.jpg\" alt=\"\" width=\"300\" height=\"225\" srcset=\"https:\/\/ferencesgimnazium.hu\/wp-content\/uploads\/2018\/10\/bank-300x225.jpg 300w, https:\/\/ferencesgimnazium.hu\/wp-content\/uploads\/2018\/10\/bank-230x173.jpg 230w, https:\/\/ferencesgimnazium.hu\/wp-content\/uploads\/2018\/10\/bank-350x263.jpg 350w, https:\/\/ferencesgimnazium.hu\/wp-content\/uploads\/2018\/10\/bank-480x360.jpg 480w, https:\/\/ferencesgimnazium.hu\/wp-content\/uploads\/2018\/10\/bank.jpg 600w\" sizes=\"auto, (max-width: 300px) 100vw, 300px\" \/><\/span><\/p>\n<p><span style=\"font-family: georgia, palatino, serif;\">A Szentendrei Ferences Gimn\u00e1zium \u00d6regdi\u00e1kjainak Orsz\u00e1gos Egyes\u00fclete <strong>tagd\u00edjakb\u00f3l, t\u00e1mogat\u00e1sb\u00f3l, adom\u00e1nyokb\u00f3l<\/strong>, \u00e9s p\u00e1ly\u00e1zatok \u00fatj\u00e1n szerzett bev\u00e9telekb\u0151l, valamint gazd\u00e1lkod\u00f3 tev\u00e9kenys\u00e9g j\u00f6vedelm\u00e9b\u0151l tartja fenn mag\u00e1t. A tagd\u00edj m\u00e9rt\u00e9k\u00e9t az eln\u00f6ks\u00e9g javaslat\u00e1ra a K\u00f6zgy\u0171l\u00e9s hat\u00e1rozza meg.<\/span><\/p>\n<p><span style=\"font-family: georgia, palatino, serif;\">A k\u00f6zgy\u0171l\u00e9s hat\u00e1rozata alapj\u00e1n a tagd\u00edj akt\u00edv dolgoz\u00f3knak 2500.- Ft\/\u00e9v, di\u00e1koknak \u00e9s nyugd\u00edjasoknak 1.500.- Ft\/\u00e9v<\/span><\/p>\n<p><span style=\"font-family: georgia, palatino, serif;\">Az alapszab\u00e1ly VII. 9. pontj\u00e1nak 4. bekezd\u00e9se szerint: &#8222;Az Egyes\u00fclet tagjainak k\u00f6telezetts\u00e9ge a tagd\u00edj megfizet\u00e9se.&#8221;<\/span><\/p>\n<p><span style=\"font-family: georgia, palatino, serif;\">A tagd\u00edj befizet\u00e9s\u00e9nek elmarad\u00e1sa nem j\u00e1r szankci\u00f3kkal, ugyanakkor az Egyes\u00fclet gazd\u00e1lkod\u00e1s\u00e1t jelent\u0151s m\u00e9rt\u00e9kben nehez\u00edtheti. Ez\u00e9rt k\u00e9rj\u00fck mindenki, a lehet\u0151s\u00e9geihez m\u00e9rten, a tagd\u00edj befizet\u00e9s\u00e9vel j\u00e1ruljon hozz\u00e1 Egyes\u00fclet\u00fcnk stabil m\u0171k\u00f6d\u00e9s\u00e9hez!<\/span><\/p>\n<p><span style=\"font-family: georgia, palatino, serif;\">Tagd\u00edj befizet\u00e9se lehets\u00e9ges:<\/span><\/p>\n<ul>\n<li><span style=\"font-family: georgia, palatino, serif;\">Banki \u00e1tutal\u00e1ssal az egyes\u00fclet sz\u00e1ml\u00e1j\u00e1ra: OTP 11742087-20022851-00000000<\/span><\/li>\n<li><span style=\"font-family: georgia, palatino, serif;\">S\u00e1rga csekken, amit rendszeresen megk\u00fcld\u00fcnk a k\u00f6rlev\u00e9llel, illetve a rendezv\u00e9nyeken \u00e9s az iskola port\u00e1j\u00e1n is lehet k\u00e9rni.<\/span><\/li>\n<\/ul>\n<p><span style=\"font-family: georgia, palatino, serif;\">Az al\u00e1bbi banki \u00e1tutal\u00e1sos befizet\u00e9si m\u00f3dozatokat aj\u00e1nljuk Nektek, ha t\u00e1mogatni szeretn\u00e9tek az Egyes\u00fclet c\u00e9lkit\u0171z\u00e9seit, munk\u00e1j\u00e1t:<\/span><\/p>\n<p><span style=\"font-family: georgia, palatino, serif;\"><span style=\"text-decoration: underline;\"><em>Leghagyom\u00e1nyosabb:<\/em><\/span> OTP bankfi\u00f3kban, egyszeri \u00e1tutal\u00e1si megb\u00edz\u00e1s a SZEFER OTP-n\u00e9l vezetett 11742087-20022851-000000 sz. egysz\u00e1ml\u00e1j\u00e1ra. A bankfi\u00f3kban az \u00fcgyint\u00e9z\u0151 minden seg\u00edts\u00e9get megad, csak a sz\u00e1mlasz\u00e1mot kell megadni, \u00e9s egyszeri \u00e1tutal\u00e1st k\u00e9rni.<\/span><\/p>\n<p><span style=\"font-family: georgia, palatino, serif;\"><em><span style=\"text-decoration: underline;\">Elektronikus \u00faton val\u00f3 \u00e1tutal\u00e1s:<\/span><\/em> A ma haszn\u00e1latos banksz\u00e1mla-csomagok \u00e9s bankk\u00e1rty\u00e1k \u2013 a sz\u00e1mlatulajdonos ig\u00e9ny\u00e9nek megfelel\u0151en \u2013 gyakran rendelkeznek online \u00fcgyint\u00e9z\u00e9si lehet\u0151s\u00e9ggel. Ebben az esetben is egyszeri \u00e1tutal\u00e1st kell k\u00e9rni, \u00e9s az online \u00fcgyint\u00e9z\u00e9s menetrendje szerint a SZEFER OTP 11742087-20022851-000000 banksz\u00e1mlasz\u00e1mra, mint kedvezm\u00e9nyezettre \u00e1tutal\u00e1si megb\u00edz\u00e1st adni.<\/span><\/p>\n<p><span style=\"text-decoration: underline; font-family: georgia, palatino, serif;\"><em>K\u00fclf\u00f6ldr\u0151l:<\/em><\/span><\/p>\n<ul>\n<li><span style=\"font-family: georgia, palatino, serif;\">BIC (SWIFT) k\u00f3d: OTPVHUHB<\/span><\/li>\n<li><span style=\"font-family: georgia, palatino, serif;\">IBAN k\u00f3d: HU75 1174 2087 2002 2851 0000 0000<\/span><\/li>\n<\/ul>\n","protected":false},"excerpt":{"rendered":"<p>Kedves Di\u00e1kt\u00e1rsak! A szem\u00e9lyi ad\u00f3bevall\u00e1si id\u0151szakban ne feledkezzetek meg az Egyes\u00fcletr\u0151l sem, az ad\u00f3 1% rendelkez\u0151 nyilatkozat kit\u00f6lt\u00e9sekor! N\u00e9v: SZENTENDREI [&hellip;]<\/p>\n","protected":false},"author":2,"featured_media":0,"parent":0,"menu_order":0,"comment_status":"closed","ping_status":"closed","template":"","meta":{"ngg_post_thumbnail":0,"footnotes":""},"class_list":["post-1522","page","type-page","status-publish","hentry"],"_links":{"self":[{"href":"https:\/\/ferencesgimnazium.hu\/index.php\/wp-json\/wp\/v2\/pages\/1522","targetHints":{"allow":["GET"]}}],"collection":[{"href":"https:\/\/ferencesgimnazium.hu\/index.php\/wp-json\/wp\/v2\/pages"}],"about":[{"href":"https:\/\/ferencesgimnazium.hu\/index.php\/wp-json\/wp\/v2\/types\/page"}],"author":[{"embeddable":true,"href":"https:\/\/ferencesgimnazium.hu\/index.php\/wp-json\/wp\/v2\/users\/2"}],"replies":[{"embeddable":true,"href":"https:\/\/ferencesgimnazium.hu\/index.php\/wp-json\/wp\/v2\/comments?post=1522"}],"version-history":[{"count":5,"href":"https:\/\/ferencesgimnazium.hu\/index.php\/wp-json\/wp\/v2\/pages\/1522\/revisions"}],"predecessor-version":[{"id":4537,"href":"https:\/\/ferencesgimnazium.hu\/index.php\/wp-json\/wp\/v2\/pages\/1522\/revisions\/4537"}],"wp:attachment":[{"href":"https:\/\/ferencesgimnazium.hu\/index.php\/wp-json\/wp\/v2\/media?parent=1522"}],"curies":[{"name":"wp","href":"https:\/\/api.w.org\/{rel}","templated":true}]}}