{"id":1516,"date":"2018-10-02T10:37:26","date_gmt":"2018-10-02T09:37:26","guid":{"rendered":"https:\/\/ferencesgimnazium.hu\/?page_id=1516"},"modified":"2025-11-10T21:04:56","modified_gmt":"2025-11-10T20:04:56","slug":"pax-et-bonum-alapitvany","status":"publish","type":"page","link":"https:\/\/ferencesgimnazium.hu\/index.php\/pax-et-bonum-alapitvany\/","title":{"rendered":"Pax et Bonum Alap\u00edtv\u00e1ny"},"content":{"rendered":"<p style=\"text-align: center;\"><span style=\"font-family: georgia, palatino, serif;\"><strong><span style=\"font-size: 18pt;\">A Pax et Bonum Alap\u00edtv\u00e1ny kurat\u00f3rium\u00e1nak el\u00e9rhet\u0151s\u00e9gei<\/span><\/strong><\/span><\/p>\n<p>&nbsp;<\/p>\n<p><span style=\"font-family: georgia, palatino, serif;\"><span style=\"color: #0000ff;\"><strong>Silacher Mikl\u00f3s<\/strong><\/span> &#8211; eln\u00f6k<\/span><\/p>\n<ul>\n<li><span style=\"font-family: georgia, palatino, serif;\"><strong>telefon: <\/strong>+36\/20 828-06-38<\/span><\/li>\n<li><span style=\"font-family: georgia, palatino, serif;\"><strong>e-mail:<\/strong> silacher@t-online.hu<\/span><\/li>\n<\/ul>\n<p><span style=\"font-family: georgia, palatino, serif; color: #0000ff;\"><strong>Korbuly Krisztina<\/strong><\/span><\/p>\n<ul>\n<li><span style=\"font-family: georgia, palatino, serif;\"><strong>telefon: <\/strong>+36\/30 999-66-82<\/span><\/li>\n<\/ul>\n<p><span style=\"font-family: georgia, palatino, serif; color: #0000ff;\"><strong>K\u00e1li Imre<\/strong><\/span><\/p>\n<ul>\n<li><span style=\"font-family: georgia, palatino, serif;\"><strong>telefon:<\/strong> +36\/20 335-55-09<\/span><\/li>\n<\/ul>\n","protected":false},"excerpt":{"rendered":"<p>A Pax et Bonum Alap\u00edtv\u00e1ny kurat\u00f3rium\u00e1nak el\u00e9rhet\u0151s\u00e9gei &nbsp; Silacher Mikl\u00f3s &#8211; eln\u00f6k telefon: +36\/20 828-06-38 e-mail: silacher@t-online.hu Korbuly Krisztina telefon: [&hellip;]<\/p>\n","protected":false},"author":2,"featured_media":0,"parent":0,"menu_order":0,"comment_status":"closed","ping_status":"closed","template":"","meta":{"ngg_post_thumbnail":0,"footnotes":""},"class_list":["post-1516","page","type-page","status-publish","hentry"],"_links":{"self":[{"href":"https:\/\/ferencesgimnazium.hu\/index.php\/wp-json\/wp\/v2\/pages\/1516","targetHints":{"allow":["GET"]}}],"collection":[{"href":"https:\/\/ferencesgimnazium.hu\/index.php\/wp-json\/wp\/v2\/pages"}],"about":[{"href":"https:\/\/ferencesgimnazium.hu\/index.php\/wp-json\/wp\/v2\/types\/page"}],"author":[{"embeddable":true,"href":"https:\/\/ferencesgimnazium.hu\/index.php\/wp-json\/wp\/v2\/users\/2"}],"replies":[{"embeddable":true,"href":"https:\/\/ferencesgimnazium.hu\/index.php\/wp-json\/wp\/v2\/comments?post=1516"}],"version-history":[{"count":5,"href":"https:\/\/ferencesgimnazium.hu\/index.php\/wp-json\/wp\/v2\/pages\/1516\/revisions"}],"predecessor-version":[{"id":4380,"href":"https:\/\/ferencesgimnazium.hu\/index.php\/wp-json\/wp\/v2\/pages\/1516\/revisions\/4380"}],"wp:attachment":[{"href":"https:\/\/ferencesgimnazium.hu\/index.php\/wp-json\/wp\/v2\/media?parent=1516"}],"curies":[{"name":"wp","href":"https:\/\/api.w.org\/{rel}","templated":true}]}}