{"id":1501,"date":"2018-10-02T09:52:48","date_gmt":"2018-10-02T08:52:48","guid":{"rendered":"https:\/\/ferencesgimnazium.hu\/?page_id=1501"},"modified":"2025-11-10T21:23:45","modified_gmt":"2025-11-10T20:23:45","slug":"kapcsolat","status":"publish","type":"page","link":"https:\/\/ferencesgimnazium.hu\/index.php\/kapcsolat\/","title":{"rendered":"Kapcsolat"},"content":{"rendered":"<p><span style=\"text-decoration: underline;\"><strong>Egyes\u00fclet sz\u00e9khelye:<\/strong><\/span> 2000 Szentendre, \u00c1prily Lajos t\u00e9r 2.<\/p>\n<p><span style=\"text-decoration: underline;\"><strong>Levelez\u00e9si c\u00edm:<\/strong><\/span> 2000 Szentendre, \u00c1prily Lajos T\u00e9r 2.<\/p>\n<p>&nbsp;<\/p>\n<p style=\"text-align: center;\"><span style=\"font-family: georgia, palatino, serif;\"><strong><span style=\"font-size: 18pt;\">SZEFER vezet\u0151s\u00e9ge \u00e9s tiszts\u00e9gvisel\u0151i<\/span><\/strong><\/span><\/p>\n<p style=\"text-align: center;\"><span style=\"font-size: 14pt; font-family: georgia, palatino, serif;\"><em>2018 &#8211; 2022<\/em><\/span><\/p>\n<p><span style=\"font-family: georgia, palatino, serif;\"><span style=\"color: #0000ff;\"><strong>V\u00f6r\u00f6s Bal\u00e1zs<\/strong><\/span> &#8211;&nbsp;eln\u00f6k <em>(1982\/A)<\/em><\/span><\/p>\n<ul>\n<li><span style=\"font-family: georgia, palatino, serif;\"><strong>e-mail:<\/strong> voros.balazs.karolyne@t-online.hu<\/span><\/li>\n<li><span style=\"font-family: georgia, palatino, serif;\"><strong>telefon: <\/strong>+36\/20 935-18-29, +36\/26 343-147<br \/>\n<\/span><\/li>\n<\/ul>\n<p><span style=\"font-family: georgia, palatino, serif;\"><span style=\"color: #0000ff;\"><strong>S\u00e1ndor Bal\u00e1zs<\/strong> <\/span>&#8211;&nbsp;aleln\u00f6k <em>(2004\/B)<\/em><\/span><\/p>\n<ul>\n<li><span style=\"font-family: georgia, palatino, serif;\"><strong>e-mail: <\/strong>balazs.sandor@vipmail.hu<\/span><\/li>\n<li><span style=\"font-family: georgia, palatino, serif;\"><strong>telefon: <\/strong>+36\/20 823-31-44<\/span><\/li>\n<\/ul>\n<p><span style=\"font-family: georgia, palatino, serif;\"><span style=\"color: #0000ff;\"><strong>K\u00e1li Gabriella<\/strong><\/span> &#8211;&nbsp;titk\u00e1r <em>(1980\/B)<\/em><\/span><\/p>\n<ul>\n<li><span style=\"font-family: georgia, palatino, serif;\"><strong>e-mail: <\/strong>Gabriella.Kali@ksh.hu<\/span><\/li>\n<li><span style=\"font-family: georgia, palatino, serif;\"><strong>telefon: <\/strong>+36\/20 413-05-41<\/span><\/li>\n<\/ul>\n<hr>\n<p>&nbsp;<\/p>\n<p><span style=\"color: #ff0000;\"><strong><span style=\"text-decoration: underline; font-family: georgia, palatino, serif; font-size: 14pt;\">Eln\u00f6ks\u00e9gi tagok:<\/span><\/strong><\/span><\/p>\n<p><span style=\"font-family: georgia, palatino, serif;\"><span style=\"color: #0000ff;\">Beny\u00f3 Bal\u00e1zs<\/span> <em>(1989\/A)<\/em><\/span><\/p>\n<ul>\n<li><span style=\"font-family: georgia, palatino, serif;\"><strong>e-mail: <\/strong>benyob3@gmail.com<\/span><\/li>\n<li><span style=\"font-family: georgia, palatino, serif;\"><strong>telefon: <\/strong>+36\/20 491-97-79<\/span><\/li>\n<\/ul>\n<p><span style=\"font-family: georgia, palatino, serif;\"><span style=\"color: #0000ff;\">Golarits Imre<\/span> <em>(1980\/B)<\/em><\/span><\/p>\n<ul>\n<li><span style=\"font-family: georgia, palatino, serif;\"><strong>e-mail: <\/strong>golarits@freestart.hu<\/span><\/li>\n<li><span style=\"font-family: georgia, palatino, serif;\"><strong>telefon: <\/strong>+36\/20 547-96-47<\/span><\/li>\n<\/ul>\n<p><span style=\"font-family: georgia, palatino, serif;\"><span style=\"color: #0000ff;\">Pupp\u00e1n Gy\u00f6rgy<\/span> <em>(1993\/B)<\/em><\/span><\/p>\n<ul>\n<li><span style=\"font-family: georgia, palatino, serif;\"><strong>e-mail: <\/strong>GyPuppan@teammembers.rec.org<\/span><\/li>\n<li><span style=\"font-family: georgia, palatino, serif;\"><strong>telefon: <\/strong>+36\/30 901-28-85<\/span><\/li>\n<\/ul>\n<p><span style=\"font-family: georgia, palatino, serif;\"><span style=\"color: #0000ff;\">Ravasz Gy\u00f6rgy<\/span> <em>(1973\/B)<\/em><\/span><\/p>\n<ul>\n<li><span style=\"font-family: georgia, palatino, serif;\"><strong>e-mail: <\/strong>ravaszbt@t-online.hu<\/span><\/li>\n<li><span style=\"font-family: georgia, palatino, serif;\"><strong>telefon: <\/strong>+36\/30 250-88-19, +36\/1 285-09-68<\/span><\/li>\n<\/ul>\n<hr>\n<p>&nbsp;<\/p>\n<p><span style=\"color: #ff0000;\"><strong><span style=\"text-decoration: underline; font-family: georgia, palatino, serif; font-size: 14pt;\">Ellen\u0151rz\u0151 bizotts\u00e1g:<\/span><\/strong><\/span><\/p>\n<p><span style=\"font-family: georgia, palatino, serif;\"><span style=\"color: #0000ff;\">Juranits Mikl\u00f3s<\/span> <em>(1976\/B)<\/em><\/span><\/p>\n<ul>\n<li><span style=\"font-family: georgia, palatino, serif;\"><strong>e-mail: <\/strong>juranits@freemail.hu<\/span><\/li>\n<li><span style=\"font-family: georgia, palatino, serif;\"><strong>telefon: <\/strong>+36\/70 775-76-80, +36\/1 403-53-91<\/span><\/li>\n<\/ul>\n<p><span style=\"font-family: georgia, palatino, serif;\"><span style=\"color: #0000ff;\">Sur\u00e1nyi-Vadas T\u00edmea<\/span> <em>(1992\/B)<\/em><\/span><\/p>\n<ul>\n<li><span style=\"font-family: georgia, palatino, serif;\"><strong>e-mail: <\/strong>suranyimail@gmail.com<\/span><\/li>\n<li><span style=\"font-family: georgia, palatino, serif;\"><strong>telefon: <\/strong>+36\/30 456-68-42<\/span><\/li>\n<\/ul>\n<p><span style=\"font-family: georgia, palatino, serif;\"><span style=\"color: #0000ff;\">M\u00f3csai G\u00e1bor<\/span> <em>(1985\/B)<\/em><\/span><\/p>\n<ul>\n<li><span style=\"font-family: georgia, palatino, serif;\"><strong>e-mail: <\/strong>mocsai@dunakanyar.net<\/span><\/li>\n<li><span style=\"font-family: georgia, palatino, serif;\"><strong>telefon: <\/strong>+36\/30 251-86-93<\/span><\/li>\n<\/ul>\n<hr>\n<p>&nbsp;<\/p>\n<p><span style=\"font-size: 14pt; color: #ff0000;\"><strong><span style=\"text-decoration: underline; font-family: georgia, palatino, serif;\">Fegyelmi bizotts\u00e1g:<\/span><\/strong><\/span><\/p>\n<p><span style=\"font-family: georgia, palatino, serif;\"><span style=\"color: #0000ff;\">Pr\u00f3sz\u00e9ky Annam\u00e1ria<\/span> <em>(1978\/AB)<\/em><\/span><\/p>\n<ul>\n<li><span style=\"font-family: georgia, palatino, serif;\"><strong>e-mail: <\/strong>proszeky@freestart.hu<\/span><\/li>\n<li><span style=\"font-family: georgia, palatino, serif;\"><strong>telefon: <\/strong>+36\/20 972-91-44<\/span><\/li>\n<\/ul>\n<p><span style=\"font-family: georgia, palatino, serif;\"><span style=\"color: #0000ff;\">Dr. Radv\u00e1nyi Katalin<\/span> <em>(1971\/A)<\/em><\/span><\/p>\n<ul>\n<li><span style=\"font-family: georgia, palatino, serif;\"><strong>e-mail: <\/strong>kradvanyi@gmail.com<\/span><\/li>\n<li><span style=\"font-family: georgia, palatino, serif;\"><strong>telefon: <\/strong>+36\/20 977-31-15<\/span><\/li>\n<\/ul>\n<p><span style=\"font-family: georgia, palatino, serif;\"><span style=\"color: #0000ff;\">Bokor J\u00f3zsef<\/span> <em>(1976\/B)<\/em><\/span><\/p>\n<ul>\n<li><span style=\"font-family: georgia, palatino, serif;\"><strong>e-mail: <\/strong>akacnagyapo@gmail.com<\/span><\/li>\n<li><span style=\"font-family: georgia, palatino, serif;\"><strong>telefon:<\/strong> +36\/20 365-19-45<\/span><\/li>\n<\/ul>\n","protected":false},"excerpt":{"rendered":"<p>Egyes\u00fclet sz\u00e9khelye: 2000 Szentendre, \u00c1prily Lajos t\u00e9r 2. Levelez\u00e9si c\u00edm: 2000 Szentendre, \u00c1prily Lajos T\u00e9r 2. &nbsp; SZEFER vezet\u0151s\u00e9ge \u00e9s [&hellip;]<\/p>\n","protected":false},"author":2,"featured_media":0,"parent":0,"menu_order":0,"comment_status":"closed","ping_status":"closed","template":"","meta":{"ngg_post_thumbnail":0,"footnotes":""},"class_list":["post-1501","page","type-page","status-publish","hentry"],"_links":{"self":[{"href":"https:\/\/ferencesgimnazium.hu\/index.php\/wp-json\/wp\/v2\/pages\/1501","targetHints":{"allow":["GET"]}}],"collection":[{"href":"https:\/\/ferencesgimnazium.hu\/index.php\/wp-json\/wp\/v2\/pages"}],"about":[{"href":"https:\/\/ferencesgimnazium.hu\/index.php\/wp-json\/wp\/v2\/types\/page"}],"author":[{"embeddable":true,"href":"https:\/\/ferencesgimnazium.hu\/index.php\/wp-json\/wp\/v2\/users\/2"}],"replies":[{"embeddable":true,"href":"https:\/\/ferencesgimnazium.hu\/index.php\/wp-json\/wp\/v2\/comments?post=1501"}],"version-history":[{"count":5,"href":"https:\/\/ferencesgimnazium.hu\/index.php\/wp-json\/wp\/v2\/pages\/1501\/revisions"}],"predecessor-version":[{"id":4381,"href":"https:\/\/ferencesgimnazium.hu\/index.php\/wp-json\/wp\/v2\/pages\/1501\/revisions\/4381"}],"wp:attachment":[{"href":"https:\/\/ferencesgimnazium.hu\/index.php\/wp-json\/wp\/v2\/media?parent=1501"}],"curies":[{"name":"wp","href":"https:\/\/api.w.org\/{rel}","templated":true}]}}