{"id":1498,"date":"2018-10-02T09:50:08","date_gmt":"2018-10-02T08:50:08","guid":{"rendered":"https:\/\/ferencesgimnazium.hu\/?page_id=1498"},"modified":"2025-11-09T12:49:58","modified_gmt":"2025-11-09T11:49:58","slug":"jegyzokonyvek","status":"publish","type":"page","link":"https:\/\/ferencesgimnazium.hu\/index.php\/jegyzokonyvek\/","title":{"rendered":"Jegyz\u0151k\u00f6nyvek"},"content":{"rendered":"<p style=\"text-align: center;\"><span style=\"font-family: georgia, palatino, serif;\"><strong><span style=\"font-size: 18pt;\">A Szentendrei Ferences Gimn\u00e1zium \u00d6regdi\u00e1kjainak Orsz\u00e1gos Egyes\u00fclet\u00e9nek jegyz\u0151k\u00f6nyvei<\/span><\/strong><\/span><\/p>\n<p><span style=\"font-size: 14pt;\"><a href=\"https:\/\/ferencesgimnazium.hu\/wp-content\/uploads\/2025\/11\/Jegyzokonyv2025.pdf\">2025. m\u00e1jus 24. &#8211; K\u00f6zgy\u0171l\u00e9s<\/a><\/span><\/p>\n<p><span style=\"font-size: 14pt; font-family: georgia, palatino, serif;\"><a href=\"https:\/\/ferencesgimnazium.hu\/wp-content\/uploads\/2024\/05\/Megism\u00e9telt-k\u00f6zgy\u0171l\u00e9s-jkv-mell\u00e9kletek-n\u00e9lk\u00fcl.pdf\" target=\"_blank\" rel=\"noopener noreferrer\">2024. m\u00e1jus 25. &#8211; K\u00f6zgy\u0171l\u00e9s<\/a><\/span><\/p>\n<p><span style=\"font-size: 14pt; font-family: georgia, palatino, serif;\"><a href=\"https:\/\/ferencesgimnazium.hu\/wp-content\/uploads\/2023\/05\/rendes-k\u00f6zgy\u0171l\u00e9s-jkv.pdf\" target=\"_blank\" rel=\"noopener noreferrer\">2023. m\u00e1jus 11. &#8211; K\u00f6zgy\u0171l\u00e9s<\/a><\/span><\/p>\n<p><span style=\"font-size: 14pt; font-family: georgia, palatino, serif;\"><a href=\"https:\/\/drive.google.com\/file\/d\/1uZEmcAWIxuspPBgJmb2me0xprsGKDA-g\/view?usp=sharing\" target=\"_blank\" rel=\"noopener noreferrer\">2019. \u00e1prilis 27. &#8211; K\u00f6zgy\u0171l\u00e9s<\/a><\/span><\/p>\n<p><span style=\"font-size: 14pt; font-family: georgia, palatino, serif;\"><a href=\"https:\/\/drive.google.com\/a\/ferencesgimnazium.hu\/file\/d\/1_EtJQSzl0kzw22EkkgacAi1NTUNothk4\/view?usp=sharing\" target=\"_blank\" rel=\"noopener noreferrer\">2018. m\u00e1jus 10. &#8211; Eln\u00f6ks\u00e9gi \u00fcl\u00e9s<\/a><\/span><\/p>\n<p><span style=\"font-size: 14pt; font-family: georgia, palatino, serif;\"><a href=\"https:\/\/drive.google.com\/a\/ferencesgimnazium.hu\/file\/d\/1AfHKIK6kzwua28Jk51MsrscODuHxChS9\/view?usp=sharing\" target=\"_blank\" rel=\"noopener noreferrer\">2018. febru\u00e1r 8. &#8211; Eln\u00f6ks\u00e9gi \u00fcl\u00e9s<\/a><\/span><\/p>\n<p><span style=\"font-size: 14pt; font-family: georgia, palatino, serif;\"><a href=\"https:\/\/drive.google.com\/a\/ferencesgimnazium.hu\/file\/d\/1uT3rr6liDX6Mdl6ZcMEp9C0WdD38LKsk\/view?usp=sharing\" target=\"_blank\" rel=\"noopener noreferrer\">2015. november 19. &#8211; Eln\u00f6ks\u00e9gi \u00fcl\u00e9s<\/a><\/span><\/p>\n<p><span style=\"font-size: 14pt; font-family: georgia, palatino, serif;\"><a href=\"https:\/\/drive.google.com\/a\/ferencesgimnazium.hu\/file\/d\/1U_C4mqtCsz1Qa00YUWxce3UOJ1m4yCgm\/view?usp=sharing\" target=\"_blank\" rel=\"noopener noreferrer\">2015. okt\u00f3ber 15. &#8211; Eln\u00f6ks\u00e9gi \u00fcl\u00e9s<\/a><\/span><\/p>\n<p><span style=\"font-size: 14pt; font-family: georgia, palatino, serif;\"><a href=\"https:\/\/drive.google.com\/open?id=1RC_HGoQTML5C9nMuhHsnQa4-N_obKfk2\" target=\"_blank\" rel=\"noopener noreferrer\">2015. szeptember 10. &#8211; Eln\u00f6ks\u00e9gi \u00fcl\u00e9s<\/a><\/span><\/p>\n<p><span style=\"font-size: 14pt; font-family: georgia, palatino, serif;\"><a href=\"https:\/\/drive.google.com\/a\/ferencesgimnazium.hu\/file\/d\/11xyw2IueMNis5wP2UIf8PbGfDA5HgrEg\/view?usp=sharing\" target=\"_blank\" rel=\"noopener noreferrer\">2015. m\u00e1jus 14. &#8211; Eln\u00f6ks\u00e9gi \u00fcl\u00e9s<\/a><\/span><\/p>\n<p><span style=\"font-size: 14pt; font-family: georgia, palatino, serif;\"><a href=\"https:\/\/drive.google.com\/open?id=1Hc5Viko_mUWe-_wa1UfdlRczF7Lvy9zm\" target=\"_blank\" rel=\"noopener noreferrer\">2014. okt\u00f3ber 9. &#8211; Eln\u00f6ks\u00e9gi \u00fcl\u00e9s<\/a><\/span><\/p>\n<p><span style=\"font-size: 14pt; font-family: georgia, palatino, serif;\"><a href=\"https:\/\/drive.google.com\/a\/ferencesgimnazium.hu\/file\/d\/1aC5fbmc0mYhb5lKbV24Pf13BvuZ3iIq7\/view?usp=sharing\" target=\"_blank\" rel=\"noopener noreferrer\">2014. \u00e1prilis 10. &#8211; Eln\u00f6ks\u00e9gi \u00fcl\u00e9s<\/a><\/span><\/p>\n<p><span style=\"font-size: 14pt; font-family: georgia, palatino, serif;\"><a href=\"https:\/\/drive.google.com\/a\/ferencesgimnazium.hu\/file\/d\/1oIybUEhkmKV5m5xyJZHcgCulJMkdFI19\/view?usp=sharing\" target=\"_blank\" rel=\"noopener noreferrer\">2014. \u00e1prilis 10. &#8211; K\u00f6zgy\u0171l\u00e9s<\/a><\/span><\/p>\n<p><span style=\"font-size: 14pt; font-family: georgia, palatino, serif;\"><a href=\"https:\/\/drive.google.com\/a\/ferencesgimnazium.hu\/file\/d\/1hy8PlNDTqtuWeKbZBTlmpA1syMcVebVd\/view?usp=sharing\" target=\"_blank\" rel=\"noopener noreferrer\">2014. m\u00e1rcius 8. &#8211; Eln\u00f6ks\u00e9gi \u00fcl\u00e9s<\/a><\/span><\/p>\n","protected":false},"excerpt":{"rendered":"<p>A Szentendrei Ferences Gimn\u00e1zium \u00d6regdi\u00e1kjainak Orsz\u00e1gos Egyes\u00fclet\u00e9nek jegyz\u0151k\u00f6nyvei 2025. m\u00e1jus 24. &#8211; K\u00f6zgy\u0171l\u00e9s 2024. m\u00e1jus 25. &#8211; K\u00f6zgy\u0171l\u00e9s 2023. m\u00e1jus [&hellip;]<\/p>\n","protected":false},"author":2,"featured_media":0,"parent":0,"menu_order":0,"comment_status":"closed","ping_status":"closed","template":"","meta":{"ngg_post_thumbnail":0,"footnotes":""},"class_list":["post-1498","page","type-page","status-publish","hentry"],"_links":{"self":[{"href":"https:\/\/ferencesgimnazium.hu\/index.php\/wp-json\/wp\/v2\/pages\/1498","targetHints":{"allow":["GET"]}}],"collection":[{"href":"https:\/\/ferencesgimnazium.hu\/index.php\/wp-json\/wp\/v2\/pages"}],"about":[{"href":"https:\/\/ferencesgimnazium.hu\/index.php\/wp-json\/wp\/v2\/types\/page"}],"author":[{"embeddable":true,"href":"https:\/\/ferencesgimnazium.hu\/index.php\/wp-json\/wp\/v2\/users\/2"}],"replies":[{"embeddable":true,"href":"https:\/\/ferencesgimnazium.hu\/index.php\/wp-json\/wp\/v2\/comments?post=1498"}],"version-history":[{"count":5,"href":"https:\/\/ferencesgimnazium.hu\/index.php\/wp-json\/wp\/v2\/pages\/1498\/revisions"}],"predecessor-version":[{"id":4352,"href":"https:\/\/ferencesgimnazium.hu\/index.php\/wp-json\/wp\/v2\/pages\/1498\/revisions\/4352"}],"wp:attachment":[{"href":"https:\/\/ferencesgimnazium.hu\/index.php\/wp-json\/wp\/v2\/media?parent=1498"}],"curies":[{"name":"wp","href":"https:\/\/api.w.org\/{rel}","templated":true}]}}