{"id":1492,"date":"2018-10-02T09:42:54","date_gmt":"2018-10-02T08:42:54","guid":{"rendered":"https:\/\/ferencesgimnazium.hu\/?page_id=1492"},"modified":"2018-12-03T11:33:18","modified_gmt":"2018-12-03T10:33:18","slug":"dokumentumok-szefer","status":"publish","type":"page","link":"https:\/\/ferencesgimnazium.hu\/index.php\/dokumentumok-szefer\/","title":{"rendered":"Dokumentumok"},"content":{"rendered":"<p><span style=\"font-size: 18pt;\"><a href=\"https:\/\/drive.google.com\/open?id=1DVqBH8To3Bu1LBFS08HzrGMrIHD00_tK\" target=\"_blank\" rel=\"noopener\">ALAP\u00cdT\u00d3 OKIRAT<\/a><\/span><\/p>\n<p><span style=\"font-size: 18pt;\"><a href=\"https:\/\/drive.google.com\/open?id=1fx84RtnhmD1y-3MjGzRm65JPNQV4pimA\" target=\"_blank\" rel=\"noopener\">ALAPSZAB\u00c1LY<\/a><\/span><\/p>\n<p><span style=\"font-size: 18pt;\"><a href=\"https:\/\/drive.google.com\/open?id=1FusrYoRRDYdWbnyb4l6mFTxuXtlM1Cx9\" target=\"_blank\" rel=\"noopener\">NYILATKOZAT &#8211; BEL\u00c9P\u00c9S AZ EGYES\u00dcLETBE<\/a><\/span><\/p>\n<p><a href=\"https:\/\/ferencesgimnazium.hu\/index.php\/jegyzokonyvek\/\"><span style=\"font-size: 18pt;\">JEGYZ\u0150K\u00d6NYVEK<\/span><\/a><\/p>\n<p><span style=\"font-size: 18pt;\"><a href=\"https:\/\/ferencesgimnazium.hu\/index.php\/beszamolok\/\">BESZ\u00c1MOL\u00d3K<\/a><\/span><\/p>\n","protected":false},"excerpt":{"rendered":"<p>ALAP\u00cdT\u00d3 OKIRAT ALAPSZAB\u00c1LY NYILATKOZAT &#8211; BEL\u00c9P\u00c9S AZ EGYES\u00dcLETBE JEGYZ\u0150K\u00d6NYVEK BESZ\u00c1MOL\u00d3K<\/p>\n","protected":false},"author":2,"featured_media":0,"parent":0,"menu_order":0,"comment_status":"closed","ping_status":"closed","template":"","meta":{"ngg_post_thumbnail":0,"footnotes":""},"class_list":["post-1492","page","type-page","status-publish","hentry"],"_links":{"self":[{"href":"https:\/\/ferencesgimnazium.hu\/index.php\/wp-json\/wp\/v2\/pages\/1492","targetHints":{"allow":["GET"]}}],"collection":[{"href":"https:\/\/ferencesgimnazium.hu\/index.php\/wp-json\/wp\/v2\/pages"}],"about":[{"href":"https:\/\/ferencesgimnazium.hu\/index.php\/wp-json\/wp\/v2\/types\/page"}],"author":[{"embeddable":true,"href":"https:\/\/ferencesgimnazium.hu\/index.php\/wp-json\/wp\/v2\/users\/2"}],"replies":[{"embeddable":true,"href":"https:\/\/ferencesgimnazium.hu\/index.php\/wp-json\/wp\/v2\/comments?post=1492"}],"version-history":[{"count":5,"href":"https:\/\/ferencesgimnazium.hu\/index.php\/wp-json\/wp\/v2\/pages\/1492\/revisions"}],"predecessor-version":[{"id":1560,"href":"https:\/\/ferencesgimnazium.hu\/index.php\/wp-json\/wp\/v2\/pages\/1492\/revisions\/1560"}],"wp:attachment":[{"href":"https:\/\/ferencesgimnazium.hu\/index.php\/wp-json\/wp\/v2\/media?parent=1492"}],"curies":[{"name":"wp","href":"https:\/\/api.w.org\/{rel}","templated":true}]}}