{"id":1267,"date":"2018-08-27T22:37:14","date_gmt":"2018-08-27T21:37:14","guid":{"rendered":"https:\/\/ferencesgimnazium.hu\/?page_id=1267"},"modified":"2025-11-09T20:28:12","modified_gmt":"2025-11-09T19:28:12","slug":"kapcsolataink","status":"publish","type":"page","link":"https:\/\/ferencesgimnazium.hu\/index.php\/kapcsolataink\/","title":{"rendered":"Kapcsolataink"},"content":{"rendered":"<p><span style=\"font-family: georgia, palatino, serif;\"><strong><span style=\"font-size: 14pt;\">R\u00e1k\u00f3czi Sz\u00f6vets\u00e9g<\/span><\/strong><\/span><\/p>\n<p style=\"text-align: justify;\"><span style=\"font-family: georgia, palatino, serif;\">Iskol\u00e1nkban szoros kapcsolatot \u00e1pol a <a href=\"https:\/\/www.rakocziszovetseg.org\/\">R\u00e1k\u00f3czi Sz\u00f6vets\u00e9ggel<\/a>, a Ferences Gimn\u00e1zium helyi szervezetk\u00e9nt vesz r\u00e9szt a sz\u00f6vets\u00e9g munk\u00e1j\u00e1ban.<\/span><\/p>\n<p><span style=\"font-family: georgia, palatino, serif;\"><span style=\"text-decoration: underline;\">Iskolai kapcsolattart\u00f3:<\/span> <span style=\"color: #0000ff;\">Fr. Fejes Istv\u00e1n<\/span><\/span><\/p>\n<p><span style=\"font-family: georgia, palatino, serif;\"><img loading=\"lazy\" decoding=\"async\" class=\"alignnone wp-image-1271 size-medium\" src=\"https:\/\/ferencesgimnazium.hu\/wp-content\/uploads\/2018\/08\/r\u00e1k\u00f3czi-300x177.jpg\" alt=\"\" width=\"300\" height=\"177\" srcset=\"https:\/\/ferencesgimnazium.hu\/wp-content\/uploads\/2018\/08\/r\u00e1k\u00f3czi-300x177.jpg 300w, https:\/\/ferencesgimnazium.hu\/wp-content\/uploads\/2018\/08\/r\u00e1k\u00f3czi-768x452.jpg 768w, https:\/\/ferencesgimnazium.hu\/wp-content\/uploads\/2018\/08\/r\u00e1k\u00f3czi-230x135.jpg 230w, https:\/\/ferencesgimnazium.hu\/wp-content\/uploads\/2018\/08\/r\u00e1k\u00f3czi-350x206.jpg 350w, https:\/\/ferencesgimnazium.hu\/wp-content\/uploads\/2018\/08\/r\u00e1k\u00f3czi-480x283.jpg 480w, https:\/\/ferencesgimnazium.hu\/wp-content\/uploads\/2018\/08\/r\u00e1k\u00f3czi.jpg 800w\" sizes=\"auto, (max-width: 300px) 100vw, 300px\" \/><\/span><\/p>\n<p>&nbsp;<\/p>\n<hr>\n<p><span style=\"font-size: 14pt; font-family: georgia, palatino, serif;\"><strong>D\u00e9vai Szent Ferenc Alap\u00edtv\u00e1ny<\/strong><\/span><\/p>\n<p style=\"text-align: justify;\"><span style=\"font-family: georgia, palatino, serif;\">Iskol\u00e1nk testv\u00e9riskolai kapcsolatot \u00e1pol a <a href=\"http:\/\/szentferencalapitvany.org\/\">D\u00e9vai Szent Ferenc Alap\u00edtv\u00e1nnyal<\/a>. <a href=\"http:\/\/www.magnificat.ro\">www.magnificat.ro<\/a><\/span><\/p>\n<p><span style=\"font-family: georgia, palatino, serif;\"><span style=\"text-decoration: underline;\">Iskolai kapcsolattart\u00f3:<\/span> <span style=\"color: #0000ff;\">Fr. Fejes Istv\u00e1n<\/span><\/span><\/p>\n<p><span style=\"font-family: georgia, palatino, serif;\"><img loading=\"lazy\" decoding=\"async\" class=\"alignnone wp-image-1268 size-thumbnail\" src=\"https:\/\/ferencesgimnazium.hu\/wp-content\/uploads\/2018\/08\/deva-150x150.jpg\" alt=\"\" width=\"150\" height=\"150\" srcset=\"https:\/\/ferencesgimnazium.hu\/wp-content\/uploads\/2018\/08\/deva-150x150.jpg 150w, https:\/\/ferencesgimnazium.hu\/wp-content\/uploads\/2018\/08\/deva-230x230.jpg 230w, https:\/\/ferencesgimnazium.hu\/wp-content\/uploads\/2018\/08\/deva.jpg 282w\" sizes=\"auto, (max-width: 150px) 100vw, 150px\" \/><\/span><\/p>\n<p>&nbsp;<\/p>\n<hr>\n<p style=\"text-align: justify;\"><span style=\"font-size: 12pt; font-family: georgia, palatino, serif;\"><span style=\"font-size: 14pt;\"><strong>Polo Liceale Mazzatitnti, Gubbio <\/strong><\/span><a href=\"https:\/\/liceomazzatinti.edu.it\/\">www.liceomazzatinti.edu.it<\/a><strong><br \/>\n<\/strong><\/span><br \/>\n<span style=\"font-size: 12pt; font-family: georgia, palatino, serif;\">Iskol\u00e1nkban a 2018\/2019 \u2013 es tan\u00e9vben kezd\u0151d\u00f6tt el az olasz, mint m\u00e1sodik nyelv tan\u00edt\u00e1sa. Szentendre testv\u00e9rv\u00e1rosa Gubbio. Nagy \u00f6r\u00f6m\u00fcnkre m\u00e1r a tavalyi tan\u00e9v elej\u00e9n megkeresett benn\u00fcnket a Polo Liceale Mazzatinti testv\u00e9riskolai kapcsolat kialak\u00edt\u00e1s\u00e1nak c\u00e9lj\u00e1val.<\/span><br \/>\n<span style=\"font-size: 12pt; font-family: georgia, palatino, serif;\">Az olasz iskol\u00e1val tavaly m\u00e1jusban di\u00e1k cserekapcsolat kialak\u00edt\u00e1s\u00e1ba kezdt\u00fcnk, melynek m\u00e1sodik fordul\u00f3ja a 2019\/2020 \u2013 as tan\u00e9v elej\u00e9n zajlik. A magyar di\u00e1kok m\u00e1jus v\u00e9g\u00e9n l\u00e1togatt\u00e1k meg Gubbi\u00f3t \u00e9s cserepartnereiket, m\u00edg a magyar di\u00e1kokhoz, okt\u00f3ber k\u00f6zep\u00e9n \u00e9rkeznek viszont l\u00e1togat\u00e1sra az olasz fiatalok.<\/span><\/p>\n<p><span style=\"font-size: 12pt; font-family: georgia, palatino, serif;\"><span style=\"text-decoration: underline;\">Iskolai kapcsolattart\u00f3:<\/span> <span style=\"color: #0000ff;\">F\u00f3rizs Andrea<\/span><\/span><\/p>\n<p><a href=\"https:\/\/ferencesgimnazium.hu\/wp-content\/uploads\/2020\/09\/Liceo_logo.jpg\"><img loading=\"lazy\" decoding=\"async\" class=\"size-medium wp-image-2692 alignleft\" src=\"https:\/\/ferencesgimnazium.hu\/wp-content\/uploads\/2020\/09\/Liceo_logo-300x150.jpg\" alt=\"\" width=\"300\" height=\"150\" srcset=\"https:\/\/ferencesgimnazium.hu\/wp-content\/uploads\/2020\/09\/Liceo_logo-300x150.jpg 300w, https:\/\/ferencesgimnazium.hu\/wp-content\/uploads\/2020\/09\/Liceo_logo-230x115.jpg 230w, https:\/\/ferencesgimnazium.hu\/wp-content\/uploads\/2020\/09\/Liceo_logo-350x175.jpg 350w, https:\/\/ferencesgimnazium.hu\/wp-content\/uploads\/2020\/09\/Liceo_logo-480x240.jpg 480w, https:\/\/ferencesgimnazium.hu\/wp-content\/uploads\/2020\/09\/Liceo_logo.jpg 605w\" sizes=\"auto, (max-width: 300px) 100vw, 300px\" \/><\/a><\/p>\n<p>&nbsp;<\/p>\n<p>&nbsp;<\/p>\n<p>&nbsp;<\/p>\n<p>&nbsp;<\/p>\n<p>&nbsp;<\/p>\n<p><span style=\"font-size: 12pt; font-family: georgia, palatino, serif;\"><em>A cserekapcsolat c\u00e9lja:<\/em><\/span><br \/>\n<span style=\"font-size: 12pt; font-family: georgia, palatino, serif;\">Szent Ferenc t\u00e1gabb haz\u00e1j\u00e1nak, Umbri\u00e1nak megismer\u00e9se.<\/span><br \/>\n<span style=\"font-size: 12pt; font-family: georgia, palatino, serif;\">A r\u00e9sztvev\u0151 tanul\u00f3k hall\u00e1s- \u00e9s besz\u00e9d\u00e9rt\u00e9s\u00e9nek, valamint kommunik\u00e1ci\u00f3s k\u00e9szs\u00e9g\u00e9nek fejleszt\u00e9se olasz nyelvb\u0151l.<\/span><br \/>\n<span style=\"font-size: 12pt; font-family: georgia, palatino, serif;\">Ismerked\u00e9s az olasz kult\u00far\u00e1val \u00e9s t\u00e1rsadalommal, tal\u00e1lkoz\u00e1s olasz fiatalokkal \u00e9s csal\u00e1djaikkal.<\/span><br \/>\n<span style=\"font-size: 12pt; font-family: georgia, palatino, serif;\">A cseredi\u00e1k-kapcsolat k\u00f6lts\u00e9ge gyakorlatilag az utaz\u00e1st foglalja mag\u00e1ban, amely kb. 30 -40 .000 Ft-ot jelent. Szentendre \u00e9s Gubbi\u00f3 t\u00e1vols\u00e1ga kb. 1100 km.<\/span><br \/>\n<span style=\"font-size: 12pt; font-family: georgia, palatino, serif;\">A kiutaz\u00f3 di\u00e1kok a befogad\u00f3 csal\u00e1dt\u00f3l teljes ell\u00e1t\u00e1st kapnak, bele\u00e9rtve az orsz\u00e1gon bel\u00fcli utaz\u00e1s k\u00f6lts\u00e9geit, m\u00fazeumi bel\u00e9p\u0151ket, kir\u00e1ndul\u00e1st. Az olasz di\u00e1kok itt tart\u00f3zkod\u00e1sakor befogad\u00f3 sz\u00fcl\u0151k\u00e9nt ugyanezekre a viszonz\u00e1sokra kell felk\u00e9sz\u00fclni.<\/span><\/p>\n<p>&nbsp;<\/p>\n<hr>\n<p><span style=\"font-family: georgia, palatino, serif;\"><strong><span style=\"font-size: 14pt;\">Rabanus Maurus Schule, Domgymnasium<\/span><\/strong><\/span><\/p>\n<p style=\"text-align: justify;\"><span style=\"font-family: georgia, palatino, serif;\">Iskol\u00e1nk testv\u00e9riskolai kapcsolatot \u00e1pol a fuldai (N\u00e9metorsz\u00e1g) <a href=\"http:\/\/www.rms-fulda.de\/\">Rabanus Maurus Schule, Domgymnasium<\/a>-mal. A n\u00e9metorsz\u00e1gi iskol\u00e1val di\u00e1k cserekapcsolatban is \u00e1llunk. A n\u00e9met di\u00e1kok okt\u00f3ber elej\u00e9n j\u00f6nnek a magyar di\u00e1kokhoz, a viszont l\u00e1togat\u00e1sra pedig m\u00e1jusban ker\u00fcl sor.<\/span><\/p>\n<p><span style=\"font-family: georgia, palatino, serif;\"><span style=\"text-decoration: underline;\">Iskolai kapcsolattart\u00f3:<\/span> <span style=\"color: #0000ff;\">Baka-Reg\u0151s Beatrix<\/span><\/span><\/p>\n<p><span style=\"font-family: georgia, palatino, serif;\"><img loading=\"lazy\" decoding=\"async\" class=\"alignnone size-medium wp-image-1269\" src=\"https:\/\/ferencesgimnazium.hu\/wp-content\/uploads\/2018\/08\/fulda-300x46.jpg\" alt=\"\" width=\"300\" height=\"46\" srcset=\"https:\/\/ferencesgimnazium.hu\/wp-content\/uploads\/2018\/08\/fulda-300x46.jpg 300w, https:\/\/ferencesgimnazium.hu\/wp-content\/uploads\/2018\/08\/fulda-768x118.jpg 768w, https:\/\/ferencesgimnazium.hu\/wp-content\/uploads\/2018\/08\/fulda-230x35.jpg 230w, https:\/\/ferencesgimnazium.hu\/wp-content\/uploads\/2018\/08\/fulda-350x54.jpg 350w, https:\/\/ferencesgimnazium.hu\/wp-content\/uploads\/2018\/08\/fulda-480x74.jpg 480w, https:\/\/ferencesgimnazium.hu\/wp-content\/uploads\/2018\/08\/fulda.jpg 800w\" sizes=\"auto, (max-width: 300px) 100vw, 300px\" \/><\/span><\/p>\n<p style=\"text-align: justify;\"><span style=\"font-family: georgia, palatino, serif;\">Gimn\u00e1ziumunk \u00e9s a Hessen tartom\u00e1nyban l\u00e9v\u0151 Fulda v\u00e1ros Rabanus-Maurus Schule (Domgymnasium) k\u00f6z\u00f6tt cseredi\u00e1k-kapcsolat j\u00f6tt l\u00e9tre 2008-ban. Az\u00f3ta di\u00e1kjaink t\u00f6bbsz\u00f6r voltak N\u00e9metorsz\u00e1gban ennek a kapcsolatnak k\u00f6sz\u00f6nhet\u0151en,\u00e9s fogadt\u00e1k a n\u00e9met tanul\u00f3kat. elso_latogatas<\/span><\/p>\n<p><span style=\"font-family: georgia, palatino, serif;\"><em>A cserekapcsolat c\u00e9lja:<\/em><\/span><\/p>\n<ul style=\"list-style-type: circle;\">\n<li><span style=\"font-family: georgia, palatino, serif;\">A r\u00e9sztvev\u0151 tanul\u00f3k hall\u00e1s- \u00e9s besz\u00e9d\u00e9rt\u00e9s\u00e9nek, valamint kommunik\u00e1ci\u00f3s k\u00e9szs\u00e9g\u00e9nek fejleszt\u00e9se n\u00e9met nyelvb\u0151l.<\/span><\/li>\n<li><span style=\"font-family: georgia, palatino, serif;\">A n\u00e9met t\u00e1rsadalmi val\u00f3s\u00e1g igazi arculat\u00e1nak tanulm\u00e1nyoz\u00e1sa.<\/span><\/li>\n<li><span style=\"font-family: georgia, palatino, serif;\">A megtervezett programokon val\u00f3 \u00e9rdekl\u0151d\u0151 r\u00e9szv\u00e9tel.<\/span><\/li>\n<\/ul>\n<p style=\"text-align: justify;\"><span style=\"font-family: georgia, palatino, serif;\">A cseredi\u00e1k-kapcsolat k\u00f6lts\u00e9ge gyakorlatilag az utaz\u00e1st foglalja mag\u00e1ban, amely kb. 30.000 Ft-ot jelent. Fulda kb. 1000 km-re van Budapestt\u0151l.<\/span><\/p>\n<p style=\"text-align: justify;\"><span style=\"font-family: georgia, palatino, serif;\">Kiutaz\u00f3 di\u00e1kjaink a befogad\u00f3 csal\u00e1dt\u00f3l teljes ell\u00e1t\u00e1st kapnak, bele\u00e9rtve az orsz\u00e1gon bel\u00fcli utaz\u00e1s k\u00f6lts\u00e9geit, m\u00fazeumi bel\u00e9p\u0151ket, strandkir\u00e1ndul\u00e1st. A n\u00e9met di\u00e1kok itt tart\u00f3zkod\u00e1sakor befogad\u00f3 sz\u00fcl\u0151k\u00e9nt ugyanezekre a viszonz\u00e1sokra kell felk\u00e9sz\u00fclni.<\/span><\/p>\n<p><span style=\"font-family: georgia, palatino, serif;\">Hogyan lehet jelentkezni?<\/span><\/p>\n<p style=\"text-align: justify;\"><span style=\"font-family: georgia, palatino, serif;\">Id\u00e9n m\u00e9g van lehet\u0151s\u00e9g jelentkezni erre a programra! Az els\u0151 n\u00e9met\u00f3r\u00e1n kell a tan\u00e1rn\u00e1l jelezni a r\u00e9szv\u00e9teli sz\u00e1nd\u00e9kot. Amennyiben a nyelvtan\u00e1r t\u00e1mogatja a r\u00e9szv\u00e9telt, el kell menni az els\u0151 k\u00f6z\u00f6s megbesz\u00e9l\u00e9sre, ahol tov\u00e1bbi r\u00e9szleteket lehet megtudni a teend\u0151kr\u0151l, programr\u00f3l, id\u0151pontokr\u00f3l.A programra val\u00f3 v\u00e9gleges jelentkez\u00e9s elk\u00f6telezetts\u00e9ggel j\u00e1r, egy tan\u00e9vre sz\u00f3l, \u00e9s a kiutaz\u00e1s mellett a cseredi\u00e1k fogad\u00e1s\u00e1t is mag\u00e1ban foglalja.<\/span><\/p>\n<p>&nbsp;<\/p>\n<hr>\n<p><span style=\"font-size: 14pt; font-family: georgia, palatino, serif;\"><strong>\u00c9rsek\u00fajv\u00e1ri Magyar Tan\u00edt\u00e1si Nyelv\u0171 Gimn\u00e1zium<\/strong><\/span><\/p>\n<p><span style=\"font-family: georgia, palatino, serif;\">Iskol\u00e1nk testv\u00e9riskolai kapcsolatot \u00e1pol az <a href=\"https:\/\/pazmangymnz.edupage.org\/\">\u00c9rsek\u00fajv\u00e1ri Magyar Tan\u00edt\u00e1si Nyelv\u0171 Gimn\u00e1ziummal<\/a>.<\/span><\/p>\n<p><span style=\"font-family: georgia, palatino, serif;\"><img loading=\"lazy\" decoding=\"async\" class=\" wp-image-1270 alignleft\" src=\"https:\/\/ferencesgimnazium.hu\/wp-content\/uploads\/2018\/08\/logo.png\" alt=\"\" width=\"111\" height=\"126\"><\/span><\/p>\n<p style=\"text-align: justify;\"><span style=\"font-family: georgia, palatino, serif;\">\u00c9rsek\u00fajv\u00e1rott 1842 \u00f3ta m\u0171k\u00f6dik a gimn\u00e1zium, melynek els\u0151 tan\u00e1rai ferences aty\u00e1k voltak. Csehszlov\u00e1kia megalakul\u00e1sakor a gimn\u00e1ziumot \u00e1llamos\u00edtott\u00e1k, \u00e9s egy szlov\u00e1k iskola magyar tagozatk\u00e9nt maradhatott fenn. 2006-t\u00f3l a magyar tagozat \u00f6n\u00e1ll\u00f3sult, s az\u00f3ta P\u00e1zm\u00e1ny P\u00e9ter Gimn\u00e1zium n\u00e9ven m\u0171k\u00f6dik. Kovalcsik Cirill atya, aki egyben az \u00e9rsek\u00fajv\u00e1ri ferences templom magyar lelk\u00e9sze is, kezdem\u00e9nyez\u00e9s\u00e9re indult el a kapcsolat a k\u00e9t iskola k\u00f6z\u00f6tt. A tan\u00e1rok \u00e9s a di\u00e1kok k\u00f6lcs\u00f6n\u00f6sen megh\u00edv\u00e1st kapnak a sportnapra, a Ferb\u00e1lra, Di\u00e1kb\u00e1lra, szalagavat\u00f3ra, egyes tanulm\u00e1nyi versenyekre. Az \u00e9rsek\u00fajv\u00e1ri gimn\u00e1zium m\u00e1rcius 15-ei \u00fcnnep\u00e9ly\u00e9n rendszeresen r\u00e9szt vesznek a szentendrei di\u00e1kok is, a R\u00e1k\u00f3czi Sz\u00f6vets\u00e9g utaz\u00e1si programj\u00e1hoz kapcsol\u00f3dva. K\u00f6z\u00f6s kir\u00e1ndul\u00e1st is szervezt\u00fcnk, legut\u00f3bb a Magas-T\u00e1tr\u00e1ba \u00e9s Lengyelorsz\u00e1gba. Iskol\u00e1nk k\u00f3rusa \u00e9vente egyszer felkerekedik, \u00e9s az \u00fajv\u00e1ri di\u00e1kok csal\u00e1djainak vend\u00e9gl\u00e1t\u00e1sa mellett \u00e9nekel a ferences templomban szentmis\u00e9n egy r\u00f6videbb koncerttel egybek\u00f6tve.<\/span><\/p>\n","protected":false},"excerpt":{"rendered":"<p>R\u00e1k\u00f3czi Sz\u00f6vets\u00e9g Iskol\u00e1nkban szoros kapcsolatot \u00e1pol a R\u00e1k\u00f3czi Sz\u00f6vets\u00e9ggel, a Ferences Gimn\u00e1zium helyi szervezetk\u00e9nt vesz r\u00e9szt a sz\u00f6vets\u00e9g munk\u00e1j\u00e1ban. Iskolai [&hellip;]<\/p>\n","protected":false},"author":2,"featured_media":0,"parent":0,"menu_order":0,"comment_status":"closed","ping_status":"closed","template":"","meta":{"ngg_post_thumbnail":0,"footnotes":""},"class_list":["post-1267","page","type-page","status-publish","hentry"],"_links":{"self":[{"href":"https:\/\/ferencesgimnazium.hu\/index.php\/wp-json\/wp\/v2\/pages\/1267","targetHints":{"allow":["GET"]}}],"collection":[{"href":"https:\/\/ferencesgimnazium.hu\/index.php\/wp-json\/wp\/v2\/pages"}],"about":[{"href":"https:\/\/ferencesgimnazium.hu\/index.php\/wp-json\/wp\/v2\/types\/page"}],"author":[{"embeddable":true,"href":"https:\/\/ferencesgimnazium.hu\/index.php\/wp-json\/wp\/v2\/users\/2"}],"replies":[{"embeddable":true,"href":"https:\/\/ferencesgimnazium.hu\/index.php\/wp-json\/wp\/v2\/comments?post=1267"}],"version-history":[{"count":5,"href":"https:\/\/ferencesgimnazium.hu\/index.php\/wp-json\/wp\/v2\/pages\/1267\/revisions"}],"predecessor-version":[{"id":4368,"href":"https:\/\/ferencesgimnazium.hu\/index.php\/wp-json\/wp\/v2\/pages\/1267\/revisions\/4368"}],"wp:attachment":[{"href":"https:\/\/ferencesgimnazium.hu\/index.php\/wp-json\/wp\/v2\/media?parent=1267"}],"curies":[{"name":"wp","href":"https:\/\/api.w.org\/{rel}","templated":true}]}}