{"id":1258,"date":"2018-08-27T20:28:33","date_gmt":"2018-08-27T19:28:33","guid":{"rendered":"https:\/\/ferencesgimnazium.hu\/?page_id=1258"},"modified":"2022-09-23T14:27:55","modified_gmt":"2022-09-23T12:27:55","slug":"dijaink","status":"publish","type":"page","link":"https:\/\/ferencesgimnazium.hu\/index.php\/dijaink\/","title":{"rendered":"D\u00edjaink"},"content":{"rendered":"<p><span style=\"font-size: 18pt; font-family: georgia, palatino, serif;\"><strong>Hein Jen\u0151 d\u00edj<\/strong><\/span><\/p>\n<p><span style=\"font-family: georgia, palatino, serif;\"><em>A szentendrei Ferences Gimn\u00e1zium tan\u00e1rai r\u00e9sz\u00e9re<\/em><\/span><\/p>\n<p style=\"text-align: justify;\"><span style=\"font-family: georgia, palatino, serif;\">A d\u00edj c\u00e9lja a kereszt\u00e9ny pedag\u00f3gus hivat\u00e1s eszm\u00e9ny\u00e9nek elm\u00e9ly\u00edt\u00e9se, \u00e1pol\u00e1sa, jelent\u0151s\u00e9g\u00e9nek \u00e9s \u00e9rt\u00e9k\u00e9nek hangs\u00falyoz\u00e1sa. A szentendrei Ferences Gimn\u00e1zium elk\u00f6telezett tan\u00e1rainak erk\u00f6lcsi \u00e9s anyagi elismer\u00e9se. K\u00f6sz\u00f6netnyilv\u00e1n\u00edt\u00e1s. Ig\u00e9nyes munk\u00e1ra \u00f6szt\u00f6n\u00f6z azzal, hogy a kiemelked\u0151 nevel\u0151i munk\u00e1t \u00e9s szakmai felk\u00e9sz\u00fclts\u00e9get p\u00e9ldak\u00e9nt \u00e1ll\u00edtja a k\u00f6z\u00f6ss\u00e9g el\u00e9.<\/span><\/p>\n<p style=\"text-align: justify;\"><span style=\"font-family: georgia, palatino, serif;\">\u00c9vente az a pedag\u00f3gus r\u00e9szes\u00fcl a d\u00edjban, aki hit\u00e9t meggy\u0151z\u0151d\u00e9ssel gyakorolja, munkahely\u00e9t kitart\u00f3an szolg\u00e1lja, oktat\u00f3-nevel\u0151 munk\u00e1ja igazolhat\u00f3an kiemelked\u0151, koll\u00e9g\u00e1i \u00e9s di\u00e1kjai ir\u00e1nt bizalom \u00e9s seg\u00edt\u0151k\u00e9sz szeretet jellemzi. B\u00e9kess\u00e9gre t\u00f6rekszik, kiegyens\u00falyozott, j\u00f3 kapcsolatot tart fenn a sz\u00fcl\u0151kkel, tan\u00edt\u00e1son k\u00edv\u00fcli feladatokban \u00f6nzetlen \u00e9s \u00e1ldozatk\u00e9sz. Tan\u00edtv\u00e1nyaival val\u00f3 kapcsolat\u00e1t k\u00f6vetkezetess\u00e9g \u00e9s a tisztelet jellemzi, megjelen\u00e9se p\u00e9ldaad\u00f3, j\u00f3 modor\u00fa.<\/span><\/p>\n<p><span style=\"font-family: georgia, palatino, serif;\">A d\u00edj alap\u00edt\u00f3ja: F\u00fcl\u00f6p L\u00e1szl\u00f3 (1953 H). Az alap\u00edt\u00e1s ideje: 2001.<\/span><\/p>\n<hr>\n<p><span style=\"font-family: georgia, palatino, serif;\"><strong><span style=\"font-size: 18pt;\">Vas J\u00f3zsef d\u00edj<\/span><\/strong><\/span><\/p>\n<p style=\"text-align: justify;\"><span style=\"font-family: georgia, palatino, serif;\">A d\u00edj c\u00e9lja, hogy iskol\u00e1nk di\u00e1kjai a t\u00f6rt\u00e9nelem, a magyar nyelv \u00e9s irodalom tant\u00e1rgyakat min\u00e9l m\u00e9lyebben elsaj\u00e1t\u00edts\u00e1k.<\/span><\/p>\n<p style=\"text-align: justify;\"><span style=\"font-family: georgia, palatino, serif;\">A d\u00edjban r\u00e9szes\u00fcl az \u00e9ves iskolai szaval\u00f3verseny els\u0151 helyezettje (p\u00e9nzjutalom form\u00e1j\u00e1ban), valamint az els\u0151 helyezett oszt\u00e1lya (egy sz\u00ednh\u00e1zl\u00e1togat\u00e1ssal). Ezen k\u00edv\u00fcl a d\u00edj gondoz\u00f3i jutalomban r\u00e9szes\u00edthetik azt a tanul\u00f3t, aki t\u00f6rt\u00e9nelem tant\u00e1rgyban kimagasl\u00f3 tud\u00e1sr\u00f3l tesz bizonys\u00e1got, illetve tanulm\u00e1nyi versenyen kimagasl\u00f3 eredm\u00e9nyt \u00e9r el.<\/span><\/p>\n<p style=\"text-align: justify;\"><span style=\"font-family: georgia, palatino, serif;\">A d\u00edj alap\u00edt\u00f3i a szentendrei Ferences Gimn\u00e1zium volt di\u00e1kjai Vas J\u00f3zsef SBD tan\u00e1r \u00far utols\u00f3 oszt\u00e1ly\u00e1b\u00f3l: B\u00e1ndy M\u00e1rta, M\u00e9r\u0151 Imre \u00e9s Moln\u00e1r B\u00e9la. Az alap\u00edt\u00e1s ideje: 1992.<\/span><\/p>\n<hr>\n<p><span style=\"font-family: georgia, palatino, serif;\"><strong><span style=\"font-size: 18pt;\">Pro schola d\u00edj<\/span><\/strong><\/span><\/p>\n<p><span style=\"font-family: georgia, palatino, serif;\">A Pro schola d\u00edjat a ballag\u00e1s \u00e9v\u00e9ben kapj\u00e1k azok a di\u00e1kok, akik tanulm\u00e1nyaik mellett fizikai munk\u00e1jukkal legink\u00e1bb seg\u00edtett\u00e9k az iskola m\u0171k\u00f6d\u00e9s\u00e9t, \u00e9p\u00edt\u00e9s\u00e9t, sz\u00e9p\u00edt\u00e9s\u00e9t.<\/span><\/p>\n<div id='gallery-1' class='gallery galleryid-1258 gallery-columns-2 gallery-size-medium'><figure class='gallery-item'>\n\t\t\t<div class='gallery-icon landscape'>\n\t\t\t\t<a href='https:\/\/ferencesgimnazium.hu\/wp-content\/uploads\/2020\/10\/1.png'><img loading=\"lazy\" decoding=\"async\" width=\"300\" height=\"295\" src=\"https:\/\/ferencesgimnazium.hu\/wp-content\/uploads\/2020\/10\/1-300x295.png\" class=\"attachment-medium size-medium\" alt=\"\" srcset=\"https:\/\/ferencesgimnazium.hu\/wp-content\/uploads\/2020\/10\/1-300x295.png 300w, https:\/\/ferencesgimnazium.hu\/wp-content\/uploads\/2020\/10\/1-1024x1008.png 1024w, https:\/\/ferencesgimnazium.hu\/wp-content\/uploads\/2020\/10\/1-768x756.png 768w, https:\/\/ferencesgimnazium.hu\/wp-content\/uploads\/2020\/10\/1-830x817.png 830w, https:\/\/ferencesgimnazium.hu\/wp-content\/uploads\/2020\/10\/1-230x226.png 230w, https:\/\/ferencesgimnazium.hu\/wp-content\/uploads\/2020\/10\/1-350x344.png 350w, https:\/\/ferencesgimnazium.hu\/wp-content\/uploads\/2020\/10\/1-480x472.png 480w, https:\/\/ferencesgimnazium.hu\/wp-content\/uploads\/2020\/10\/1.png 1504w\" sizes=\"auto, (max-width: 300px) 100vw, 300px\" \/><\/a>\n\t\t\t<\/div><\/figure><figure class='gallery-item'>\n\t\t\t<div class='gallery-icon portrait'>\n\t\t\t\t<a href='https:\/\/ferencesgimnazium.hu\/wp-content\/uploads\/2020\/10\/2-1.png'><img loading=\"lazy\" decoding=\"async\" width=\"298\" height=\"300\" src=\"https:\/\/ferencesgimnazium.hu\/wp-content\/uploads\/2020\/10\/2-1-298x300.png\" class=\"attachment-medium size-medium\" alt=\"\" srcset=\"https:\/\/ferencesgimnazium.hu\/wp-content\/uploads\/2020\/10\/2-1-298x300.png 298w, https:\/\/ferencesgimnazium.hu\/wp-content\/uploads\/2020\/10\/2-1-1017x1024.png 1017w, https:\/\/ferencesgimnazium.hu\/wp-content\/uploads\/2020\/10\/2-1-150x150.png 150w, https:\/\/ferencesgimnazium.hu\/wp-content\/uploads\/2020\/10\/2-1-768x773.png 768w, https:\/\/ferencesgimnazium.hu\/wp-content\/uploads\/2020\/10\/2-1-830x836.png 830w, https:\/\/ferencesgimnazium.hu\/wp-content\/uploads\/2020\/10\/2-1-230x232.png 230w, https:\/\/ferencesgimnazium.hu\/wp-content\/uploads\/2020\/10\/2-1-350x353.png 350w, https:\/\/ferencesgimnazium.hu\/wp-content\/uploads\/2020\/10\/2-1-480x483.png 480w, https:\/\/ferencesgimnazium.hu\/wp-content\/uploads\/2020\/10\/2-1.png 1397w\" sizes=\"auto, (max-width: 298px) 100vw, 298px\" \/><\/a>\n\t\t\t<\/div><\/figure>\n\t\t<\/div>\n\n<p>&nbsp;<\/p>\n<hr>\n<p><span style=\"font-family: georgia, palatino, serif;\"><strong><span style=\"font-size: 18pt;\">Szikra d\u00edj<\/span><\/strong><\/span><\/p>\n<p style=\"text-align: justify;\"><span style=\"font-family: georgia, palatino, serif;\">Szikra Ferenc d\u00edjat az alap\u00edt\u00f3 sz\u00e1nd\u00e9ka szerint az a 12-es tanul\u00f3 kapja, akit az iskola tanul\u00f3i \u00f6nm\u0171vel\u00e9sben, seg\u00edt\u0151k\u00e9szs\u00e9gben, bar\u00e1ts\u00e1gban, vall\u00e1soss\u00e1gban p\u00e9ldamutat\u00f3nak ismertek meg \u00e9s titkos szavaz\u00e1ssal meger\u0151s\u00edtik.<\/span><\/p>\n<p>&nbsp;<\/p>\n<div id='gallery-2' class='gallery galleryid-1258 gallery-columns-3 gallery-size-medium'><figure class='gallery-item'>\n\t\t\t<div class='gallery-icon landscape'>\n\t\t\t\t<a href='https:\/\/ferencesgimnazium.hu\/wp-content\/uploads\/2020\/10\/3.png'><img loading=\"lazy\" decoding=\"async\" width=\"300\" height=\"300\" src=\"https:\/\/ferencesgimnazium.hu\/wp-content\/uploads\/2020\/10\/3-300x300.png\" class=\"attachment-medium size-medium\" alt=\"\" srcset=\"https:\/\/ferencesgimnazium.hu\/wp-content\/uploads\/2020\/10\/3-300x300.png 300w, https:\/\/ferencesgimnazium.hu\/wp-content\/uploads\/2020\/10\/3-1024x1024.png 1024w, https:\/\/ferencesgimnazium.hu\/wp-content\/uploads\/2020\/10\/3-150x150.png 150w, https:\/\/ferencesgimnazium.hu\/wp-content\/uploads\/2020\/10\/3-768x768.png 768w, https:\/\/ferencesgimnazium.hu\/wp-content\/uploads\/2020\/10\/3-830x830.png 830w, https:\/\/ferencesgimnazium.hu\/wp-content\/uploads\/2020\/10\/3-230x230.png 230w, https:\/\/ferencesgimnazium.hu\/wp-content\/uploads\/2020\/10\/3-350x350.png 350w, https:\/\/ferencesgimnazium.hu\/wp-content\/uploads\/2020\/10\/3-480x480.png 480w, https:\/\/ferencesgimnazium.hu\/wp-content\/uploads\/2020\/10\/3.png 1456w\" sizes=\"auto, (max-width: 300px) 100vw, 300px\" \/><\/a>\n\t\t\t<\/div><\/figure><figure class='gallery-item'>\n\t\t\t<div class='gallery-icon landscape'>\n\t\t\t\t<a href='https:\/\/ferencesgimnazium.hu\/wp-content\/uploads\/2020\/10\/4.png'><img loading=\"lazy\" decoding=\"async\" width=\"300\" height=\"297\" src=\"https:\/\/ferencesgimnazium.hu\/wp-content\/uploads\/2020\/10\/4-300x297.png\" class=\"attachment-medium size-medium\" alt=\"\" srcset=\"https:\/\/ferencesgimnazium.hu\/wp-content\/uploads\/2020\/10\/4-300x297.png 300w, https:\/\/ferencesgimnazium.hu\/wp-content\/uploads\/2020\/10\/4-1024x1014.png 1024w, https:\/\/ferencesgimnazium.hu\/wp-content\/uploads\/2020\/10\/4-150x150.png 150w, https:\/\/ferencesgimnazium.hu\/wp-content\/uploads\/2020\/10\/4-768x760.png 768w, https:\/\/ferencesgimnazium.hu\/wp-content\/uploads\/2020\/10\/4-1536x1521.png 1536w, https:\/\/ferencesgimnazium.hu\/wp-content\/uploads\/2020\/10\/4-830x822.png 830w, https:\/\/ferencesgimnazium.hu\/wp-content\/uploads\/2020\/10\/4-230x228.png 230w, https:\/\/ferencesgimnazium.hu\/wp-content\/uploads\/2020\/10\/4-350x347.png 350w, https:\/\/ferencesgimnazium.hu\/wp-content\/uploads\/2020\/10\/4-480x475.png 480w, https:\/\/ferencesgimnazium.hu\/wp-content\/uploads\/2020\/10\/4.png 1632w\" sizes=\"auto, (max-width: 300px) 100vw, 300px\" \/><\/a>\n\t\t\t<\/div><\/figure><figure class='gallery-item'>\n\t\t\t<div class='gallery-icon portrait'>\n\t\t\t\t<a href='https:\/\/ferencesgimnazium.hu\/wp-content\/uploads\/2020\/10\/5.png'><img loading=\"lazy\" decoding=\"async\" width=\"254\" height=\"300\" src=\"https:\/\/ferencesgimnazium.hu\/wp-content\/uploads\/2020\/10\/5-254x300.png\" class=\"attachment-medium size-medium\" alt=\"\" srcset=\"https:\/\/ferencesgimnazium.hu\/wp-content\/uploads\/2020\/10\/5-254x300.png 254w, https:\/\/ferencesgimnazium.hu\/wp-content\/uploads\/2020\/10\/5-867x1024.png 867w, https:\/\/ferencesgimnazium.hu\/wp-content\/uploads\/2020\/10\/5-768x907.png 768w, https:\/\/ferencesgimnazium.hu\/wp-content\/uploads\/2020\/10\/5-1300x1536.png 1300w, https:\/\/ferencesgimnazium.hu\/wp-content\/uploads\/2020\/10\/5-830x981.png 830w, https:\/\/ferencesgimnazium.hu\/wp-content\/uploads\/2020\/10\/5-230x272.png 230w, https:\/\/ferencesgimnazium.hu\/wp-content\/uploads\/2020\/10\/5-350x413.png 350w, https:\/\/ferencesgimnazium.hu\/wp-content\/uploads\/2020\/10\/5-480x567.png 480w, https:\/\/ferencesgimnazium.hu\/wp-content\/uploads\/2020\/10\/5.png 1632w\" sizes=\"auto, (max-width: 254px) 100vw, 254px\" \/><\/a>\n\t\t\t<\/div><\/figure>\n\t\t<\/div>\n\n<hr>\n<p><span style=\"font-family: georgia, palatino, serif;\"><strong><span style=\"font-size: 18pt;\">Sz\u00e1nt\u00f3 Konr\u00e1d \u00d6szt\u00f6nd\u00edj<\/span><\/strong><\/span><\/p>\n<p><span style=\"font-family: georgia, palatino, serif;\">A szentendrei Ferences Gimn\u00e1zium t\u00f6rt\u00e9nelmi munkak\u00f6z\u00f6ss\u00e9g\u00e9nek tan\u00e1rai az iskola egykori tud\u00f3s egyh\u00e1zt\u00f6rt\u00e9n\u00e9sz tan\u00e1r\u00e1nak eml\u00e9k\u00e9re meghirdetik a Sz\u00e1nt\u00f3 Konr\u00e1d t\u00f6rt\u00e9nelmi \u00f6szt\u00f6nd\u00edjat.<\/span><\/p>\n<p><span style=\"text-decoration: underline; font-family: georgia, palatino, serif;\">A p\u00e1ly\u00e1zat kateg\u00f3ri\u00e1i \u00e9s \u00f6sszege:<\/span><\/p>\n<ul style=\"list-style-type: circle;\">\n<li style=\"text-align: justify;\"><span style=\"font-family: georgia, palatino, serif;\">Az \u00f6szt\u00f6nd\u00edjjal azokat a di\u00e1kjainkat szeretn\u00e9nk jutalmazni \u00e9s \u00f6szt\u00f6n\u00f6zni, akik a t\u00f6rt\u00e9nelem tant\u00e1rgyat kiv\u00e1l\u00f3an tanulj\u00e1k, s\u0151t ezen fel\u00fcl az \u00e1tlagosn\u00e1l jobban, a k\u00f6telez\u0151 tananyagot meghalad\u00f3an m\u00e9ly\u00fcltek el a t\u00f6rt\u00e9nelmi ismeretekben.<\/span><\/li>\n<li style=\"text-align: justify;\"><span style=\"font-family: georgia, palatino, serif;\">Az \u00f6szt\u00f6nd\u00edj elb\u00edr\u00e1l\u00e1sakor el\u0151nynek sz\u00e1m\u00edt az egyh\u00e1zt\u00f6rt\u00e9netben val\u00f3 j\u00e1rtass\u00e1g, \u00e9s az e t\u00e1rgyban k\u00e9sz\u00edtett p\u00e1lyamunka.<\/span><\/li>\n<li style=\"text-align: justify;\"><span style=\"font-family: georgia, palatino, serif;\">Az \u00f6szt\u00f6nd\u00edjat a 9-11. \u00e9vfolyamos di\u00e1koknak hirdetj\u00fck meg. \u00c9vente egy, 50 000 Ft \u00e9rt\u00e9k\u0171 d\u00edjat adunk ki, amelyet a d\u00edjazott egy \u00f6sszegben, a tan\u00e9vet z\u00e1r\u00f3 \u00fcnnep\u00e9lyen vesz \u00e1t az iskola igazgat\u00f3j\u00e1t\u00f3l.<\/span><\/li>\n<\/ul>\n<p><span style=\"text-decoration: underline; font-family: georgia, palatino, serif;\">Az \u00f6szt\u00f6nd\u00edjp\u00e1ly\u00e1zat beny\u00fajt\u00e1s\u00e1nak felt\u00e9telei:<\/span><\/p>\n<ul style=\"list-style-type: circle;\">\n<li style=\"text-align: justify;\"><span style=\"font-family: georgia, palatino, serif;\">Legal\u00e1bb j\u00f3 rend\u0171 (4,00-es) tanulm\u00e1nyi \u00e1tlag (az adott f\u00e9l\u00e9v eredm\u00e9nyeit tekintve).<\/span><\/li>\n<li style=\"text-align: justify;\"><span style=\"font-family: georgia, palatino, serif;\">Jeles eredm\u00e9ny t\u00f6rt\u00e9nelem \u00e9s hittan tant\u00e1rgyakb\u00f3l.<\/span><\/li>\n<li style=\"text-align: justify;\"><span style=\"font-family: georgia, palatino, serif;\">Versenydolgozat elk\u00e9sz\u00edt\u00e9se.<\/span><\/li>\n<li style=\"text-align: justify;\"><span style=\"font-family: georgia, palatino, serif;\">Az \u00e9vfolyamszint\u0171 h\u00e1ziversenyen (amennyiben megrendez\u00e9sre ker\u00fcl), illetve a Pest megyei t\u00f6rt\u00e9nelemversenyen val\u00f3 r\u00e9szv\u00e9tel (9-10. \u00e9vf), illetve a katolikus iskol\u00e1k t\u00f6rt\u00e9nelemverseny\u00e9n, illetve b\u00e1rmely t\u00f6rt\u00e9nelmi t\u00e1rgy\u00fa versenyen val\u00f3 r\u00e9szv\u00e9tel, b\u00e1r nem felt\u00e9tele az \u00f6szt\u00f6nd\u00edj elnyer\u00e9s\u00e9nek, az elb\u00edr\u00e1l\u00e1skor az ezeken el\u00e9rt eredm\u00e9nyek jelent\u0151sen befoly\u00e1solj\u00e1k a d\u00f6nt\u00e9st.<\/span><\/li>\n<li style=\"text-align: justify;\"><span style=\"font-family: georgia, palatino, serif;\">Legal\u00e1bb j\u00f3 rend\u0171 magatart\u00e1s \u00e9s szorgalom.<\/span><\/li>\n<\/ul>\n<p><span style=\"text-decoration: underline; font-family: georgia, palatino, serif;\">Az \u00f6szt\u00f6nd\u00edjp\u00e1ly\u00e1zat beny\u00fajt\u00e1s\u00e1nak m\u00f3dja:<\/span><\/p>\n<ul style=\"list-style-type: circle;\">\n<li style=\"text-align: justify;\"><span style=\"font-family: georgia, palatino, serif;\">A p\u00e1ly\u00e1zatot az erre szolg\u00e1l\u00f3 p\u00e1ly\u00e1zati \u0171rlapon lehet beny\u00fajtani, a&nbsp;t\u00f6rt\u00e9nelem munkak\u00f6z\u00f6ss\u00e9g-vezet\u0151t\u0151l lehet ig\u00e9nyelni \u00e9s neki leadni.<\/span><\/li>\n<li style=\"text-align: justify;\"><strong><span style=\"font-family: georgia, palatino, serif;\">A beny\u00fajt\u00e1s hat\u00e1rideje: minden \u00e9v \u00e1prilis 1.<\/span><\/strong><\/li>\n<li style=\"text-align: justify;\"><span style=\"font-family: georgia, palatino, serif;\">A p\u00e1ly\u00e1z\u00f3k a p\u00e1ly\u00e1zati lap lead\u00e1sakor adj\u00e1k le az \u00e1ltaluk meg\u00edrt versenydolgozatot \u00e9s az azt bemutat\u00f3 prezent\u00e1ci\u00f3t, melyet szaktan\u00e1ruk seg\u00edts\u00e9g\u00e9vel k\u00e9sz\u00edtenek el.<\/span><\/li>\n<li style=\"text-align: justify;\"><span style=\"font-family: georgia, palatino, serif;\">E dolgozat eredm\u00e9nyei, a sikeres v\u00e9d\u00e9s, valamint a felt\u00e9telekben meghirdetett t\u00f6rt\u00e9nelemversenyek eredm\u00e9nyei alapj\u00e1n hirdet\u00fcnk gy\u0151ztest. A versenydolgozat a KPSZTI \u00e1ltal ki\u00edrt t\u00f6rt\u00e9nelem, esetleg hittan (amennyiben egyh\u00e1zt\u00f6rt\u00e9nelmi t\u00e1rgy\u00fa) p\u00e1ly\u00e1zatokra meg\u00edrt dolgozat. Minden esetben sz\u00fcks\u00e9ges az el\u0151zetes egyeztet\u00e9s a szaktan\u00e1rral. A dolgozatok \u00e9s prezent\u00e1ci\u00f3k bemutat\u00e1sa \u00e9s v\u00e9d\u00e9se minden di\u00e1k \u00e9s tan\u00e1r sz\u00e1m\u00e1ra nyilv\u00e1nos.<\/span><\/li>\n<\/ul>\n<hr>\n<p><span style=\"font-size: 18pt; font-family: georgia, palatino, serif;\"><strong>Ferences Tanulm\u00e1nyi \u00d6szt\u00f6nd\u00edj<\/strong><\/span><\/p>\n<p style=\"text-align: justify;\"><span style=\"font-family: georgia, palatino, serif;\">A MOL Energiakeresked\u0151 Zrt. j\u00f3volt\u00e1b\u00f3l alap\u00edtott \u00f6szt\u00f6nd\u00edj els\u0151dleges c\u00e9lja a ferences iskol\u00e1kban tanul\u00f3 tehets\u00e9ges di\u00e1kok t\u00e1mogat\u00e1sa, de c\u00e9lja azokat is seg\u00edteni, akik szeretn\u00e9nek felz\u00e1rk\u00f3zni.<\/span><\/p>\n<p style=\"text-align: justify;\"><span style=\"font-family: georgia, palatino, serif;\">A tehets\u00e9ggondoz\u00f3 porgramban 9. &#8211; 12. oszt\u00e1lyos di\u00e1kok vesznek r\u00e9szt. \u0150k a gondos kiv\u00e1laszt\u00e1s, tehets\u00e9gazonos\u00edt\u00e1s ut\u00e1n az \u00e1ltaluk v\u00e1lasztott k\u00e9t tant\u00e1rgyb\u00f3l egy \u00e9ven \u00e1t kapnak heti egy-egy \u00f3ra felk\u00e9sz\u00edt\u00e9st.<\/span><\/p>\n<p style=\"text-align: justify;\"><span style=\"font-family: georgia, palatino, serif;\">A nyertes p\u00e1ly\u00e1z\u00f3k maguk v\u00e1laszthatj\u00e1k ki mentoraikat saj\u00e1t tan\u00e1raik k\u00f6z\u00fcl. T\u00e1mogatjuk nyelvtud\u00e1suk t\u00f6k\u00e9letes\u00edt\u00e9s\u00e9t, szem\u00e9lyis\u00e9g\u00fcket fejleszt\u0151, hasznos ny\u00e1ri programjaik megval\u00f3s\u00edt\u00e1s\u00e1t. A kiv\u00e1lasztott di\u00e1kok havi \u00f6szt\u00f6nd\u00edjban r\u00e9szes\u00fclnek. Kiemelked\u0151 tanulm\u00e1nyi eredm\u00e9nyek mellett k\u00f6z\u00f6ss\u00e9gi munk\u00e1t, m\u00e1sok\u00e9rt v\u00e1llalt szolg\u00e1latot is elv\u00e1runk t\u0151l\u00fck.<\/span><br \/>\n<span style=\"font-family: georgia, palatino, serif;\">A felz\u00e1rk\u00f3ztat\u00e1st 10. \u00e9s 11. oszt\u00e1lyosok p\u00e1ly\u00e1zhatj\u00e1k meg. \u0150k szint\u00e9n mentortan\u00e1r seg\u00edts\u00e9g\u00e9t ig\u00e9nyelhetik egy \u00e1ltaluk v\u00e1lasztott t\u00e1rgyb\u00f3l, valamint \u00f6szt\u00f6nd\u00edjat kapnak.<\/span><br \/>\n<span style=\"font-family: georgia, palatino, serif;\">Abban hisz\u00fcnk, hogy elhivatott tan\u00e1raink k\u00e9pz\u00e9s\u00e9vel \u00e9s anyagi t\u00e1mogat\u00e1s\u00e1val sok di\u00e1kunk sz\u00e1m\u00e1ra tudunk olyan inspir\u00e1l\u00f3 k\u00f6rnyezetet teremteni, amelyben tehets\u00e9g\u00e9t kibontakoztathatja.<\/span><\/p>\n<p><span style=\"font-family: georgia, palatino, serif;\"><em>Tov\u00e1bbi inform\u00e1ci\u00f3k\u00e9rt az al\u00e1bbi c\u00edmeken lehet \u00e9rdekl\u0151dni:<\/em><\/span><br \/>\n<span style=\"font-family: georgia, palatino, serif;\">Honlap: <a href=\"https:\/\/www.ferencesosztondij.hu\/\" target=\"_blank\" rel=\"noopener noreferrer\">https:\/\/www.ferencesosztondij.hu\/<\/a><\/span><br \/>\n<span style=\"font-family: georgia, palatino, serif;\">E-mail: foa@ferencesek.hu<\/span><\/p>\n<hr>\n<p><span style=\"font-family: georgia, palatino, serif;\"><strong><span style=\"font-size: 18pt;\">Szendi Fl\u00f3ri\u00e1n \u00f6szt\u00f6nd\u00edj<\/span><\/strong><\/span><\/p>\n<p><span style=\"font-family: georgia, palatino, serif;\">A term\u00e9szettudom\u00e1nyi munkak\u00f6z\u00f6ss\u00e9g iskol\u00e1nk legend\u00e1s h\u00edr\u0171 tan\u00e1ra eml\u00e9k\u00e9re meghirdeti a Szendi Fl\u00f3ri\u00e1n \u00f6szt\u00f6nd\u00edjat. Az \u00f6szt\u00f6nd\u00edj azon di\u00e1kok jutalmaz\u00e1s\u00e1ra szolg\u00e1l, akik a biol\u00f3gia, k\u00e9mia \u00e9s f\u00f6ldrajz tant\u00e1rgyakat kiv\u00e1l\u00f3an tanulj\u00e1k, \u00e9s ezen fel\u00fcl az \u00e1tlagosn\u00e1l jobban, a k\u00f6telez\u0151 tananyagot meghalad\u00f3 m\u00e9rt\u00e9kben elm\u00e9ly\u00fcltek a term\u00e9szettudom\u00e1nyos ismeretekben.<\/span><\/p>\n<p><span style=\"text-decoration: underline; font-family: georgia, palatino, serif;\">A p\u00e1ly\u00e1zat kateg\u00f3ri\u00e1i \u00e9s \u00f6sszege:<\/span><\/p>\n<ul style=\"list-style-type: circle;\">\n<li><span style=\"font-family: georgia, palatino, serif;\">Az \u00f6szt\u00f6nd\u00edjat k\u00e9t kateg\u00f3ri\u00e1ban (8-9. \u00e9s 10-11. \u00e9vfolyam) hirdetj\u00fck meg.<\/span><\/li>\n<li><span style=\"font-family: georgia, palatino, serif;\">\u00c9vente \u00e9s kateg\u00f3ri\u00e1nk\u00e9nt egy-egy, 50 000 Ft \u00e9rt\u00e9k\u0171 d\u00edjat adunk ki, amelyet a d\u00edjazott egy \u00f6sszegben, a tan\u00e9vz\u00e1r\u00f3 \u00fcnneps\u00e9gen vesz \u00e1t az iskola igazgat\u00f3j\u00e1t\u00f3l.<\/span><\/li>\n<\/ul>\n<p><span style=\"text-decoration: underline; font-family: georgia, palatino, serif;\">A p\u00e1ly\u00e1z\u00f3k k\u00f6re:<\/span><\/p>\n<ul style=\"list-style-type: circle;\">\n<li><span style=\"font-family: georgia, palatino, serif;\">Az \u00f6szt\u00f6nd\u00edjp\u00e1ly\u00e1zat beny\u00fajt\u00e1s\u00e1nak felt\u00e9telei (az el\u0151z\u0151 \u00e9v v\u00e9gi eredm\u00e9nyeit tekintve): legal\u00e1bb j\u00f3 (4,00-es) tanulm\u00e1nyi \u00e1tlag;<\/span><br \/>\n<span style=\"font-family: georgia, palatino, serif;\">jeles eredm\u00e9ny biol\u00f3gia, k\u00e9mia \u00e9s f\u00f6ldrajz tant\u00e1rgyakb\u00f3l;<\/span><br \/>\n<span style=\"font-family: georgia, palatino, serif;\">p\u00e9ld\u00e1s magatart\u00e1s \u00e9s szorgalom.<\/span><\/li>\n<\/ul>\n<p><span style=\"text-decoration: underline; font-family: georgia, palatino, serif;\">A p\u00e1ly\u00e1zat m\u00f3dja:<\/span><\/p>\n<ul style=\"list-style-type: circle;\">\n<li><span style=\"font-family: georgia, palatino, serif;\">A p\u00e1ly\u00e1zatot az erre szolg\u00e1l\u00f3 \u0171rlapon lehet beny\u00fajtani, amit a&nbsp;term\u00e9szettudom\u00e1nyos munkak\u00f6z\u00f6ss\u00e9g-vezet\u0151t\u0151l lehet k\u00e9rni, \u00e9s neki kell leadni.<\/span><\/li>\n<\/ul>\n<p><span style=\"text-decoration: underline; font-family: georgia, palatino, serif;\">A beny\u00fajt\u00e1s hat\u00e1rideje:<\/span><\/p>\n<ul style=\"list-style-type: circle;\">\n<li><span style=\"font-family: georgia, palatino, serif;\"><strong>Minden \u00e9v szeptember\u00e9nek utols\u00f3 p\u00e9ntekje.<\/strong> A p\u00e1ly\u00e1z\u00f3k a p\u00e1ly\u00e1zati lap lead\u00e1sakor megkapj\u00e1k azon k\u00f6nyvek list\u00e1j\u00e1t, amelyekb\u0151l a d\u00f6nt\u0151 verseny sz\u00f3beli k\u00e9rd\u00e9seit v\u00e1logatjuk. A k\u00e9rd\u00e9sek nem az \u00e1ltal\u00e1nos tananyaghoz tartoznak, hanem ink\u00e1bb az azon t\u00fali \u00e9rdekess\u00e9geket \u00f6lelik fel. A d\u00f6nt\u0151 versenyt az iskolai ny\u00edlt napon tartjuk. A k\u00e9t kateg\u00f3ri\u00e1ban egy-egy gy\u0151ztest hirdet\u00fcnk ki, akik egyben az \u00f6szt\u00f6nd\u00edj nyertesei is.<\/span><\/li>\n<\/ul>\n<hr>\n<p><span style=\"font-size: 18pt; font-family: georgia, palatino, serif;\"><strong>Duns Scotus J\u00e1nos d\u00edj<\/strong><\/span><\/p>\n<p><span style=\"font-family: georgia, palatino, serif;\">Iskol\u00e1nk, a szentendrei Ferences Gimn\u00e1zium matematika &#8211; fizika &#8211; informatika munkak\u00f6z\u00f6ss\u00e9ge a 2012-13-as tan\u00e9vt\u0151l kezd\u0151d\u0151en meghirdeti a Duns Scotus J\u00e1nos d\u00edjat.<\/span><\/p>\n<p><span style=\"text-decoration: underline; font-family: georgia, palatino, serif;\">A n\u00e9vad\u00f3:<\/span><\/p>\n<ul style=\"list-style-type: circle;\">\n<li><span style=\"font-family: georgia, palatino, serif;\">John Duns Scotus ferences szerzetes. Oxfordban tanult, ahol csakhamar annyira kit\u0171nt, hogy amikor tan\u00e1ra P\u00e1rizsba ment, \u0151 helyettes\u00edtette a filoz\u00f3fia tan\u00edt\u00e1s\u00e1ban. 1307-ben teol\u00f3giai doktorr\u00e1 avatt\u00e1k P\u00e1rizsban, ahol m\u00e9g ugyanabban az \u00e9vben tan\u00edtani kezdett. N\u00e9h\u00e1ny h\u00f3nappal k\u00e9s\u0151bb K\u00f6lnbe ment, ahol nemsok\u00e1ra meghalt.<\/span><\/li>\n<\/ul>\n<p><span style=\"font-family: georgia, palatino, serif;\">Ezt minden tan\u00e9vben az a v\u00e9gz\u0151s di\u00e1kunk nyerheti el, aki az itt t\u00f6lt\u00f6tt \u00e9vek sor\u00e1n a matematika, fizika \u00e9s informatika tudom\u00e1nyok m\u0171vel\u00e9s\u00e9ben \u00e9vfolyam\u00e1ban legink\u00e1bb jeleskedett. A d\u00edjat a szaktan\u00e1rok javaslatai alapj\u00e1n munkak\u00f6z\u00f6ss\u00e9g\u00fcnk \u00edt\u00e9li oda. A d\u00edjat a d\u00edjazott a ballag\u00e1si \u00fcnneps\u00e9g keret\u00e9ben veszi \u00e1t az iskola igazgat\u00f3j\u00e1t\u00f3l.<\/span><\/p>\n","protected":false},"excerpt":{"rendered":"<p>Hein Jen\u0151 d\u00edj A szentendrei Ferences Gimn\u00e1zium tan\u00e1rai r\u00e9sz\u00e9re A d\u00edj c\u00e9lja a kereszt\u00e9ny pedag\u00f3gus hivat\u00e1s eszm\u00e9ny\u00e9nek elm\u00e9ly\u00edt\u00e9se, \u00e1pol\u00e1sa, jelent\u0151s\u00e9g\u00e9nek [&hellip;]<\/p>\n","protected":false},"author":2,"featured_media":0,"parent":0,"menu_order":0,"comment_status":"closed","ping_status":"closed","template":"","meta":{"ngg_post_thumbnail":0,"footnotes":""},"class_list":["post-1258","page","type-page","status-publish","hentry"],"_links":{"self":[{"href":"https:\/\/ferencesgimnazium.hu\/index.php\/wp-json\/wp\/v2\/pages\/1258","targetHints":{"allow":["GET"]}}],"collection":[{"href":"https:\/\/ferencesgimnazium.hu\/index.php\/wp-json\/wp\/v2\/pages"}],"about":[{"href":"https:\/\/ferencesgimnazium.hu\/index.php\/wp-json\/wp\/v2\/types\/page"}],"author":[{"embeddable":true,"href":"https:\/\/ferencesgimnazium.hu\/index.php\/wp-json\/wp\/v2\/users\/2"}],"replies":[{"embeddable":true,"href":"https:\/\/ferencesgimnazium.hu\/index.php\/wp-json\/wp\/v2\/comments?post=1258"}],"version-history":[{"count":5,"href":"https:\/\/ferencesgimnazium.hu\/index.php\/wp-json\/wp\/v2\/pages\/1258\/revisions"}],"predecessor-version":[{"id":3283,"href":"https:\/\/ferencesgimnazium.hu\/index.php\/wp-json\/wp\/v2\/pages\/1258\/revisions\/3283"}],"wp:attachment":[{"href":"https:\/\/ferencesgimnazium.hu\/index.php\/wp-json\/wp\/v2\/media?parent=1258"}],"curies":[{"name":"wp","href":"https:\/\/api.w.org\/{rel}","templated":true}]}}